{"id":3479,"date":"2025-02-19T11:24:27","date_gmt":"2025-02-19T10:24:27","guid":{"rendered":"https:\/\/www.camping-aix-en-provence.com\/que-faire-a-aix-en-provence\/"},"modified":"2025-03-18T16:23:32","modified_gmt":"2025-03-18T15:23:32","slug":"unternehmungen-in-aix-en-provence","status":"publish","type":"page","link":"https:\/\/www.camping-aix-en-provence.com\/de\/unternehmungen-in-aix-en-provence\/","title":{"rendered":"Unternehmungen in Aix-en-Provence"},"content":{"rendered":"<div class=\"wpb-content-wrapper\"><p>[vc_row css=&#8220;.vc_custom_1732010729614{margin-left: -0.5px !important;background-color: #E84E1B33 !important;}&#8220;][vc_column][vc_empty_space]<div class=\"wrappedcontent\">[vc_column_text css=&#8220;&#8220;]<\/p>\n<h1 style=\"text-align: center;\"><strong>Unternehmungen in Aix-en-Provence<\/strong><\/h1>\n<p style=\"text-align: center;\"><span style=\"font-size: 14pt;\">Aix-en-Provence, eine charaktervolle Stadt in S\u00fcdfrankreich, besticht durch ein gro\u00dfes Kulturerbe, eine typisch provenzalische Ausstrahlung und einzigartige Naturlandschaften. Mit renommierten Festivals, historischen Stadtvierteln, prestigetr\u00e4chtigen Museen und Ausflugsm\u00f6glichkeiten in die Natur bietet die Stadt viele Aktivit\u00e4ten f\u00fcr jeden Geschmack. Entdecken Sie die Veranstaltungen, die markanten Sehensw\u00fcrdigkeiten und die Highlights, die Sie w\u00e4hrend Ihres Aufenthaltes in Aix-en-Provence nicht verpassen sollten.<br \/>\n<\/span><\/p>\n<p>[\/vc_column_text]<div class=\"text-center btnwrap\"><a class=\"btn btn-huttopia-cta\" href=\"https:\/\/checkout.citykamp.com\/965\/de\/\" role=\"button\" target=\"true\" onclick=\"dataLayer.push({'event':'clickCity', 'clickText':'Ich buche meinen Aufenthalt'})\">Ich buche meinen Aufenthalt<\/a><\/div><\/div>[\/vc_column][\/vc_row][vc_row css=&#8220;.vc_custom_1732010733748{margin-left: -0.5px !important;}&#8220;][vc_column]<div class=\"wrappedcontent\">[vc_column_text css=&#8220;&#8220;]<\/p>\n<h2 style=\"text-align: center;\"><strong>Besuche und Besichtigungen in Aix-en-Provence Sehensw\u00fcrdigkeiten, Museen und markante Orte<\/strong><\/h2>\n<p>[\/vc_column_text][vc_empty_space][vc_row_inner gap=&#8220;35&#8243; css=&#8220;.vc_custom_1715759523796{margin-left: -0.5px !important;}&#8220;][vc_column_inner width=&#8220;1\/2&#8243;][vc_single_image image=&#8220;733&#8243; img_size=&#8220;large&#8220; css=&#8220;&#8220;][vc_empty_space][vc_column_text css=&#8220;&#8220;]<\/p>\n<p style=\"text-align: center;\"><span style=\"font-size: 14pt;\"><strong>De oude stad<\/strong><\/span><\/p>\n<p style=\"text-align: center;\">Slenter door de kronkelende straatjes langs oude huizen met gekleurde gevels en geniet van het charmante en authentieke Proven\u00e7aalse sfeertje. Bewonder de talrijke herenhuizen, overblijfselen uit de tijd dat Aix de provinciehoofdstad van de Provence was en ontdek de vele pittoreske pleintjes die de wijk rijk is. Bezoek de wijk Mazarin, de kathedraal Saint-Sauveur.<\/p>\n<p>[\/vc_column_text][\/vc_column_inner][vc_column_inner width=&#8220;1\/2&#8243;][vc_single_image image=&#8220;734&#8243; img_size=&#8220;large&#8220; css=&#8220;&#8220;][vc_empty_space][vc_column_text css=&#8220;&#8220;]<\/p>\n<p style=\"text-align: center;\"><span style=\"font-size: 14pt;\"><strong>Cours Mirabeau: historisch en bruisend hart van Aix-en-Provence<\/strong><\/span><\/p>\n<p style=\"text-align: center;\">De Cours Mirabeau is ontstaan in de 17de eeuw en heeft de geschiedenis van de stad voorbij zien trekken. Ritjes in een koets, culturele evenementen\u2026 deze straat is altijd het theater geweest van het leven in Aix-en-Provence. Zelfs vandaag de dag is deze symbolische plaats nog steeds levendig dankzij de caf\u00e9s en fonteinen die onder de eeuwenoude platanen de Proven\u00e7aalse levenskunst vertegenwoordigen.<\/p>\n<p>[\/vc_column_text][\/vc_column_inner][\/vc_row_inner][vc_row_inner gap=&#8220;35&#8243; css=&#8220;.vc_custom_1715759523796{margin-left: -0.5px !important;}&#8220;][vc_column_inner width=&#8220;1\/2&#8243;][vc_single_image image=&#8220;735&#8243; img_size=&#8220;large&#8220; css=&#8220;&#8220;][vc_empty_space][vc_column_text css=&#8220;&#8220;]<\/p>\n<p style=\"text-align: center;\"><span style=\"font-size: 14pt;\"><strong>Het atelier van C\u00e9zanne<\/strong><\/span><\/p>\n<p style=\"text-align: center;\">Aix-en-Provence was de geboortestad van de beroemde post-impressionistische schilder Paul C\u00e9zanne. Zijn aanwezigheid is in de hele stad nog steeds goed te voelen. Bezoek het Atelier van C\u00e9zanne voor een intieme kijk op het leven van de kunstenaar en zijn creatieve proces. Bewonder zijn kunstwerken in het Mus\u00e9e Granet en treed in zijn voetsporen tijdens de wandeling &#8222;In de voetsporen van C\u00e9zanne&#8220;.<\/p>\n<p>[\/vc_column_text][\/vc_column_inner][vc_column_inner width=&#8220;1\/2&#8243;][vc_single_image image=&#8220;3407&#8243; img_size=&#8220;large&#8220; css=&#8220;&#8220;][vc_empty_space][vc_column_text css=&#8220;&#8220;]<\/p>\n<p style=\"text-align: center;\"><span style=\"font-size: 14pt;\"><strong>De bastide Jas de Bouffan: het familiehuis van C\u00e9zanne<\/strong><\/span><\/p>\n<p style=\"text-align: center;\">De bastide Jas de Bouffan, het voormalige huis van Paul C\u00e9zanne in Aix-en-Provence, wordt vanaf de zomer van 2025 geleidelijk heropend. De eerste gerestaureerde kamers, waaronder zijn atelier, de keuken en de slaapkamer van Madame C\u00e9zanne, evenals een meeslepende wandeling in het park, zullen bezoekers in staat stellen om de erfenis van de vader van de moderne kunst te ontdekken.<\/p>\n<p>[\/vc_column_text][\/vc_column_inner][\/vc_row_inner][vc_row_inner gap=&#8220;35&#8243; css=&#8220;.vc_custom_1715759523796{margin-left: -0.5px !important;}&#8220;][vc_column_inner width=&#8220;1\/2&#8243;][vc_single_image image=&#8220;736&#8243; img_size=&#8220;large&#8220; css=&#8220;&#8220;][vc_empty_space][vc_column_text css=&#8220;&#8220;]<\/p>\n<p style=\"text-align: center;\"><span style=\"font-size: 14pt;\"><strong>Mus\u00e9e Granet: een van de mooiste musea van Frankrijk<\/strong><\/span><\/p>\n<p style=\"text-align: center;\">Het Mus\u00e9e Granet is een goudmijn voor liefhebbers van kunst en geschiedenis. Op \u00e9\u00e9n en dezelfde plaats kunt u de artistieke ontwikkeling van Europa volgen en u vergapen aan de kunstwerken van de beroemdste kunstenaars. Renoir, Monet, Van Gogh, Degas, Redon, Bonnard, Rouault, Picasso, Braque, Dufy, Laurens, L\u00e9ger, Klee, Bissi\u00e8re, de Sta\u00ebl of Dubuffet, enzovoort. Een niet te missen bezoek voor alle liefhebbers van kunst en geschiedenis. Andere musea: het museum van Vasarely, gewijd aan het werk van Victor Vasarely. Het museum van wandtapijten<\/p>\n<p>[\/vc_column_text][\/vc_column_inner][vc_column_inner width=&#8220;1\/2&#8243;][vc_single_image image=&#8220;3413&#8243; img_size=&#8220;large&#8220; css=&#8220;&#8220;][vc_empty_space][vc_column_text css=&#8220;&#8220;]<\/p>\n<p style=\"text-align: center;\"><span style=\"font-size: 14pt;\"><strong>H\u00f4tel de Caumont<\/strong><\/span><\/p>\n<p style=\"text-align: center;\">Het H\u00f4tel de Caumont in Aix-en-Provence is een prachtig achttiende-eeuws herenhuis in een elegante en verfijnde omgeving. Het herbergt een centrum voor hedendaagse kunst, waar tijdelijke tentoonstellingen worden gehouden, en een formele tuin. Dit historische hotel nodigt je uit om kunst en architectuur te ontdekken op een plek vol geschiedenis.<\/p>\n<p>[\/vc_column_text][\/vc_column_inner][\/vc_row_inner][vc_row_inner gap=&#8220;35&#8243; css=&#8220;.vc_custom_1715759523796{margin-left: -0.5px !important;}&#8220;][vc_column_inner width=&#8220;1\/2&#8243;][vc_single_image image=&#8220;737&#8243; img_size=&#8220;large&#8220; css=&#8220;&#8220;][vc_empty_space][vc_column_text css=&#8220;&#8220;]<\/p>\n<p style=\"text-align: center;\"><span style=\"font-size: 14pt;\"><strong>Pavillon de Vend\u00f4me<\/strong><\/span><\/p>\n<p style=\"text-align: center;\">Op een steenworp afstand van de kathedraal van Aix ligt het Pavillon de Vend\u00f4me in een weelderig groene omgeving vol geschiedenis. De Franse tuin en de antieke meubelen brengen u terug naar het verleden. In het Pavillon dat onder de Franse monumentenzorg valt, bevinden zich portretten van de vermaarde personen die er gewoond hebben. Sinds 1990 hebben zowel moderne als hedendaagse kunst hier hun plaats gevonden waardoor het Pavillon een must is geworden voor liefhebbers van kunst en kalmte.<\/p>\n<p>[\/vc_column_text][\/vc_column_inner][vc_column_inner width=&#8220;1\/2&#8243;][vc_single_image image=&#8220;738&#8243; img_size=&#8220;large&#8220; css=&#8220;&#8220;][vc_empty_space][vc_column_text css=&#8220;&#8220;]<\/p>\n<p style=\"text-align: center;\"><span style=\"font-size: 14pt;\"><strong>De stad der duizend fonteinen<\/strong><\/span><\/p>\n<p style=\"text-align: center;\">Aix-en-Provence wordt ook wel de \u2018Stad der duizend fonteinen\u2019 genoemd, ofwel de \u2018Stad van het water\u2019 met een ware schat van meer dan 250 openbare en priv\u00e9fonteinen verspreid over het historische stadscentrum, een van de grootste concentraties van heel Europa. De fontein van de Rotonde, van de vier dolfijnen, van koning Ren\u00e9, van Albertas of van de thermen Sextius zijn juweeltjes van architectuur die het historische stadscentrum van Aix-en-Provence opluisteren.<\/p>\n<p>[\/vc_column_text][\/vc_column_inner][\/vc_row_inner][vc_empty_space][vc_column_text css=&#8220;&#8220;]<\/p>\n<h2 style=\"text-align: center;\"><strong>Veranstaltungen in Aix-en-Provence: Lohnenswerte Festivals, Kultur- und Sportevents<\/strong><\/h2>\n<p>[\/vc_column_text][vc_empty_space][vc_row_inner gap=&#8220;35&#8243; css=&#8220;.vc_custom_1732010622878{margin-left: -0.5px !important;}&#8220;][vc_column_inner width=&#8220;1\/3&#8243;][vc_single_image image=&#8220;746&#8243; img_size=&#8220;large&#8220; css=&#8220;&#8220;][\/vc_column_inner][vc_column_inner width=&#8220;2\/3&#8243;][vc_column_text css=&#8220;&#8220;]<strong>De Biennale van Aix:<\/strong>\u00a0lente \u2013 herfst. Het kenmerkende van dit belangrijke culturele evenement is dat het een co-constructie is met andere lokale en regionale culturele organisaties. Er wordt een multidisciplinair programma aangeboden dat hedendaagse creaties ondersteunt. In de stad worden grootschalige bijeenkomsten georganiseerd waar het publiek gezamenlijk uitzonderlijke momenten kan beleven. Het bevordert de artistieke initiatieven van de wijken en dorpen rond de stad en organiseert participatieve projecten die de inwoners in aanraking brengen met cultuur.<\/p>\n<p><strong>Ironman Aix-en-Provence:<\/strong>\u00a018 mei 2025. De Ironman-triatlon van Aix-en-Provence is een lange-afstandstriatlon die in mei wordt georganiseerd. Hij bestaat uit 3,8 km zwemmen in het meer van Peyrolles, 180 km fietsen door de Provence en een marathon van 42,195 km rond Aix-en-Provence. Op dit evenement komen sporters uit de hele wereld af. Het is een belangrijke sportieve uitdaging in een opmerkelijke, natuurlijke omgeving.<\/p>\n<p><strong>Festival van Aix-en-Provence:<\/strong>\u00a04 tot 21 juli 2025. Operaproducties, vroege werken en beroemde opera\u2019s van Mozart, hedendaagse creaties, herontdekkingen van meesterwerken uit de barok, kameropera\u2019s en niet te vergeten, uitzonderlijke artiesten.<\/p>\n<p><strong>\u00a0<\/strong>[\/vc_column_text][\/vc_column_inner][\/vc_row_inner][vc_column_text css=&#8220;&#8220;]<strong>Les nuits d\u2019Aix, nachtelijke markt: juli en augustus.<\/strong><br \/>\nDeze ambachtelijke nachtmarkt is een echte must van het zomerseizoen van Aix-en-Provence. Elke avond zijn er voor de inwoners en vakantiegangers producten met verschillende thema\u2019s: glas, aardewerk, geurproducten, zeep, kaarsen, decoratie, sieraden, accessoires voor vrouwen, mannen en kinderen, maar ook lekkernijen zoals gibassiers, madeleines, peperkoek, calissons, enzovoort.<\/p>\n<p><strong>Delta Festival: van 3 tot 7 september 2025.<\/strong><br \/>\nMuziekfestival in Marseille.<\/p>\n<p><strong>Festival Super Moustache in Aix-en-Provence: Zaterdag 13 september.<br \/>\n<\/strong>Muziekfestival met verschillende bekende plaatselijke artiesten<\/p>\n<p><strong>\u00a0<\/strong>[\/vc_column_text][vc_empty_space][vc_column_text css=&#8220;&#8220;]<\/p>\n<h2 style=\"text-align: center;\"><strong>Wandern und Natur: Erkunden Sie das Gebirge Sainte-Victoire ab Aix-en-Provence<\/strong><\/h2>\n<p>[\/vc_column_text][vc_empty_space][vc_row_inner gap=&#8220;35&#8243; css=&#8220;.vc_custom_1715759523796{margin-left: -0.5px !important;}&#8220;][vc_column_inner width=&#8220;1\/2&#8243;][vc_images_carousel images=&#8220;748,747&#8243; img_size=&#8220;600&#215;500&#8243; onclick=&#8220;link_no&#8220; wrap=&#8220;yes&#8220;][\/vc_column_inner][vc_column_inner width=&#8220;1\/2&#8243;][vc_column_text css=&#8220;&#8220;]<\/p>\n<p style=\"text-align: left;\">Das weit \u00fcber die provenzalische Landschaft hinausragende Gebirge Sainte-Victoire ist ein Wahrzeichen der Region und wurde vom Maler Paul C\u00e9zanne verewigt. Es liegt \u00f6stlich von Aix-en-Provence, ist 1.011 Meter hoch und bietet einzigartige Panoramablicke auf die Provence. Das Massiv steckt voller Geschichte, beherbergt die Einsiedelei Saint-Ser, ein in den Fels eingelassener Wallfahrtsort, sowie zahlreiche \u00dcberreste aus vergangenen Zeiten.<\/p>\n<p style=\"text-align: left;\">Das Gebirge Sainte-Victoire liegt nur 15 km vom Campingplatz entfernt und ist einfach zu erreichen. Von oben haben Sie einen wundersch\u00f6nen Blick auf die umliegende Landschaft. Sie k\u00f6nnen bis zum Gipfel wandern, oder aber den Shuttlebus nehmen.<br \/>\nMehrere Wanderrouten aller Schwierigkeitsgrade f\u00fchren ab dem Campingplatz zum Gebirge Sainte-Victoire. Ob einfacher Spazierg\u00e4nger oder erfahrener Wanderer, alle kommen auf ihre Kosten.<\/p>\n<p style=\"text-align: left;\">Pinienw\u00e4lder, Felsk\u00e4mme und herrliche Aussichtspunkten mit Blick \u00fcber das Tal lassen Sie in die Landschaft, die Natur und die Kultur der Provence eintauchen.<\/p>\n<p>[\/vc_column_text][\/vc_column_inner][\/vc_row_inner]<\/div>[\/vc_column][\/vc_row][vc_row css=&#8220;.vc_custom_1739961643315{background-color: #F4F4F4 !important;}&#8220;][vc_column]<div class=\"wrappedcontent\">[vc_row_inner gap=&#8220;35&#8243; css=&#8220;.vc_custom_1715762324055{margin-left: -0.5px !important;}&#8220;][vc_column_inner width=&#8220;1\/2&#8243;][vc_single_image image=&#8220;749&#8243; img_size=&#8220;large&#8220; css=&#8220;&#8220;][vc_empty_space][vc_column_text css=&#8220;&#8220;]<\/p>\n<p style=\"text-align: center;\"><strong>Streekproducten en gastronomie<\/strong><\/p>\n<p style=\"text-align: center;\">De Provence staat bekend om zijn smakelijke en zonovergoten keuken. Proef de lokale specialiteiten zoals tapenade, aioli, bouillabaisse en calissons. Vergeet niet een bezoek te brengen aan de Proven\u00e7aalse markten om de verse streekproducten te ontdekken. Proef de uitzonderlijke wijnen van het Pays d\u2019Aix-en-Provence: de wijnen van de Provence zijn beroemd. U kunt een van de talrijke wijnlandgoederen van de regio bezoeken om er de wijn te proeven. Coteaux d\u2019Aix-en-Provence, C\u00f4tes de Provence en C\u00f4tes de Provence Sainte-Victoire, Palette en C\u00f4tes du Luberon.<\/p>\n<p>[\/vc_column_text][\/vc_column_inner][vc_column_inner width=&#8220;1\/2&#8243;][vc_single_image image=&#8220;750&#8243; img_size=&#8220;large&#8220; css=&#8220;&#8220;][vc_empty_space][vc_column_text css=&#8220;&#8220;]<\/p>\n<p style=\"text-align: center;\"><strong>Markten<\/strong><\/p>\n<p style=\"text-align: center;\">De markt van Le Tholonet: elke vrijdagochtend<br \/>\nMarkt van Aix-en-Provence: elke dinsdag-, woensdag-, donderdag-, vrijdag- en zaterdagochtend<br \/>\nMarkt van Rousset: elke zondagochtend<br \/>\nMarkt van Saint-Cannat: elke donderdagochtend<\/p>\n<p>[\/vc_column_text][\/vc_column_inner][\/vc_row_inner]<\/div>[\/vc_column][\/vc_row]<\/p>\n<\/div>","protected":false},"excerpt":{"rendered":"<p>[vc_row css=&#8220;.vc_custom_1732010729614{margin-left: -0.5px !important;background-color: #E84E1B33 !important;}&#8220;][vc_column][vc_empty_space][\/vc_column][\/vc_row][vc_row css=&#8220;.vc_custom_1732010733748{margin-left: -0.5px !important;}&#8220;][vc_column][\/vc_column][\/vc_row][vc_row css=&#8220;.vc_custom_1739961643315{background-color: #F4F4F4 !important;}&#8220;][vc_column][\/vc_column][\/vc_row]<\/p>\n","protected":false},"author":48,"featured_media":0,"parent":0,"menu_order":0,"comment_status":"closed","ping_status":"closed","template":"","meta":{"footnotes":""},"class_list":["post-3479","page","type-page","status-publish","hentry"],"yoast_head":"<!-- This site is optimized with the Yoast SEO plugin v25.6 - https:\/\/yoast.com\/wordpress\/plugins\/seo\/ -->\n<title>Unternehmungen in Aix-en-Provence<\/title>\n<meta name=\"description\" content=\"Entdecken Sie die besten Dinge, die Sie in Aix-en-Provence unternehmen k\u00f6nnen: Festivals, Besichtigungen von Denkm\u00e4lern und Museen sowie Wanderungen auf den Berg Sainte-Victoire.\" \/>\n<meta name=\"robots\" content=\"index, follow, max-snippet:-1, max-image-preview:large, max-video-preview:-1\" \/>\n<link rel=\"canonical\" href=\"https:\/\/www.camping-aix-en-provence.com\/de\/unternehmungen-in-aix-en-provence\/\" \/>\n<meta property=\"og:locale\" content=\"de_DE\" \/>\n<meta property=\"og:type\" content=\"article\" \/>\n<meta property=\"og:title\" content=\"Unternehmungen in Aix-en-Provence\" \/>\n<meta property=\"og:description\" content=\"Entdecken Sie die besten Dinge, die Sie in Aix-en-Provence unternehmen k\u00f6nnen: Festivals, Besichtigungen von Denkm\u00e4lern und Museen sowie Wanderungen auf den Berg Sainte-Victoire.\" \/>\n<meta property=\"og:url\" content=\"https:\/\/www.camping-aix-en-provence.com\/de\/unternehmungen-in-aix-en-provence\/\" \/>\n<meta property=\"og:site_name\" content=\"Aix-en-Provence\" \/>\n<meta property=\"article:modified_time\" content=\"2025-03-18T15:23:32+00:00\" \/>\n<meta name=\"twitter:card\" content=\"summary_large_image\" \/>\n<meta name=\"twitter:label1\" content=\"Est. reading time\" \/>\n\t<meta name=\"twitter:data1\" content=\"9 Minuten\" \/>\n<script type=\"application\/ld+json\" class=\"yoast-schema-graph\">{\"@context\":\"https:\/\/schema.org\",\"@graph\":[{\"@type\":\"WebPage\",\"@id\":\"https:\/\/www.camping-aix-en-provence.com\/de\/unternehmungen-in-aix-en-provence\/\",\"url\":\"https:\/\/www.camping-aix-en-provence.com\/de\/unternehmungen-in-aix-en-provence\/\",\"name\":\"Unternehmungen in Aix-en-Provence\",\"isPartOf\":{\"@id\":\"https:\/\/www.camping-aix-en-provence.com\/de\/#website\"},\"datePublished\":\"2025-02-19T10:24:27+00:00\",\"dateModified\":\"2025-03-18T15:23:32+00:00\",\"description\":\"Entdecken Sie die besten Dinge, die Sie in Aix-en-Provence unternehmen k\u00f6nnen: Festivals, Besichtigungen von Denkm\u00e4lern und Museen sowie Wanderungen auf den Berg Sainte-Victoire.\",\"breadcrumb\":{\"@id\":\"https:\/\/www.camping-aix-en-provence.com\/de\/unternehmungen-in-aix-en-provence\/#breadcrumb\"},\"inLanguage\":\"de-DE\",\"potentialAction\":[{\"@type\":\"ReadAction\",\"target\":[\"https:\/\/www.camping-aix-en-provence.com\/de\/unternehmungen-in-aix-en-provence\/\"]}]},{\"@type\":\"BreadcrumbList\",\"@id\":\"https:\/\/www.camping-aix-en-provence.com\/de\/unternehmungen-in-aix-en-provence\/#breadcrumb\",\"itemListElement\":[{\"@type\":\"ListItem\",\"position\":1,\"name\":\"Home\",\"item\":\"https:\/\/www.camping-aix-en-provence.com\/de\/\"},{\"@type\":\"ListItem\",\"position\":2,\"name\":\"Unternehmungen in Aix-en-Provence\"}]},{\"@type\":\"WebSite\",\"@id\":\"https:\/\/www.camping-aix-en-provence.com\/de\/#website\",\"url\":\"https:\/\/www.camping-aix-en-provence.com\/de\/\",\"name\":\"Aix-en-Provence\",\"description\":\"\",\"potentialAction\":[{\"@type\":\"SearchAction\",\"target\":{\"@type\":\"EntryPoint\",\"urlTemplate\":\"https:\/\/www.camping-aix-en-provence.com\/de\/?s={search_term_string}\"},\"query-input\":{\"@type\":\"PropertyValueSpecification\",\"valueRequired\":true,\"valueName\":\"search_term_string\"}}],\"inLanguage\":\"de-DE\"}]}<\/script>\n<!-- \/ Yoast SEO plugin. -->","yoast_head_json":{"title":"Unternehmungen in Aix-en-Provence","description":"Entdecken Sie die besten Dinge, die Sie in Aix-en-Provence unternehmen k\u00f6nnen: Festivals, Besichtigungen von Denkm\u00e4lern und Museen sowie Wanderungen auf den Berg Sainte-Victoire.","robots":{"index":"index","follow":"follow","max-snippet":"max-snippet:-1","max-image-preview":"max-image-preview:large","max-video-preview":"max-video-preview:-1"},"canonical":"https:\/\/www.camping-aix-en-provence.com\/de\/unternehmungen-in-aix-en-provence\/","og_locale":"de_DE","og_type":"article","og_title":"Unternehmungen in Aix-en-Provence","og_description":"Entdecken Sie die besten Dinge, die Sie in Aix-en-Provence unternehmen k\u00f6nnen: Festivals, Besichtigungen von Denkm\u00e4lern und Museen sowie Wanderungen auf den Berg Sainte-Victoire.","og_url":"https:\/\/www.camping-aix-en-provence.com\/de\/unternehmungen-in-aix-en-provence\/","og_site_name":"Aix-en-Provence","article_modified_time":"2025-03-18T15:23:32+00:00","twitter_card":"summary_large_image","twitter_misc":{"Est. reading time":"9 Minuten"},"schema":{"@context":"https:\/\/schema.org","@graph":[{"@type":"WebPage","@id":"https:\/\/www.camping-aix-en-provence.com\/de\/unternehmungen-in-aix-en-provence\/","url":"https:\/\/www.camping-aix-en-provence.com\/de\/unternehmungen-in-aix-en-provence\/","name":"Unternehmungen in Aix-en-Provence","isPartOf":{"@id":"https:\/\/www.camping-aix-en-provence.com\/de\/#website"},"datePublished":"2025-02-19T10:24:27+00:00","dateModified":"2025-03-18T15:23:32+00:00","description":"Entdecken Sie die besten Dinge, die Sie in Aix-en-Provence unternehmen k\u00f6nnen: Festivals, Besichtigungen von Denkm\u00e4lern und Museen sowie Wanderungen auf den Berg Sainte-Victoire.","breadcrumb":{"@id":"https:\/\/www.camping-aix-en-provence.com\/de\/unternehmungen-in-aix-en-provence\/#breadcrumb"},"inLanguage":"de-DE","potentialAction":[{"@type":"ReadAction","target":["https:\/\/www.camping-aix-en-provence.com\/de\/unternehmungen-in-aix-en-provence\/"]}]},{"@type":"BreadcrumbList","@id":"https:\/\/www.camping-aix-en-provence.com\/de\/unternehmungen-in-aix-en-provence\/#breadcrumb","itemListElement":[{"@type":"ListItem","position":1,"name":"Home","item":"https:\/\/www.camping-aix-en-provence.com\/de\/"},{"@type":"ListItem","position":2,"name":"Unternehmungen in Aix-en-Provence"}]},{"@type":"WebSite","@id":"https:\/\/www.camping-aix-en-provence.com\/de\/#website","url":"https:\/\/www.camping-aix-en-provence.com\/de\/","name":"Aix-en-Provence","description":"","potentialAction":[{"@type":"SearchAction","target":{"@type":"EntryPoint","urlTemplate":"https:\/\/www.camping-aix-en-provence.com\/de\/?s={search_term_string}"},"query-input":{"@type":"PropertyValueSpecification","valueRequired":true,"valueName":"search_term_string"}}],"inLanguage":"de-DE"}]}},"_links":{"self":[{"href":"https:\/\/www.camping-aix-en-provence.com\/de\/wp-json\/wp\/v2\/pages\/3479","targetHints":{"allow":["GET"]}}],"collection":[{"href":"https:\/\/www.camping-aix-en-provence.com\/de\/wp-json\/wp\/v2\/pages"}],"about":[{"href":"https:\/\/www.camping-aix-en-provence.com\/de\/wp-json\/wp\/v2\/types\/page"}],"author":[{"embeddable":true,"href":"https:\/\/www.camping-aix-en-provence.com\/de\/wp-json\/wp\/v2\/users\/48"}],"replies":[{"embeddable":true,"href":"https:\/\/www.camping-aix-en-provence.com\/de\/wp-json\/wp\/v2\/comments?post=3479"}],"version-history":[{"count":2,"href":"https:\/\/www.camping-aix-en-provence.com\/de\/wp-json\/wp\/v2\/pages\/3479\/revisions"}],"predecessor-version":[{"id":3747,"href":"https:\/\/www.camping-aix-en-provence.com\/de\/wp-json\/wp\/v2\/pages\/3479\/revisions\/3747"}],"wp:attachment":[{"href":"https:\/\/www.camping-aix-en-provence.com\/de\/wp-json\/wp\/v2\/media?parent=3479"}],"curies":[{"name":"wp","href":"https:\/\/api.w.org\/{rel}","templated":true}]}}