{"id":732,"date":"2024-05-15T11:12:49","date_gmt":"2024-05-15T09:12:49","guid":{"rendered":"https:\/\/www.citykamp.com\/aix-en-provence\/region\/"},"modified":"2025-03-20T12:28:10","modified_gmt":"2025-03-20T11:28:10","slug":"region","status":"publish","type":"page","link":"https:\/\/www.camping-aix-en-provence.com\/de\/region\/","title":{"rendered":"Region"},"content":{"rendered":"<div class=\"wpb-content-wrapper\"><p>[vc_row css=&#8220;.vc_custom_1732703560642{margin-left: -0.5px !important;background-color: #E84E1B33 !important;}&#8220;][vc_column]<img decoding=\"async\" class=\"header-img\" src=\"https:\/\/www.camping-aix-en-provence.com\/uploads\/sites\/55\/2024\/05\/camping-chantecler-region-aix-en-provence-header.jpeg\">[vc_empty_space]<div class=\"wrappedcontent\">[vc_column_text css=&#8220;&#8220;]<\/p>\n<h1 style=\"text-align: center;\"><strong>Die Region Provence<br \/>\nAix-Marseille entdecken<\/strong><\/h1>\n<p style=\"text-align: center;\"><span style=\"font-size: 14pt;\">Gehen Sie auf Entdeckungsreise einer Region, die voller Sch\u00e4tze steckt!<\/span><\/p>\n<p>[\/vc_column_text]<div class=\"text-center btnwrap\"><a class=\"btn btn-huttopia-cta\" href=\"https:\/\/checkout.citykamp.com\/965\/de\/\" role=\"button\" target=\"true\" onclick=\"dataLayer.push({'event':'clickCity', 'clickText':'Aufenthalt buchen'})\">Aufenthalt buchen<\/a><\/div><\/div>[\/vc_column][\/vc_row][vc_row css=&#8220;.vc_custom_1732703564652{margin-left: -0.5px !important;}&#8220;][vc_column]<div class=\"wrappedcontent\">[vc_empty_space][vc_column_text css=&#8220;&#8220;]<\/p>\n<h2 style=\"text-align: center;\"><strong>Aix-en-Provence: Eine Stadt der Kunst und Geschichte<\/strong><\/h2>\n<p>[\/vc_column_text][vc_empty_space][vc_row_inner gap=&#8220;35&#8243; css=&#8220;.vc_custom_1715754797256{margin-left: -0.5px !important;}&#8220;][vc_column_inner width=&#8220;1\/3&#8243;][vc_masonry_media_grid element_width=&#8220;12&#8243; gap=&#8220;0&#8243; css=&#8220;&#8220; grid_id=&#8220;vc_gid:1742470197044-75ca00c2-5935-9&#8243; include=&#8220;2965&#8243;][\/vc_column_inner][vc_column_inner width=&#8220;2\/3&#8243;][vc_column_text css=&#8220;&#8220;]Aix-en-Provence fasziniert durch sein einzigartiges Kulturerbe, seine von Brunnen ges\u00e4umten Gassen und die belebten Pl\u00e4tze. Die f\u00fcr ihre angesehenen Museen und dem ber\u00fchmten Cours Mirabeau bekannte Stadt verk\u00f6rpert den Charme und die Authentizit\u00e4t S\u00fcdfrankreichs. Schlendern Sie \u00fcber die provenzalischen M\u00e4rkte, besuchen Sie die markanten Sehensw\u00fcrdigkeiten, darunter die Kathedrale Saint-Sauveur, und tauchen Sie in die warmherzige Atmosph\u00e4re der Stadt ein.[\/vc_column_text]<div class=\" btnwrap\"><a class=\"btn btn-huttopia-cta\" href=\"https:\/\/www.camping-aix-en-provence.com\/de\/unternehmungen-in-aix-en-provence\/\" role=\"button\" target=\"true\" onclick=\"dataLayer.push({'event':'clickCity', 'clickText':'Entdecken Sie Aix-en-Provence'})\">Entdecken Sie Aix-en-Provence<\/a><\/div>[\/vc_column_inner][\/vc_row_inner]<\/div>[vc_empty_space][\/vc_column][\/vc_row][vc_row css=&#8220;.vc_custom_1740065259766{margin-left: -0.5px !important;background-color: #f4f4f4 !important;}&#8220;][vc_column]<div class=\"wrappedcontent\">[vc_empty_space][vc_column_text css=&#8220;&#8220;]<\/p>\n<h2 style=\"text-align: center;\"><strong>Wie kommen Sie ins Zentrum von Aix-en-Provence?<\/strong><\/h2>\n<p>[\/vc_column_text][vc_empty_space][vc_row_inner gap=&#8220;35&#8243; css=&#8220;.vc_custom_1715765008032{margin-left: -0.5px !important;}&#8220;][vc_column_inner width=&#8220;1\/3&#8243;][vc_single_image image=&#8220;755&#8243; img_size=&#8220;71*71&#8243; alignment=&#8220;center&#8220;][vc_empty_space][vc_column_text css=&#8220;&#8220;]<\/p>\n<p style=\"text-align: center;\"><strong>Mit dem Bus<br \/>\n<\/strong>Die n\u00e4chste Bushaltestelle ist 5 Fu\u00dfminuten vom Campingplatz entfernt. Die Fahrt dauert 25 Minuten.<\/p>\n<p>[\/vc_column_text][\/vc_column_inner][vc_column_inner width=&#8220;1\/3&#8243;][vc_single_image image=&#8220;757&#8243; img_size=&#8220;71*71&#8243; alignment=&#8220;center&#8220;][vc_empty_space][vc_column_text css=&#8220;&#8220;]<\/p>\n<p style=\"text-align: center;\"><strong>Fahrrad<br \/>\n<\/strong>10 Minuten ab dem Campingplatz.<\/p>\n<p>[\/vc_column_text][\/vc_column_inner][vc_column_inner width=&#8220;1\/3&#8243;][vc_single_image image=&#8220;756&#8243; img_size=&#8220;71*71&#8243; alignment=&#8220;center&#8220;][vc_empty_space][vc_column_text css=&#8220;&#8220;]<\/p>\n<p style=\"text-align: center;\"><strong>Zu Fu\u00df<br \/>\n<\/strong>40 Minuten ab dem Campingplatz.<\/p>\n<p>[\/vc_column_text][\/vc_column_inner][\/vc_row_inner]<\/div>[\/vc_column][\/vc_row][vc_row css=&#8220;.vc_custom_1732703564652{margin-left: -0.5px !important;}&#8220;][vc_column]<div class=\"wrappedcontent\">[vc_empty_space][vc_column_text css=&#8220;&#8220;]<\/p>\n<h2 style=\"text-align: center;\"><strong>Aix-en-Provence und Marseille, ein starkes Duo in der Provence<\/strong><\/h2>\n<p>[\/vc_column_text][vc_empty_space][vc_column_text css=&#8220;&#8220;]Nachdem Sie alle Sch\u00f6nheiten von Aix-en-Provence gesehen haben, fahren Sie in den S\u00fcden nach Marseille, um das gesch\u00e4ftige Treiben im Vieux Port, die Gassen des Panier-Viertels und die wundersch\u00f6nen Calanques de Cassis zu entdecken.[\/vc_column_text][vc_row_inner gap=&#8220;35&#8243; css=&#8220;.vc_custom_1715754797256{margin-left: -0.5px !important;}&#8220;][vc_column_inner width=&#8220;1\/3&#8243;][vc_masonry_media_grid element_width=&#8220;12&#8243; gap=&#8220;0&#8243; css=&#8220;&#8220; grid_id=&#8220;vc_gid:1742470197048-db3178f5-463b-0&#8243; include=&#8220;2965&#8243;][\/vc_column_inner][vc_column_inner width=&#8220;2\/3&#8243;][vc_column_text css=&#8220;&#8220;]Ein Besuch von Marseille, der zweitgr\u00f6\u00dften Stadt Frankreichs, nur 40 Minuten s\u00fcdlich von Aix-en-Provence, rundet Ihren Urlaub perfekt ab. Mit seinem legend\u00e4ren Vieux Port, dem alten Hafen, den gelben Sandstr\u00e4nden und den spektakul\u00e4ren tief eingeschnittenen Buchten (Calanques) fasziniert Marseille durch seine pulsierende Energie und eine einzigartige Mischung aus Geschichte und Moderne. Machen Sie einen Spaziergang am Vieux Port, unternehmen Sie einen Abstecher zu den Calanques de Cassis und streifen Sie durch das historische Panier-Viertel, der wahren Seele der Stadt.[\/vc_column_text][\/vc_column_inner][\/vc_row_inner]<\/div>[\/vc_column][\/vc_row][vc_row css=&#8220;.vc_custom_1715764984968{background-color: #f4f4f4 !important;}&#8220;][vc_column]<div class=\"wrappedcontent\">[vc_empty_space][vc_column_text css=&#8220;&#8220;]<\/p>\n<h2 style=\"text-align: center;\"><strong>Wie kommen Sie vom Camping Aix-en-Provence nach Marseille?<\/strong><\/h2>\n<p>[\/vc_column_text][vc_empty_space][vc_row_inner gap=&#8220;35&#8243; css=&#8220;.vc_custom_1715765008032{margin-left: -0.5px !important;}&#8220;][vc_column_inner width=&#8220;1\/3&#8243;][vc_single_image image=&#8220;1510&#8243; img_size=&#8220;71*71&#8243; alignment=&#8220;center&#8220; css=&#8220;&#8220;][vc_empty_space][vc_column_text css=&#8220;&#8220;]<\/p>\n<p style=\"text-align: center;\"><strong>Mit dem Auto<br \/>\n<\/strong>40 Minuten ab dem Campingplatz.<\/p>\n<p>[\/vc_column_text][\/vc_column_inner][vc_column_inner width=&#8220;1\/3&#8243;][vc_single_image image=&#8220;1514&#8243; img_size=&#8220;71*71&#8243; alignment=&#8220;center&#8220; css=&#8220;&#8220;][vc_empty_space][vc_column_text css=&#8220;&#8220;]<\/p>\n<p style=\"text-align: center;\"><strong>Mit dem Zug<\/strong><br \/>\n45 Minuten mit dem TER (Eilzug) ab dem SNCF-Bahnhof im Zentrum von Aix-en-Provence, 15 Autominuten vom Campingplatz entfernt.<\/p>\n<p>[\/vc_column_text][\/vc_column_inner][vc_column_inner width=&#8220;1\/3&#8243;][vc_single_image image=&#8220;1506&#8243; img_size=&#8220;71*71&#8243; alignment=&#8220;center&#8220; css=&#8220;&#8220;][vc_empty_space][vc_column_text css=&#8220;&#8220;]<\/p>\n<p style=\"text-align: center;\"><strong>Mit dem Bus<br \/>\n<\/strong>Die Bushaltestelle ist 20 Fu\u00dfminuten vom Campingplatz entfernt. Die Fahrt dauert 45 Minuten.<\/p>\n<p>[\/vc_column_text][\/vc_column_inner][\/vc_row_inner]<\/div>[\/vc_column][\/vc_row][vc_row css=&#8220;.vc_custom_1732703571627{margin-left: -0.5px !important;background-color: #E84E1B33 !important;}&#8220;][vc_column][vc_empty_space]<div class=\"wrappedcontent\">[vc_column_text]<\/p>\n<h2 style=\"text-align: center;\"><strong>Aix-en-Provence, Umgebung:<\/strong><\/h2>\n<p>[\/vc_column_text][vc_empty_space][vc_row_inner gap=&#8220;35&#8243; css=&#8220;.vc_custom_1715759523796{margin-left: -0.5px !important;}&#8220;][vc_column_inner width=&#8220;1\/3&#8243;][vc_masonry_media_grid element_width=&#8220;12&#8243; gap=&#8220;0&#8243; grid_id=&#8220;vc_gid:1742470197050-ba47fdbe-ace3-3&#8243; include=&#8220;752&#8243;][vc_empty_space][vc_column_text]<\/p>\n<p style=\"text-align: center;\"><span style=\"font-size: 14pt;\"><strong>Die Bastide du Jas de Bouffan (6 km)<\/strong><\/span><\/p>\n<p style=\"text-align: center;\">Hier malte C\u00e9zanne mehrere seiner Werke. Der Blick auf die Berge ist atemberaubend.<\/p>\n<p>[\/vc_column_text][\/vc_column_inner][vc_column_inner width=&#8220;1\/3&#8243;][vc_masonry_media_grid element_width=&#8220;12&#8243; gap=&#8220;0&#8243; grid_id=&#8220;vc_gid:1742470197051-daef6aba-e546-0&#8243; include=&#8220;753&#8243;][vc_empty_space][vc_column_text]<\/p>\n<p style=\"text-align: center;\"><span style=\"font-size: 14pt;\"><strong>\u201eCarri\u00e8res de Bib\u00e9mus\u201c\u00a0(7 km)<\/strong><\/span><\/p>\n<p style=\"text-align: center;\">Der ehemalige Steinbruch \u201eCarri\u00e8res de Bib\u00e9mus\u201c liegt \u00f6stlich von Aix-en-Provence. Von der r\u00f6mischen Antike bis ins 19. Jh. wurde der \u201eMolasse de Bib\u00e9mus\u201c abgebaut, ein charakteristischer Ockerstein, der in zahlreichen Bauwerken von Aix-en-Provence Verwendung fand, so f\u00fcr die Bank \u201eCaisse d\u2018Epargne\u201c, das Postamt \u201eH\u00f4tel de la Poste\u201c und den Rotonde-Brunnen.<\/p>\n<p>[\/vc_column_text][\/vc_column_inner][vc_column_inner width=&#8220;1\/3&#8243;][vc_masonry_media_grid element_width=&#8220;12&#8243; gap=&#8220;0&#8243; grid_id=&#8220;vc_gid:1742470197051-b3914491-d125-5&#8243; include=&#8220;740&#8243;][vc_empty_space][vc_column_text css=&#8220;&#8220;]<\/p>\n<p style=\"text-align: center;\"><span style=\"font-size: 14pt;\"><strong>Lac de Bimont (12 km)<\/strong><\/span><\/p>\n<p style=\"text-align: center;\">Am Fu\u00dfe des ber\u00fchmten Mont Sainte-Victoire liegt ein k\u00fcnstlicher See, der durch den Bau des Bimont-Staudamms entstanden ist. Der See bietet eine wundersch\u00f6ne Landschaft und beherbergt eine vielf\u00e4ltige Fauna und Flora. Als Natura-2000-Gebiet ist der See ein idealer Ort zum Wandern, Mountainbiken und Picknicken. Das Baden ist jedoch verboten.<\/p>\n<p>[\/vc_column_text][\/vc_column_inner][\/vc_row_inner][vc_empty_space][vc_row_inner gap=&#8220;35&#8243; css=&#8220;.vc_custom_1715759523796{margin-left: -0.5px !important;}&#8220;][vc_column_inner width=&#8220;1\/3&#8243;][vc_masonry_media_grid element_width=&#8220;12&#8243; gap=&#8220;0&#8243; grid_id=&#8220;vc_gid:1742470197052-ffcb20f4-f408-1&#8243; include=&#8220;751&#8243;][vc_empty_space][vc_column_text]<\/p>\n<p style=\"text-align: center;\"><span style=\"font-size: 14pt;\"><strong>Erkundung der D\u00f6rfer im Luberon (25 km)<\/strong><\/span><\/p>\n<p style=\"text-align: center;\">Erkunden Sie das Bergmassiv und seine \u201eVillages perch\u00e9s\u201c, D\u00f6rfer, die meist auf Anh\u00f6hen, Felsvorspr\u00fcngen oder Bergkuppen angelegt wurden. Genie\u00dfen Sie die herrlichen Ausblicke. Schlendern Sie durch die engen Gassen, bewundern Sie die provenzalische Architektur und besuchen Sie die lokalen Gesch\u00e4fte und Caf\u00e9s.<\/p>\n<p>[\/vc_column_text][\/vc_column_inner][vc_column_inner width=&#8220;1\/3&#8243;][vc_masonry_media_grid element_width=&#8220;12&#8243; gap=&#8220;0&#8243; grid_id=&#8220;vc_gid:1742470197052-89ed45a2-5bb7-9&#8243; include=&#8220;741&#8243;][vc_empty_space][vc_column_text]<\/p>\n<p style=\"text-align: center;\"><span style=\"font-size: 14pt;\"><strong>Marseille: Ein Sprung in die Geschichte und die Kultur des Mittelmeerraums (30 km)<\/strong><\/span><\/p>\n<p style=\"text-align: center;\">St\u00fcrzen Sie sich in die bunte Hafenatmosph\u00e4re des Vieux-Port, bewundern Sie den Panoramablick, den Sie von der Kirche Notre-Dame de la Garde haben und treten Sie im MuCEM in eine Welt der Kunst und Geschichte ein. Marseille verspricht Ihnen eine unvergessliche Reise!<\/p>\n<p>[\/vc_column_text][\/vc_column_inner][vc_column_inner width=&#8220;1\/3&#8243;][vc_masonry_media_grid element_width=&#8220;12&#8243; gap=&#8220;0&#8243; grid_id=&#8220;vc_gid:1742470197053-1c8ef346-8c16-10&#8243; include=&#8220;742&#8243;][vc_empty_space][vc_column_text]<\/p>\n<p style=\"text-align: center;\"><span style=\"font-size: 14pt;\"><strong>Besuch der Calanques von Cassis (50 km)<\/strong><\/span><\/p>\n<p style=\"text-align: center;\">Diese malerischen Buchten und Klippen bilden eine herrliche Kulisse zum Schwimmen, Kajakfahren und Wandern. Die Calanques k\u00f6nnen Sie auch bei einem Bootsausflug vom Wasser aus erkunden.<\/p>\n<p>[\/vc_column_text][\/vc_column_inner][\/vc_row_inner]<\/div>[\/vc_column][\/vc_row][vc_row css=&#8220;.vc_custom_1732703576707{margin-left: -0.5px !important;}&#8220;][vc_column][vc_empty_space]<div class=\"wrappedcontent\">[vc_column_text css=&#8220;&#8220;]<\/p>\n<h2 style=\"text-align: center;\"><strong>Die Villages perch\u00e9s des Pays d&#8217;Aix<\/strong><\/h2>\n<p style=\"text-align: center;\">Wenn Sie auf der Suche nach einem echten provenzalischen Highlight sind, sollten Sie einige der zahlreichen meist auf Anh\u00f6hen liegenden D\u00f6rfer rund um Aix-en-Provence besuchen. In den Bergd\u00f6rfern des Pays d&#8217;Aix, z. B. Roussillon, Gordes und Lourmarin, finden Sie H\u00e4user aus Kalkstein, enge Gassen und traumhafte Ausblicke. Es lohnt sich!<\/p>\n<p>[\/vc_column_text][vc_empty_space][vc_row_inner gap=&#8220;35&#8243; css=&#8220;.vc_custom_1715761177694{margin-left: -0.5px !important;}&#8220;][vc_column_inner width=&#8220;1\/4&#8243;][vc_masonry_media_grid element_width=&#8220;12&#8243; gap=&#8220;0&#8243; grid_id=&#8220;vc_gid:1742470197054-9d771225-5895-6&#8243; include=&#8220;754&#8243;][vc_empty_space][vc_column_text]<\/p>\n<p style=\"text-align: center;\"><strong>Le Tholonet<\/strong><\/p>\n<p style=\"text-align: center;\">Das kleine provenzalische Dorf liegt am Fu\u00dfe des Sainte-Victoire-Gebirges. Es ist bekannt f\u00fcr seine Kalksteinh\u00e4user und seine malerische Umgebung. Besuchen Sie die Kirche Saint-Trophime aus dem 12. Jh. und bummeln Sie durch die romantischen Gassen des historischen Dorfkerns.<\/p>\n<p>[\/vc_column_text][\/vc_column_inner][vc_column_inner width=&#8220;1\/4&#8243;][vc_masonry_media_grid element_width=&#8220;12&#8243; gap=&#8220;0&#8243; grid_id=&#8220;vc_gid:1742470197055-63db0eec-92d8-0&#8243; include=&#8220;743&#8243;][vc_empty_space][vc_column_text]<\/p>\n<p style=\"text-align: center;\"><strong>Lourmarin<\/strong><\/p>\n<p style=\"text-align: center;\">Lourmarin z\u00e4hlt zu den sch\u00f6nsten D\u00f6rfern Frankreichs. In seinen verwinkelten Gassen finden sich zahlreiche Kunstgalerien, Boutiquen und Restaurants. Das hochgelegene Schloss bietet einen uneingeschr\u00e4nkten Blick auf die Landschaft ringsum.<\/p>\n<p>[\/vc_column_text][\/vc_column_inner][vc_column_inner width=&#8220;1\/4&#8243;][vc_masonry_media_grid element_width=&#8220;12&#8243; gap=&#8220;0&#8243; grid_id=&#8220;vc_gid:1742470197056-27f58d9a-e9be-3&#8243; include=&#8220;744&#8243;][vc_empty_space][vc_column_text]<\/p>\n<p style=\"text-align: center;\"><strong>Gordes<\/strong><\/p>\n<p style=\"text-align: center;\">Das sch\u00f6ne Bergdorf Gordes zeigt sich mit charakteristischen Kalksteinh\u00e4usern und roten Ziegeld\u00e4chern. In Gordes liegt eine Zisterzienser-Abtei aus dem 12. Jh., die einen Besuch lohnt.<\/p>\n<p>[\/vc_column_text][\/vc_column_inner][vc_column_inner width=&#8220;1\/4&#8243;][vc_masonry_media_grid element_width=&#8220;12&#8243; gap=&#8220;0&#8243; grid_id=&#8220;vc_gid:1742470197056-0215168d-d308-8&#8243; include=&#8220;745&#8243;][vc_empty_space][vc_column_text]<\/p>\n<p style=\"text-align: center;\"><strong>Roussillon<\/strong><\/p>\n<p style=\"text-align: center;\">Dieses Dorf in bunten Farben ist f\u00fcr seine Ockerfelsen ber\u00fchmt, die Jahrhunderte hindurch zur Gewinnung von Pigmenten abgebaut wurden. Das Museum im Dorf widmet sich dem Ocker und seiner Geschichte.<\/p>\n<p>[\/vc_column_text][\/vc_column_inner][\/vc_row_inner]<\/div>[\/vc_column][\/vc_row][vc_row css=&#8220;.vc_custom_1742470212716{background-color: #f4f4f4 !important;}&#8220; el_id=&#8220;unsere&#8220;][vc_column][vc_empty_space]<div class=\"wrappedcontent\">[vc_column_text css=&#8220;&#8220;]<\/p>\n<h2 style=\"text-align: center;\"><strong>Unsere beliebtesten Spazier- und Wanderwege<\/strong><\/h2>\n<p>[\/vc_column_text][vc_empty_space][vc_row_inner gap=&#8220;35&#8243; css=&#8220;.vc_custom_1715761992124{margin-left: -0.5px !important;}&#8220;][vc_column_inner width=&#8220;1\/2&#8243;][vc_images_carousel images=&#8220;748,747&#8243; img_size=&#8220;600&#215;500&#8243; onclick=&#8220;link_no&#8220; wrap=&#8220;yes&#8220;][\/vc_column_inner][vc_column_inner width=&#8220;1\/2&#8243;][vc_column_text css=&#8220;&#8220;]<strong>Aufstieg zum Sainte-Victoire-Gebirge <\/strong><br \/>\nDas Sainte-Victoire-Gebirge ist ein symboltr\u00e4chtiges Bergmassiv aus Kalkstein, das zahlreiche Maler inspiriert hat, darunter C\u00e9zanne. Es liegt ungef\u00e4hr 15 km vom Campingplatz entfernt, und von oben hat man einen wundersch\u00f6nen Blick auf die umliegende Landschaft. Sie k\u00f6nnen bis zum Gipfel wandern, oder aber den Shuttlebus nehmen.<\/p>\n<p><strong>Croix de Provence-Wanderweg <\/strong><br \/>\nDiese leichte Wanderung bringt Sie zum Croix de Provence, von wo aus Sie einen atemberaubenden Blick auf die Stadt Aix-en-Provence und die umliegenden Berge haben.<\/p>\n<p><strong>Lauzes-Wanderweg<\/strong><br \/>\nDiese mittelschwere Wanderung f\u00fchrt durch den For\u00eat des Lauzes, einem Eichen- und Pinienwald.<br \/>\nDie Tour bietet sch\u00f6ne Aussichtspunkte auf das Gebirge Sainte-Victoire und die Stadt Aix-en-Provence.<\/p>\n<p><strong>Wanderung Vallon de Roques Hautes<\/strong><br \/>\nDiese anspruchsvolle Wanderung f\u00fchrt Sie auf den Gipfel des Roques Hautes, den h\u00f6chsten Punkt des Sainte-Victoire-Massivs.<\/p>\n<p><strong>Le Tholonet-Wanderweg<br \/>\n<\/strong>Diese leichte Wanderung f\u00fchrt zum malerischen provenzalischen Dorf Le Tholonet. Der Weg verl\u00e4uft durch Weing\u00e4rten, Olivenhainen und Lavendelfelder. In Le Tholonet k\u00f6nnen Sie das Schloss besichtigen, dessen Ursprung ins 12. Jh. zur\u00fcckreicht.[\/vc_column_text][\/vc_column_inner][\/vc_row_inner]<\/div>[\/vc_column][\/vc_row]<\/p>\n<\/div>","protected":false},"excerpt":{"rendered":"<p>[vc_row css=&#8220;.vc_custom_1732703560642{margin-left: -0.5px !important;background-color: #E84E1B33 !important;}&#8220;][vc_column][vc_empty_space][\/vc_column][\/vc_row][vc_row css=&#8220;.vc_custom_1732703564652{margin-left: -0.5px !important;}&#8220;][vc_column][vc_empty_space][\/vc_column][\/vc_row][vc_row css=&#8220;.vc_custom_1740065259766{margin-left: -0.5px !important;background-color: #f4f4f4 !important;}&#8220;][vc_column][\/vc_column][\/vc_row][vc_row css=&#8220;.vc_custom_1732703564652{margin-left: -0.5px !important;}&#8220;][vc_column][\/vc_column][\/vc_row][vc_row css=&#8220;.vc_custom_1715764984968{background-color: #f4f4f4 !important;}&#8220;][vc_column][\/vc_column][\/vc_row][vc_row css=&#8220;.vc_custom_1732703571627{margin-left: -0.5px !important;background-color: #E84E1B33 !important;}&#8220;][vc_column][vc_empty_space][\/vc_column][\/vc_row][vc_row css=&#8220;.vc_custom_1732703576707{margin-left: -0.5px !important;}&#8220;][vc_column][vc_empty_space][\/vc_column][\/vc_row][vc_row css=&#8220;.vc_custom_1742470212716{background-color: #f4f4f4 !important;}&#8220; el_id=&#8220;unsere&#8220;][vc_column][vc_empty_space][\/vc_column][\/vc_row]<\/p>\n","protected":false},"author":4,"featured_media":0,"parent":0,"menu_order":0,"comment_status":"closed","ping_status":"closed","template":"","meta":{"footnotes":""},"class_list":["post-732","page","type-page","status-publish","hentry"],"yoast_head":"<!-- This site is optimized with the Yoast SEO plugin v25.6 - https:\/\/yoast.com\/wordpress\/plugins\/seo\/ -->\n<title>Entdecken Sie die Region um Aix-en-Provence | Campingplatz Aix-en-Provence<\/title>\n<meta name=\"description\" content=\"Gehen Sie auf Entdeckungsreise in der Region Aix en Provence, einem Gebiet, das reich an Geschichte, Kunst und Kultur ist. Besuchen Sie die typischen D\u00f6rfer und probieren Sie die lokalen Spezialit\u00e4ten.\" \/>\n<meta name=\"robots\" content=\"index, follow, max-snippet:-1, max-image-preview:large, max-video-preview:-1\" \/>\n<link rel=\"canonical\" href=\"https:\/\/www.camping-aix-en-provence.com\/de\/region\/\" \/>\n<meta property=\"og:locale\" content=\"de_DE\" \/>\n<meta property=\"og:type\" content=\"article\" \/>\n<meta property=\"og:title\" content=\"Entdecken Sie die Region um Aix-en-Provence | Campingplatz Aix-en-Provence\" \/>\n<meta property=\"og:description\" content=\"Gehen Sie auf Entdeckungsreise in der Region Aix en Provence, einem Gebiet, das reich an Geschichte, Kunst und Kultur ist. Besuchen Sie die typischen D\u00f6rfer und probieren Sie die lokalen Spezialit\u00e4ten.\" \/>\n<meta property=\"og:url\" content=\"https:\/\/www.camping-aix-en-provence.com\/de\/region\/\" \/>\n<meta property=\"og:site_name\" content=\"Aix-en-Provence\" \/>\n<meta property=\"article:modified_time\" content=\"2025-03-20T11:28:10+00:00\" \/>\n<meta name=\"twitter:card\" content=\"summary_large_image\" \/>\n<meta name=\"twitter:label1\" content=\"Est. reading time\" \/>\n\t<meta name=\"twitter:data1\" content=\"6 Minuten\" \/>\n<script type=\"application\/ld+json\" class=\"yoast-schema-graph\">{\"@context\":\"https:\/\/schema.org\",\"@graph\":[{\"@type\":\"WebPage\",\"@id\":\"https:\/\/www.camping-aix-en-provence.com\/de\/region\/\",\"url\":\"https:\/\/www.camping-aix-en-provence.com\/de\/region\/\",\"name\":\"Entdecken Sie die Region um Aix-en-Provence | Campingplatz Aix-en-Provence\",\"isPartOf\":{\"@id\":\"https:\/\/www.camping-aix-en-provence.com\/de\/#website\"},\"datePublished\":\"2024-05-15T09:12:49+00:00\",\"dateModified\":\"2025-03-20T11:28:10+00:00\",\"description\":\"Gehen Sie auf Entdeckungsreise in der Region Aix en Provence, einem Gebiet, das reich an Geschichte, Kunst und Kultur ist. Besuchen Sie die typischen D\u00f6rfer und probieren Sie die lokalen Spezialit\u00e4ten.\",\"breadcrumb\":{\"@id\":\"https:\/\/www.camping-aix-en-provence.com\/de\/region\/#breadcrumb\"},\"inLanguage\":\"de-DE\",\"potentialAction\":[{\"@type\":\"ReadAction\",\"target\":[\"https:\/\/www.camping-aix-en-provence.com\/de\/region\/\"]}]},{\"@type\":\"BreadcrumbList\",\"@id\":\"https:\/\/www.camping-aix-en-provence.com\/de\/region\/#breadcrumb\",\"itemListElement\":[{\"@type\":\"ListItem\",\"position\":1,\"name\":\"Home\",\"item\":\"https:\/\/www.camping-aix-en-provence.com\/de\/\"},{\"@type\":\"ListItem\",\"position\":2,\"name\":\"Region\"}]},{\"@type\":\"WebSite\",\"@id\":\"https:\/\/www.camping-aix-en-provence.com\/de\/#website\",\"url\":\"https:\/\/www.camping-aix-en-provence.com\/de\/\",\"name\":\"Aix-en-Provence\",\"description\":\"\",\"potentialAction\":[{\"@type\":\"SearchAction\",\"target\":{\"@type\":\"EntryPoint\",\"urlTemplate\":\"https:\/\/www.camping-aix-en-provence.com\/de\/?s={search_term_string}\"},\"query-input\":{\"@type\":\"PropertyValueSpecification\",\"valueRequired\":true,\"valueName\":\"search_term_string\"}}],\"inLanguage\":\"de-DE\"}]}<\/script>\n<!-- \/ Yoast SEO plugin. -->","yoast_head_json":{"title":"Entdecken Sie die Region um Aix-en-Provence | Campingplatz Aix-en-Provence","description":"Gehen Sie auf Entdeckungsreise in der Region Aix en Provence, einem Gebiet, das reich an Geschichte, Kunst und Kultur ist. Besuchen Sie die typischen D\u00f6rfer und probieren Sie die lokalen Spezialit\u00e4ten.","robots":{"index":"index","follow":"follow","max-snippet":"max-snippet:-1","max-image-preview":"max-image-preview:large","max-video-preview":"max-video-preview:-1"},"canonical":"https:\/\/www.camping-aix-en-provence.com\/de\/region\/","og_locale":"de_DE","og_type":"article","og_title":"Entdecken Sie die Region um Aix-en-Provence | Campingplatz Aix-en-Provence","og_description":"Gehen Sie auf Entdeckungsreise in der Region Aix en Provence, einem Gebiet, das reich an Geschichte, Kunst und Kultur ist. Besuchen Sie die typischen D\u00f6rfer und probieren Sie die lokalen Spezialit\u00e4ten.","og_url":"https:\/\/www.camping-aix-en-provence.com\/de\/region\/","og_site_name":"Aix-en-Provence","article_modified_time":"2025-03-20T11:28:10+00:00","twitter_card":"summary_large_image","twitter_misc":{"Est. reading time":"6 Minuten"},"schema":{"@context":"https:\/\/schema.org","@graph":[{"@type":"WebPage","@id":"https:\/\/www.camping-aix-en-provence.com\/de\/region\/","url":"https:\/\/www.camping-aix-en-provence.com\/de\/region\/","name":"Entdecken Sie die Region um Aix-en-Provence | Campingplatz Aix-en-Provence","isPartOf":{"@id":"https:\/\/www.camping-aix-en-provence.com\/de\/#website"},"datePublished":"2024-05-15T09:12:49+00:00","dateModified":"2025-03-20T11:28:10+00:00","description":"Gehen Sie auf Entdeckungsreise in der Region Aix en Provence, einem Gebiet, das reich an Geschichte, Kunst und Kultur ist. Besuchen Sie die typischen D\u00f6rfer und probieren Sie die lokalen Spezialit\u00e4ten.","breadcrumb":{"@id":"https:\/\/www.camping-aix-en-provence.com\/de\/region\/#breadcrumb"},"inLanguage":"de-DE","potentialAction":[{"@type":"ReadAction","target":["https:\/\/www.camping-aix-en-provence.com\/de\/region\/"]}]},{"@type":"BreadcrumbList","@id":"https:\/\/www.camping-aix-en-provence.com\/de\/region\/#breadcrumb","itemListElement":[{"@type":"ListItem","position":1,"name":"Home","item":"https:\/\/www.camping-aix-en-provence.com\/de\/"},{"@type":"ListItem","position":2,"name":"Region"}]},{"@type":"WebSite","@id":"https:\/\/www.camping-aix-en-provence.com\/de\/#website","url":"https:\/\/www.camping-aix-en-provence.com\/de\/","name":"Aix-en-Provence","description":"","potentialAction":[{"@type":"SearchAction","target":{"@type":"EntryPoint","urlTemplate":"https:\/\/www.camping-aix-en-provence.com\/de\/?s={search_term_string}"},"query-input":{"@type":"PropertyValueSpecification","valueRequired":true,"valueName":"search_term_string"}}],"inLanguage":"de-DE"}]}},"_links":{"self":[{"href":"https:\/\/www.camping-aix-en-provence.com\/de\/wp-json\/wp\/v2\/pages\/732","targetHints":{"allow":["GET"]}}],"collection":[{"href":"https:\/\/www.camping-aix-en-provence.com\/de\/wp-json\/wp\/v2\/pages"}],"about":[{"href":"https:\/\/www.camping-aix-en-provence.com\/de\/wp-json\/wp\/v2\/types\/page"}],"author":[{"embeddable":true,"href":"https:\/\/www.camping-aix-en-provence.com\/de\/wp-json\/wp\/v2\/users\/4"}],"replies":[{"embeddable":true,"href":"https:\/\/www.camping-aix-en-provence.com\/de\/wp-json\/wp\/v2\/comments?post=732"}],"version-history":[{"count":4,"href":"https:\/\/www.camping-aix-en-provence.com\/de\/wp-json\/wp\/v2\/pages\/732\/revisions"}],"predecessor-version":[{"id":3755,"href":"https:\/\/www.camping-aix-en-provence.com\/de\/wp-json\/wp\/v2\/pages\/732\/revisions\/3755"}],"wp:attachment":[{"href":"https:\/\/www.camping-aix-en-provence.com\/de\/wp-json\/wp\/v2\/media?parent=732"}],"curies":[{"name":"wp","href":"https:\/\/api.w.org\/{rel}","templated":true}]}}