{"id":793,"date":"2024-05-03T11:50:19","date_gmt":"2024-05-03T09:50:19","guid":{"rendered":"https:\/\/www.citykamp.com\/aix-en-provence\/emplacements\/"},"modified":"2025-10-21T10:22:12","modified_gmt":"2025-10-21T08:22:12","slug":"stellplaetze","status":"publish","type":"page","link":"https:\/\/www.camping-aix-en-provence.com\/de\/stellplaetze\/","title":{"rendered":"Stellpl\u00e4tze"},"content":{"rendered":"<div class=\"wpb-content-wrapper\"><p>[vc_row css=&#8220;.vc_custom_1732029271186{margin-left: -0.5px !important;}&#8220;][vc_column]<img decoding=\"async\" class=\"header-img\" src=\"https:\/\/www.camping-aix-en-provence.com\/uploads\/sites\/55\/2025\/08\/citykamp-aix-en-provence-emplacements-header.jpg\">[vc_empty_space height=&#8220;20px&#8220;]<div class=\"wrappedcontent\">[vc_column_text css=&#8220;&#8220;]<\/p>\n<h1 style=\"text-align: center;\"><span style=\"font-size: 24pt;\"><strong>Campen Sie vor den Toren der Stadt zwischen Pinien und Zikadengesang<\/strong><\/span><\/h1>\n<p>[\/vc_column_text][vc_empty_space][vc_row_inner gap=&#8220;35&#8243; css=&#8220;.vc_custom_1714727470720{margin-left: -0.5px !important;}&#8220;][vc_column_inner width=&#8220;1\/2&#8243;][vc_images_carousel images=&#8220;4667,4685,4673,4679,5032,5038&#8243; img_size=&#8220;600&#215;500&#8243; onclick=&#8220;link_no&#8220; speed=&#8220;4000&#8243; autoplay=&#8220;yes&#8220; wrap=&#8220;yes&#8220; css=&#8220;&#8220;][\/vc_column_inner][vc_column_inner width=&#8220;1\/2&#8243;][vc_column_text css=&#8220;&#8220;]<\/p>\n<p style=\"text-align: left;\">Nur 10 Minuten vom Stadtzentrum von Aix-en-Provence und 40 Minuten von Marseille entfernt, empf\u00e4ngt Sie der Campingplatz inmitten einer typisch provenzalischen Landschaft. Schlagen Sie Ihr Zelt auf, stellen Sie Ihren Campervan, Ihren Wohnwagen oder Ihr Wohnmobil ab.<\/p>\n<p style=\"text-align: left;\">Profitieren Sie von sch\u00f6nen, schattigen und ebenen Stellpl\u00e4tzen, die auch f\u00fcr Wohnmobile geeignet sind, oder entscheiden Sie sich f\u00fcr Zeltpl\u00e4tze unter den Pinien im h\u00f6her gelegenen Teil des Campingplatzes.<\/p>\n<p style=\"text-align: left;\">Die Stellplatzpauschale f\u00fcr <strong>2 Personen beinhaltet:<\/strong><br \/>\neinen Stromanschluss (denken Sie daran, Adapter und Verl\u00e4ngerungskabel mitzubringen)<br \/>\neine Campingausr\u00fcstung (Zelt oder Wohnwagen)<br \/>\neinen Parkplatz f\u00fcr ein Fahrzeug (Wohnmobil, Campervan, PKW, Motorrad)<\/p>\n<p style=\"text-align: left;\"><strong>In der Stellplatzpauschale ist ebenfalls die kostenfreie Nutzung der Wohnmobil-Servicestation enthalten.<\/strong><\/p>\n<p><span style=\"text-decoration: underline; color: #e94e1b;\"><a style=\"color: #e94e1b;\" href=\"https:\/\/media.huttopia.com\/destinations\/aix-en-provence\/plan-camping-aix-en-provence.pdf\" target=\"_blank\" rel=\"noopener\"><strong>Platzplan ansehen<\/strong><\/a><\/span>[\/vc_column_text]<div class=\" btnwrap\"><a class=\"btn btn-huttopia-cta\" href=\"https:\/\/checkout.citykamp.com\/965\/de\/\" role=\"button\" target=\"true\" onclick=\"dataLayer.push({'event':'clickCity', 'clickText':'Ich buche meinen Stellplatz'})\">Ich buche meinen Stellplatz<\/a><\/div>[\/vc_column_inner][\/vc_row_inner]<\/div>[\/vc_column][\/vc_row][vc_row css=&#8220;.vc_custom_1739892291909{margin-left: -0.5px !important;background-color: #E8E8E8 !important;}&#8220;][vc_column]<div class=\"wrappedcontent\">[vc_row_inner gap=&#8220;35&#8243; css=&#8220;.vc_custom_1714729943907{margin-left: -0.5px !important;}&#8220;][vc_column_inner width=&#8220;1\/2&#8243;][vc_column_text css=&#8220;&#8220;]<\/p>\n<h3 style=\"text-align: left;\"><span style=\"font-size: 18pt; color: #e94e1b;\"><strong>SANIT\u00c4RANLAGEN<\/strong><\/span><\/h3>\n<p style=\"text-align: left;\">Auf dem Camping Aix-en-Provence stehen Ihnen zwei ger\u00e4umige und helle Sanit\u00e4ranlagen zur Verf\u00fcgung, die f\u00fcr Ihren Komfort gedacht sind. Sie sind von Grund auf renoviert und ihre offene Bauweise sorgt f\u00fcr ein angenehmes Drinnen-Drau\u00dfen-Ambiente.<\/p>\n<p style=\"text-align: left;\">Die Anlagen werden mehrmals t\u00e4glich gereinigt, verf\u00fcgen \u00fcber einen Babywickelraum und sind f\u00fcr Menschen mit eingeschr\u00e4nkter Mobilit\u00e4t zug\u00e4nglich.<\/p>\n<p style=\"text-align: left;\">Ein Waschraum mit Waschmaschinen und Trockner ist ebenfalls vorhanden.<\/p>\n<p>[\/vc_column_text][\/vc_column_inner][vc_column_inner width=&#8220;1\/2&#8243;][vc_images_carousel images=&#8220;4691,4697,4703,4709,4715&#8243; img_size=&#8220;600&#215;500&#8243; onclick=&#8220;link_no&#8220; speed=&#8220;4000&#8243; autoplay=&#8220;yes&#8220; wrap=&#8220;yes&#8220; css=&#8220;&#8220;][\/vc_column_inner][\/vc_row_inner]<\/div>[\/vc_column][\/vc_row][vc_row css=&#8220;.vc_custom_1739892173009{margin-left: -0.5px !important;border-color: #EEEEEEEE !important;}&#8220;][vc_column][vc_empty_space height=&#8220;15px&#8220;]<div class=\"wrappedcontent\">[vc_column_text css=&#8220;&#8220;]<\/p>\n<h3 style=\"text-align: center;\"><span style=\"font-size: 18pt;\"><strong>ALLE SERVICELEISTUNGEN F\u00dcR CAMPER<\/strong><\/span><\/h3>\n<p>[\/vc_column_text][vc_empty_space][vc_row_inner gap=&#8220;35&#8243; css=&#8220;.vc_custom_1714727681720{margin-left: -0.5px !important;}&#8220;][vc_column_inner width=&#8220;1\/4&#8243;][vc_single_image image=&#8220;1487&#8243; img_size=&#8220;71*71&#8243; alignment=&#8220;center&#8220; css=&#8220;&#8220;][vc_empty_space][vc_column_text css=&#8220;&#8220;]<\/p>\n<p style=\"text-align: center;\">Vermietung von K\u00fchlger\u00e4ten<\/p>\n<p>[\/vc_column_text][\/vc_column_inner][vc_column_inner width=&#8220;1\/4&#8243;][vc_single_image image=&#8220;1491&#8243; img_size=&#8220;71*71&#8243; alignment=&#8220;center&#8220; css=&#8220;&#8220;][vc_empty_space][vc_column_text css=&#8220;&#8220;]<\/p>\n<p style=\"text-align: center;\">Waschraum (Waschmaschinen und Trockner)<\/p>\n<p>[\/vc_column_text][\/vc_column_inner][vc_column_inner width=&#8220;1\/4&#8243;][vc_single_image image=&#8220;1844&#8243; img_size=&#8220;71*71&#8243; alignment=&#8220;center&#8220; css=&#8220;&#8220;][vc_empty_space][vc_column_text css=&#8220;&#8220;]<\/p>\n<p style=\"text-align: center;\">Wohnmobil-Servicestation<\/p>\n<p>[\/vc_column_text][\/vc_column_inner][vc_column_inner width=&#8220;1\/4&#8243;][vc_single_image image=&#8220;1495&#8243; img_size=&#8220;71*71&#8243; alignment=&#8220;center&#8220; css=&#8220;&#8220;][vc_empty_space][vc_column_text css=&#8220;&#8220;]<\/p>\n<p style=\"text-align: center;\">Babyset<br \/>\n(Bett + Hochstuhl)<\/p>\n<p>[\/vc_column_text][\/vc_column_inner][\/vc_row_inner][vc_empty_space height=&#8220;15px&#8220;]<div class=\"text-center btnwrap\"><a class=\"btn btn-huttopia-cta\" href=\"https:\/\/checkout.citykamp.com\/965\/de\/\" role=\"button\" target=\"true\" onclick=\"dataLayer.push({'event':'clickCity', 'clickText':'Ich buche meinen Stellplatz'})\">Ich buche meinen Stellplatz<\/a><\/div><\/div>[\/vc_column][\/vc_row][vc_row css=&#8220;.vc_custom_1739892242149{margin-left: -0.5px !important;background-color: #E84E1B33 !important;border-color: #EEEEEEEE !important;}&#8220;][vc_column]<div class=\"wrappedcontent\">[vc_empty_space height=&#8220;15px&#8220;][vc_row_inner gap=&#8220;35&#8243; css=&#8220;.vc_custom_1732031669825{margin-left: -0.5px !important;}&#8220;][vc_column_inner width=&#8220;1\/4&#8243;][vc_masonry_media_grid element_width=&#8220;12&#8243; gap=&#8220;0&#8243; css=&#8220;&#8220; grid_id=&#8220;vc_gid:1757319229029-5b093ea5-a17e-9&#8243; include=&#8220;1153&#8243;][\/vc_column_inner][vc_column_inner width=&#8220;3\/4&#8243;][vc_column_text css=&#8220;&#8220;]<\/p>\n<h3><strong><span style=\"color: #e94e1b;\">CAMPING CARD<\/span><\/strong><\/h3>\n<p><span style=\"font-size: 12pt;\">Campen Sie ab <span style=\"color: #e84e1b;\"><strong>15\u20ac<\/strong><\/span>* pro \u00dcbernachtung mit der <span style=\"color: #e94e1b;\"><a style=\"color: #e94e1b;\" href=\"https:\/\/www.citykamp.com\/de\/camping-card\/\"><span style=\"text-decoration: underline;\">Camping Card<\/span><\/a><\/span>\u00a0Huttopia.<\/span><br \/>\n<span style=\"font-size: 12pt;\">Profitieren Sie von reduzierten Preisen und Gratis\u00fcbernachtungen in der Vor- und Nachsaison auf allen <span style=\"text-decoration: underline; color: #e94e1b;\"><a style=\"color: #e94e1b; text-decoration: underline;\" href=\"https:\/\/www.citykamp.com\/de\/reiseziele\/\">CityKamp<\/a><\/span> Campingpl\u00e4tzen, <span style=\"text-decoration: underline; color: #e94e1b;\"><a style=\"color: #e94e1b; text-decoration: underline;\" href=\"https:\/\/www.onlycamp.fr\/en\/\">Onlycamp<\/a><\/span> en <span style=\"text-decoration: underline; color: #e94e1b;\"><a style=\"color: #e94e1b; text-decoration: underline;\" href=\"https:\/\/europe.huttopia.com\/de\/destinations\/campings\/\">Huttopia Campingpl\u00e4tzen<\/a><\/span>.<\/span><\/p>\n<p><em><span style=\"font-size: 10pt;\">*Preis beinhaltet 1 Stellplatz f\u00fcr 2 Personen mit Stromanschluss (+ Haustier gratis)<\/span><\/em>[\/vc_column_text]<div class=\"text-center btnwrap\"><a class=\"btn btn-huttopia-cta\" href=\"https:\/\/www.citykamp.com\/de\/camping-card\/\" role=\"button\" target=\"true\" onclick=\"dataLayer.push({'event':'clickCity', 'clickText':'MEHR ERFAHREN'})\">MEHR ERFAHREN<\/a><\/div>[\/vc_column_inner][\/vc_row_inner][vc_empty_space height=&#8220;15px&#8220;]<\/div>[\/vc_column][\/vc_row]<\/p>\n<\/div>","protected":false},"excerpt":{"rendered":"<p>[vc_row css=&#8220;.vc_custom_1732029271186{margin-left: -0.5px !important;}&#8220;][vc_column][vc_empty_space height=&#8220;20px&#8220;][\/vc_column][\/vc_row][vc_row css=&#8220;.vc_custom_1739892291909{margin-left: -0.5px !important;background-color: #E8E8E8 !important;}&#8220;][vc_column][\/vc_column][\/vc_row][vc_row css=&#8220;.vc_custom_1739892173009{margin-left: -0.5px !important;border-color: #EEEEEEEE !important;}&#8220;][vc_column][vc_empty_space height=&#8220;15px&#8220;][\/vc_column][\/vc_row][vc_row css=&#8220;.vc_custom_1739892242149{margin-left: -0.5px !important;background-color: #E84E1B33 !important;border-color: #EEEEEEEE !important;}&#8220;][vc_column][\/vc_column][\/vc_row]<\/p>\n","protected":false},"author":4,"featured_media":4093,"parent":0,"menu_order":0,"comment_status":"closed","ping_status":"closed","template":"","meta":{"footnotes":""},"class_list":["post-793","page","type-page","status-publish","has-post-thumbnail","hentry"],"yoast_head":"<!-- This site is optimized with the Yoast SEO plugin v25.6 - https:\/\/yoast.com\/wordpress\/plugins\/seo\/ -->\n<title>Unsere Stellpl\u00e4tze inmitten der Natur | Campingplatz Aix-en-Provence<\/title>\n<meta name=\"description\" content=\"Zelten Sie vor den Toren von Aix en Provence in einem St\u00fcck Natur. Stellen Sie Ihre Ausr\u00fcstung auf einem unserer Stellpl\u00e4tze auf.\" \/>\n<meta name=\"robots\" content=\"index, follow, max-snippet:-1, max-image-preview:large, max-video-preview:-1\" \/>\n<link rel=\"canonical\" href=\"https:\/\/www.camping-aix-en-provence.com\/de\/stellplaetze\/\" \/>\n<meta property=\"og:locale\" content=\"de_DE\" \/>\n<meta property=\"og:type\" content=\"article\" \/>\n<meta property=\"og:title\" content=\"Unsere Stellpl\u00e4tze inmitten der Natur | Campingplatz Aix-en-Provence\" \/>\n<meta property=\"og:description\" content=\"Zelten Sie vor den Toren von Aix en Provence in einem St\u00fcck Natur. Stellen Sie Ihre Ausr\u00fcstung auf einem unserer Stellpl\u00e4tze auf.\" \/>\n<meta property=\"og:url\" content=\"https:\/\/www.camping-aix-en-provence.com\/de\/stellplaetze\/\" \/>\n<meta property=\"og:site_name\" content=\"Aix-en-Provence\" \/>\n<meta property=\"article:modified_time\" content=\"2025-10-21T08:22:12+00:00\" \/>\n<meta property=\"og:image\" content=\"https:\/\/www.camping-aix-en-provence.com\/uploads\/sites\/55\/2025\/06\/emplacement-camping-car-aix-2.jpg\" \/>\n\t<meta property=\"og:image:width\" content=\"600\" \/>\n\t<meta property=\"og:image:height\" content=\"500\" \/>\n\t<meta property=\"og:image:type\" content=\"image\/jpeg\" \/>\n<meta name=\"twitter:card\" content=\"summary_large_image\" \/>\n<meta name=\"twitter:label1\" content=\"Est. reading time\" \/>\n\t<meta name=\"twitter:data1\" content=\"6 Minuten\" \/>\n<script type=\"application\/ld+json\" class=\"yoast-schema-graph\">{\"@context\":\"https:\/\/schema.org\",\"@graph\":[{\"@type\":\"WebPage\",\"@id\":\"https:\/\/www.camping-aix-en-provence.com\/de\/stellplaetze\/\",\"url\":\"https:\/\/www.camping-aix-en-provence.com\/de\/stellplaetze\/\",\"name\":\"Unsere Stellpl\u00e4tze inmitten der Natur | Campingplatz Aix-en-Provence\",\"isPartOf\":{\"@id\":\"https:\/\/www.camping-aix-en-provence.com\/de\/#website\"},\"primaryImageOfPage\":{\"@id\":\"https:\/\/www.camping-aix-en-provence.com\/de\/stellplaetze\/#primaryimage\"},\"image\":{\"@id\":\"https:\/\/www.camping-aix-en-provence.com\/de\/stellplaetze\/#primaryimage\"},\"thumbnailUrl\":\"https:\/\/www.camping-aix-en-provence.com\/uploads\/sites\/55\/2025\/06\/emplacement-camping-car-aix-2.jpg\",\"datePublished\":\"2024-05-03T09:50:19+00:00\",\"dateModified\":\"2025-10-21T08:22:12+00:00\",\"description\":\"Zelten Sie vor den Toren von Aix en Provence in einem St\u00fcck Natur. Stellen Sie Ihre Ausr\u00fcstung auf einem unserer Stellpl\u00e4tze auf.\",\"breadcrumb\":{\"@id\":\"https:\/\/www.camping-aix-en-provence.com\/de\/stellplaetze\/#breadcrumb\"},\"inLanguage\":\"de-DE\",\"potentialAction\":[{\"@type\":\"ReadAction\",\"target\":[\"https:\/\/www.camping-aix-en-provence.com\/de\/stellplaetze\/\"]}]},{\"@type\":\"ImageObject\",\"inLanguage\":\"de-DE\",\"@id\":\"https:\/\/www.camping-aix-en-provence.com\/de\/stellplaetze\/#primaryimage\",\"url\":\"https:\/\/www.camping-aix-en-provence.com\/uploads\/sites\/55\/2025\/06\/emplacement-camping-car-aix-2.jpg\",\"contentUrl\":\"https:\/\/www.camping-aix-en-provence.com\/uploads\/sites\/55\/2025\/06\/emplacement-camping-car-aix-2.jpg\",\"width\":600,\"height\":500},{\"@type\":\"BreadcrumbList\",\"@id\":\"https:\/\/www.camping-aix-en-provence.com\/de\/stellplaetze\/#breadcrumb\",\"itemListElement\":[{\"@type\":\"ListItem\",\"position\":1,\"name\":\"Home\",\"item\":\"https:\/\/www.camping-aix-en-provence.com\/de\/\"},{\"@type\":\"ListItem\",\"position\":2,\"name\":\"Stellpl\u00e4tze\"}]},{\"@type\":\"WebSite\",\"@id\":\"https:\/\/www.camping-aix-en-provence.com\/de\/#website\",\"url\":\"https:\/\/www.camping-aix-en-provence.com\/de\/\",\"name\":\"Aix-en-Provence\",\"description\":\"\",\"potentialAction\":[{\"@type\":\"SearchAction\",\"target\":{\"@type\":\"EntryPoint\",\"urlTemplate\":\"https:\/\/www.camping-aix-en-provence.com\/de\/?s={search_term_string}\"},\"query-input\":{\"@type\":\"PropertyValueSpecification\",\"valueRequired\":true,\"valueName\":\"search_term_string\"}}],\"inLanguage\":\"de-DE\"}]}<\/script>\n<!-- \/ Yoast SEO plugin. -->","yoast_head_json":{"title":"Unsere Stellpl\u00e4tze inmitten der Natur | Campingplatz Aix-en-Provence","description":"Zelten Sie vor den Toren von Aix en Provence in einem St\u00fcck Natur. Stellen Sie Ihre Ausr\u00fcstung auf einem unserer Stellpl\u00e4tze auf.","robots":{"index":"index","follow":"follow","max-snippet":"max-snippet:-1","max-image-preview":"max-image-preview:large","max-video-preview":"max-video-preview:-1"},"canonical":"https:\/\/www.camping-aix-en-provence.com\/de\/stellplaetze\/","og_locale":"de_DE","og_type":"article","og_title":"Unsere Stellpl\u00e4tze inmitten der Natur | Campingplatz Aix-en-Provence","og_description":"Zelten Sie vor den Toren von Aix en Provence in einem St\u00fcck Natur. Stellen Sie Ihre Ausr\u00fcstung auf einem unserer Stellpl\u00e4tze auf.","og_url":"https:\/\/www.camping-aix-en-provence.com\/de\/stellplaetze\/","og_site_name":"Aix-en-Provence","article_modified_time":"2025-10-21T08:22:12+00:00","og_image":[{"width":600,"height":500,"url":"https:\/\/www.camping-aix-en-provence.com\/uploads\/sites\/55\/2025\/06\/emplacement-camping-car-aix-2.jpg","type":"image\/jpeg"}],"twitter_card":"summary_large_image","twitter_misc":{"Est. reading time":"6 Minuten"},"schema":{"@context":"https:\/\/schema.org","@graph":[{"@type":"WebPage","@id":"https:\/\/www.camping-aix-en-provence.com\/de\/stellplaetze\/","url":"https:\/\/www.camping-aix-en-provence.com\/de\/stellplaetze\/","name":"Unsere Stellpl\u00e4tze inmitten der Natur | Campingplatz Aix-en-Provence","isPartOf":{"@id":"https:\/\/www.camping-aix-en-provence.com\/de\/#website"},"primaryImageOfPage":{"@id":"https:\/\/www.camping-aix-en-provence.com\/de\/stellplaetze\/#primaryimage"},"image":{"@id":"https:\/\/www.camping-aix-en-provence.com\/de\/stellplaetze\/#primaryimage"},"thumbnailUrl":"https:\/\/www.camping-aix-en-provence.com\/uploads\/sites\/55\/2025\/06\/emplacement-camping-car-aix-2.jpg","datePublished":"2024-05-03T09:50:19+00:00","dateModified":"2025-10-21T08:22:12+00:00","description":"Zelten Sie vor den Toren von Aix en Provence in einem St\u00fcck Natur. Stellen Sie Ihre Ausr\u00fcstung auf einem unserer Stellpl\u00e4tze auf.","breadcrumb":{"@id":"https:\/\/www.camping-aix-en-provence.com\/de\/stellplaetze\/#breadcrumb"},"inLanguage":"de-DE","potentialAction":[{"@type":"ReadAction","target":["https:\/\/www.camping-aix-en-provence.com\/de\/stellplaetze\/"]}]},{"@type":"ImageObject","inLanguage":"de-DE","@id":"https:\/\/www.camping-aix-en-provence.com\/de\/stellplaetze\/#primaryimage","url":"https:\/\/www.camping-aix-en-provence.com\/uploads\/sites\/55\/2025\/06\/emplacement-camping-car-aix-2.jpg","contentUrl":"https:\/\/www.camping-aix-en-provence.com\/uploads\/sites\/55\/2025\/06\/emplacement-camping-car-aix-2.jpg","width":600,"height":500},{"@type":"BreadcrumbList","@id":"https:\/\/www.camping-aix-en-provence.com\/de\/stellplaetze\/#breadcrumb","itemListElement":[{"@type":"ListItem","position":1,"name":"Home","item":"https:\/\/www.camping-aix-en-provence.com\/de\/"},{"@type":"ListItem","position":2,"name":"Stellpl\u00e4tze"}]},{"@type":"WebSite","@id":"https:\/\/www.camping-aix-en-provence.com\/de\/#website","url":"https:\/\/www.camping-aix-en-provence.com\/de\/","name":"Aix-en-Provence","description":"","potentialAction":[{"@type":"SearchAction","target":{"@type":"EntryPoint","urlTemplate":"https:\/\/www.camping-aix-en-provence.com\/de\/?s={search_term_string}"},"query-input":{"@type":"PropertyValueSpecification","valueRequired":true,"valueName":"search_term_string"}}],"inLanguage":"de-DE"}]}},"_links":{"self":[{"href":"https:\/\/www.camping-aix-en-provence.com\/de\/wp-json\/wp\/v2\/pages\/793","targetHints":{"allow":["GET"]}}],"collection":[{"href":"https:\/\/www.camping-aix-en-provence.com\/de\/wp-json\/wp\/v2\/pages"}],"about":[{"href":"https:\/\/www.camping-aix-en-provence.com\/de\/wp-json\/wp\/v2\/types\/page"}],"author":[{"embeddable":true,"href":"https:\/\/www.camping-aix-en-provence.com\/de\/wp-json\/wp\/v2\/users\/4"}],"replies":[{"embeddable":true,"href":"https:\/\/www.camping-aix-en-provence.com\/de\/wp-json\/wp\/v2\/comments?post=793"}],"version-history":[{"count":5,"href":"https:\/\/www.camping-aix-en-provence.com\/de\/wp-json\/wp\/v2\/pages\/793\/revisions"}],"predecessor-version":[{"id":5154,"href":"https:\/\/www.camping-aix-en-provence.com\/de\/wp-json\/wp\/v2\/pages\/793\/revisions\/5154"}],"wp:featuredmedia":[{"embeddable":true,"href":"https:\/\/www.camping-aix-en-provence.com\/de\/wp-json\/wp\/v2\/media\/4093"}],"wp:attachment":[{"href":"https:\/\/www.camping-aix-en-provence.com\/de\/wp-json\/wp\/v2\/media?parent=793"}],"curies":[{"name":"wp","href":"https:\/\/api.w.org\/{rel}","templated":true}]}}