{"id":944,"date":"2024-05-14T15:59:50","date_gmt":"2024-05-14T13:59:50","guid":{"rendered":"https:\/\/www.citykamp.com\/aix-en-provence\/activites-services\/"},"modified":"2026-04-15T08:20:53","modified_gmt":"2026-04-15T06:20:53","slug":"aktivitaeten-dienstleistungen","status":"publish","type":"page","link":"https:\/\/www.camping-aix-en-provence.com\/de\/aktivitaeten-dienstleistungen\/","title":{"rendered":"AKTIVIT\u00c4TEN UND DIENSTLEISTUNGEN"},"content":{"rendered":"<div class=\"wpb-content-wrapper\"><p>[vc_row css=&#8220;.vc_custom_1732025594548{margin-left: -0.5px !important;background-color: #FFFFFF !important;border-color: #EEEEEE !important;}&#8220;][vc_column]<img decoding=\"async\" class=\"header-img\" src=\"https:\/\/www.camping-aix-en-provence.com\/uploads\/sites\/55\/2025\/08\/citykamp-aix-en-provence-activites-services-header.jpg\">[vc_empty_space]<div class=\"wrappedcontent\">[vc_column_text css=&#8220;&#8220;]<\/p>\n<h1 style=\"text-align: center;\">Aktivit\u00e4ten und Dienstleistungen<\/h1>\n<p style=\"text-align: center;\"><span style=\"font-size: 14pt;\">F\u00fcr den Zeitvertrieb bietet Ihnen der Camping Aix-en-Provence zahlreiche Aktivit\u00e4ten und Dienstleistungen f\u00fcr die ganze Familie.<\/span><\/p>\n<p>[\/vc_column_text][vc_empty_space][vc_empty_space][vc_row_inner equal_height=&#8220;yes&#8220; gap=&#8220;35&#8243; css=&#8220;.vc_custom_1739893130798{margin-left: -0.5px !important;}&#8220;][vc_column_inner width=&#8220;1\/2&#8243;][vc_images_carousel images=&#8220;4756,4762,4768,4774&#8243; img_size=&#8220;600&#215;400&#8243; onclick=&#8220;link_no&#8220; speed=&#8220;4000&#8243; autoplay=&#8220;yes&#8220; css=&#8220;&#8220;][\/vc_column_inner][vc_column_inner width=&#8220;1\/2&#8243;][vc_column_text css=&#8220;&#8220;]<\/p>\n<h2 style=\"text-align: center;\">BADESPASS IM POOL<\/h2>\n<p>Das h\u00f6her gelegene beheizte Schwimmbecken l\u00e4dt zum Ausspannen ein und bietet einen Blick in die provenzalische Natur.<\/p>\n<p>Ziehen Sie ein paar Bahnen und k\u00fchlen Sie sich an sch\u00f6nen Tagen unter der Sonne S\u00fcdfrankreichs ab. Entspannen Sie am Pool, w\u00e4hrend Ihre Kinder in aller Sicherheit im Planschbecken ihren Spa\u00df haben.<\/p>\n<p>Genie\u00dfen Sie zwischen zwei Spr\u00fcngen ins k\u00fchle Nass das Nichtstun auf den Liegest\u00fchlen und lauschen Sie dem Zirpen der Zikaden.<\/p>\n<p>Das Schwimmbad ist vom 3<span data-teams=\"true\">\/04\/2026<\/span> bis 4<span data-teams=\"true\">\/10\/2026<\/span> ge\u00f6ffnet.[\/vc_column_text][\/vc_column_inner][\/vc_row_inner]<div class=\"text-center btnwrap\"><a class=\"btn btn-huttopia-cta\" href=\"https:\/\/checkout.citykamp.com\/965\/de\/\" role=\"button\" target=\"true\" onclick=\"dataLayer.push({'event':'clickCity', 'clickText':'Ich buche meinen Aufenthalt'})\">Ich buche meinen Aufenthalt<\/a><\/div><\/div>[\/vc_column][\/vc_row][vc_row css=&#8220;.vc_custom_1739894357394{margin-left: -0.5px !important;background-color: #E84E1B33 !important;}&#8220;][vc_column]<div class=\"wrappedcontent\">[vc_empty_space][vc_row_inner gap=&#8220;20&#8243; css=&#8220;.vc_custom_1731923210584{margin-left: -0.5px !important;}&#8220;][vc_column_inner width=&#8220;1\/2&#8243;][vc_column_text css=&#8220;&#8220;]<\/p>\n<h2 style=\"text-align: center;\">DIE BASTIDE, EIN AUTHENTISCHER TREFFPUNKT<\/h2>\n<p>Der in einem ehemaligen provenzalischen Bauernhaus untergebrauchte Gemeinschaftsbereich ist ein Ort, an dem man gerne zusammenkommt. Das frisch renovierte Geb\u00e4ude hat seinen Charme bewahrt und ist w\u00e4hrend Ihres Urlaubs der Treffpunkt f\u00fcr Austausch und gesellige Momente. Machen Sie es sich allein oder mit der Familie auf den Sofas bequem, nutzen Sie die ausliegenden B\u00fccher und Gesellschaftsspiele.<\/p>\n<p>Genie\u00dfen Sie Ihr Fr\u00fchst\u00fcck in der Sonne, begleitet vom Gezwitscher der V\u00f6gel. F\u00fcr Ihr Fr\u00fchst\u00fcck auf Ihrem Stellplatz k\u00f6nnen Sie Brot und Croissants auch am Vortag bestellen.<\/p>\n<p>Genie\u00dfen Sie Ihr Fr\u00fchst\u00fcck in der Sonne, begleitet vom Gezwitscher der V\u00f6gel. F\u00fcr Ihr Fr\u00fchst\u00fcck auf Ihrem Stellplatz k\u00f6nnen Sie Brot und Croissants auch am Vortag bestellen.<\/p>\n<p>Und auf der Steinterrasse k\u00f6nnen Sie im Schatten der Pinien eine unserer k\u00f6stlichen, hausgemachten Pizzen genie\u00dfen.<\/p>\n<p>[\/vc_column_text][\/vc_column_inner][vc_column_inner width=&#8220;1\/2&#8243;][vc_images_carousel images=&#8220;4780,4786,4792,4798,4804,4810,4816,4822&#8243; img_size=&#8220;600&#215;400&#8243; onclick=&#8220;link_no&#8220; speed=&#8220;4000&#8243; autoplay=&#8220;yes&#8220; css=&#8220;&#8220;][\/vc_column_inner][\/vc_row_inner]<\/div>[\/vc_column][\/vc_row][vc_row css=&#8220;.vc_custom_1739894351891{margin-left: -0.5px !important;border-color: #EEEEEE !important;}&#8220;][vc_column]<div class=\"wrappedcontent\">[vc_empty_space][vc_row_inner equal_height=&#8220;yes&#8220; gap=&#8220;20&#8243; css=&#8220;.vc_custom_1732025647739{margin-left: -0.5px !important;}&#8220;][vc_column_inner width=&#8220;1\/2&#8243;][vc_images_carousel images=&#8220;4828,4834,4840&#8243; img_size=&#8220;600&#215;400&#8243; onclick=&#8220;link_no&#8220; speed=&#8220;4000&#8243; autoplay=&#8220;yes&#8220; css=&#8220;&#8220;][\/vc_column_inner][vc_column_inner width=&#8220;1\/2&#8243;][vc_column_text css=&#8220;&#8220;]<\/p>\n<h2 style=\"text-align: center;\"><strong><span style=\"color: #e94e1b;\">DIE REZEPTION, FREUNDLICH UND ZUVORKOMMEND<\/span><\/strong><\/h2>\n<p>An der Rezeption des Campings erfahren Sie alles \u00fcber Ihren Stellplatz oder Ihre Unterkunft. Unsere Mitarbeiter sind f\u00fcr Sie da und geben Ihnen gerne Tipps und Infos zu den besten Adressen und Urlaubsaktivit\u00e4ten rund um Aix-en-Provence.<\/p>\n<p>Vor Ort finden Sie ein kleines Warenangebot, dass Ihnen aus der Patsche hilft, darunter auch lokale Erzeugnisse, die unser Team f\u00fcr Sie zusammengestellt hat. Die kleine Terrasse ist ideal, um Ihr Ausflugsprogramm bei einer Tasse Kaffee zu planen.[\/vc_column_text][\/vc_column_inner][\/vc_row_inner][vc_empty_space]<div class=\"text-center btnwrap\"><a class=\"btn btn-huttopia-cta\" href=\"https:\/\/checkout.citykamp.com\/965\/de\/\" role=\"button\" target=\"true\" onclick=\"dataLayer.push({'event':'clickCity', 'clickText':'Ich buche meinen Aufenthalt'})\">Ich buche meinen Aufenthalt<\/a><\/div><\/div>[\/vc_column][\/vc_row][vc_row css=&#8220;.vc_custom_1739894275408{margin-left: -0.5px !important;background-color: #E8E8E8 !important;}&#8220;][vc_column]<div class=\"wrappedcontent\">[vc_empty_space][vc_column_text css=&#8220;&#8220;]<\/p>\n<h2 style=\"text-align: center;\"><span style=\"font-size: 18pt;\"><strong>DIE DIENSTLEISTUNGEN<\/strong><\/span><\/h2>\n<p>[\/vc_column_text][vc_empty_space][vc_row_inner gap=&#8220;20&#8243; css=&#8220;.vc_custom_1715695519532{margin-left: -0.5px !important;}&#8220;][vc_column_inner width=&#8220;1\/5&#8243;][vc_single_image image=&#8220;4192&#8243; img_size=&#8220;71*71&#8243; alignment=&#8220;center&#8220; css=&#8220;&#8220;][vc_empty_space][vc_column_text css=&#8220;&#8220;]<\/p>\n<p style=\"text-align: center;\">Vermietung von K\u00fchlger\u00e4ten<\/p>\n<p>[\/vc_column_text][\/vc_column_inner][vc_column_inner width=&#8220;1\/5&#8243;][vc_single_image image=&#8220;922&#8243; img_size=&#8220;71*71&#8243; alignment=&#8220;center&#8220;][vc_empty_space][vc_column_text css=&#8220;&#8220;]<\/p>\n<p style=\"text-align: center;\">Babyset (Bett + Hochstuhl)<\/p>\n<p>[\/vc_column_text][\/vc_column_inner][vc_column_inner width=&#8220;1\/5&#8243;][vc_single_image image=&#8220;921&#8243; img_size=&#8220;71*71&#8243; alignment=&#8220;center&#8220;][vc_empty_space][vc_column_text css=&#8220;&#8220;]<\/p>\n<p style=\"text-align: center;\">Endreinigung (gegen Aufpreis)<\/p>\n<p>[\/vc_column_text][\/vc_column_inner][vc_column_inner width=&#8220;1\/5&#8243;][vc_single_image image=&#8220;949&#8243; img_size=&#8220;71*71&#8243; alignment=&#8220;center&#8220;][vc_empty_space][vc_column_text css=&#8220;&#8220;]<\/p>\n<p style=\"text-align: center;\">Gesch\u00e4fte in 200 Metern<\/p>\n<p>[\/vc_column_text][\/vc_column_inner][vc_column_inner width=&#8220;1\/5&#8243;][vc_single_image image=&#8220;1869&#8243; img_size=&#8220;71*71&#8243; alignment=&#8220;center&#8220; css=&#8220;&#8220;][vc_empty_space][vc_column_text css=&#8220;&#8220;]<\/p>\n<p style=\"text-align: center;\">Wifi<\/p>\n<p>[\/vc_column_text][\/vc_column_inner][\/vc_row_inner][vc_empty_space]<\/div>[\/vc_column][\/vc_row][vc_row css=&#8220;.vc_custom_1732025610915{margin-left: -0.5px !important;background-color: #FFFFFF !important;}&#8220;][vc_column]<div class=\"wrappedcontent\">[vc_empty_space][vc_column_text css=&#8220;&#8220;]<\/p>\n<h2 style=\"text-align: center;\"><span style=\"font-size: 18pt;\"><strong>DIE AKTIVIT\u00c4TEN<\/strong><\/span><\/h2>\n<p>[\/vc_column_text][vc_empty_space][vc_row_inner gap=&#8220;20&#8243; css=&#8220;.vc_custom_1732024941147{margin-left: -0.5px !important;}&#8220;][vc_column_inner width=&#8220;1\/4&#8243;][vc_single_image image=&#8220;1357&#8243; img_size=&#8220;600*400&#8243; alignment=&#8220;center&#8220; css=&#8220;&#8220;][vc_empty_space height=&#8220;20px&#8220;][vc_column_text css=&#8220;&#8220;]<\/p>\n<p style=\"text-align: center;\"><strong><span style=\"font-size: 14pt;\">VERLEIH VON ELEKTROFAHRR\u00c4DERN<\/span><br \/>\n<\/strong>Entdecken Sie die Umgebung und das Zentrum von Aix-en-Provence mit dem Rad.<\/p>\n<p>[\/vc_column_text][\/vc_column_inner][vc_column_inner width=&#8220;1\/4&#8243;][vc_single_image image=&#8220;4846&#8243; img_size=&#8220;600*400&#8243; alignment=&#8220;center&#8220; css=&#8220;&#8220;][vc_empty_space height=&#8220;20px&#8220;][vc_column_text css=&#8220;&#8220;]<\/p>\n<p style=\"text-align: center;\"><strong><span style=\"font-size: 14pt;\">BOULE<\/span><br \/>\n<\/strong>Petanque, die provenzalische Variante des Boulespiels, ist der Inbegriff f\u00fcr Geselligkeit. Ob versierter Spieler oder Amateur, auf dem Boulefeld des Campingplatzes teilen Sie einen Moment der Entspannung und guter Laune.<\/p>\n<p>[\/vc_column_text][\/vc_column_inner][vc_column_inner width=&#8220;1\/4&#8243;][vc_single_image image=&#8220;4852&#8243; img_size=&#8220;600*400&#8243; alignment=&#8220;center&#8220; css=&#8220;&#8220;][vc_empty_space height=&#8220;20px&#8220;][vc_column_text css=&#8220;&#8220;]<\/p>\n<p style=\"text-align: center;\"><strong><span style=\"font-size: 14pt;\">SPIELPLATZ<\/span><br \/>\n<\/strong>Kinder lieben es, sich auszutoben! Auf dem Spielplatz mit Holzspielger\u00e4ten des Camping Aix-en-Provence k\u00f6nnen sich die kleinen G\u00e4ste austollen, Abenteuer erleben und viel Spa\u00df haben.<\/p>\n<p>[\/vc_column_text][\/vc_column_inner][vc_column_inner width=&#8220;1\/4&#8243;][vc_single_image image=&#8220;3308&#8243; img_size=&#8220;600*400&#8243; alignment=&#8220;center&#8220; css=&#8220;&#8220;][vc_empty_space height=&#8220;20px&#8220;][vc_column_text css=&#8220;&#8220;]<\/p>\n<p style=\"text-align: center;\"><strong><span style=\"font-size: 14pt;\">FREIZEITAKTIVIT\u00c4TEN<\/span><br \/>\n<\/strong>Genie\u00dfen Sie die gemeinsamen Momente mit der Familie oder Freunden beim Tischtennis oder Tischfu\u00dfball. Sportsfreunde k\u00f6nnen ebenfalls auf dem Sportplatz im Freien trainieren.<\/p>\n<p>[\/vc_column_text][\/vc_column_inner][\/vc_row_inner]<\/div><div class=\"text-center btnwrap\"><a class=\"btn btn-huttopia-cta\" href=\"https:\/\/checkout.citykamp.com\/965\/de\/\" role=\"button\" target=\"true\" onclick=\"dataLayer.push({'event':'clickCity', 'clickText':'Ich buche meinen Aufenthalt'})\">Ich buche meinen Aufenthalt<\/a><\/div>[\/vc_column][\/vc_row][vc_row css=&#8220;.vc_custom_1732024303615{margin-left: -0.5px !important;}&#8220;][vc_column]<div class=\"wrappedcontent\">[vc_empty_space][vc_row_inner equal_height=&#8220;yes&#8220; content_placement=&#8220;middle&#8220; gap=&#8220;20&#8243; css=&#8220;.vc_custom_1731923382343{margin-left: -0.5px !important;}&#8220;][vc_column_inner width=&#8220;1\/2&#8243; css=&#8220;.vc_custom_1731923353242{background-color: #E84E1B33 !important;}&#8220;][vc_single_image image=&#8220;1390&#8243; img_size=&#8220;71*71&#8243; alignment=&#8220;center&#8220; onclick=&#8220;custom_link&#8220; css=&#8220;.vc_custom_1737110733352{margin-bottom: -10px !important;padding-top: 15px !important;}&#8220; link=&#8220;https:\/\/media.huttopia.com\/destinations\/aix-en-provence\/plan-camping-aix-en-provence.pdf&#8220;][vc_empty_space height=&#8220;15px&#8220;][vc_column_text css=&#8220;.vc_custom_1741268127335{padding-top: 25px !important;padding-right: 15px !important;padding-bottom: 15px !important;padding-left: 15px !important;}&#8220;]<\/p>\n<p style=\"text-align: center;\"><strong><span style=\"text-decoration: underline;\"><a href=\"https:\/\/media.huttopia.com\/destinations\/aix-en-provence\/plan-camping-aix-en-provence.pdf\" target=\"_blank\" rel=\"noopener\"><strong>Platzplan<\/strong><\/a><\/span><\/strong><\/p>\n<p>[\/vc_column_text][\/vc_column_inner][vc_column_inner width=&#8220;1\/2&#8243; css=&#8220;.vc_custom_1731666206219{background-color: #E84E1B33 !important;}&#8220;][vc_single_image image=&#8220;1398&#8243; img_size=&#8220;71*71&#8243; alignment=&#8220;center&#8220; onclick=&#8220;custom_link&#8220; css=&#8220;.vc_custom_1736326636228{margin-bottom: -10px !important;padding-top: 15px !important;}&#8220; link=&#8220;https:\/\/www.google.fr\/maps\/place\/41+Av.+du+Val+Saint-Andr%C3%A9,+13100+Aix-en-Provence\/@43.5153951,5.474435,17z\/data=!3m1!4b1!4m6!3m5!1s0x12c98dfcc3437a89:0x6c511b352adc54d5!8m2!3d43.5153951!4d5.474435!16s%2Fg%2F11c3q3b1qq?entry=tts&amp;g_ep=EgoyMDI0MTExMy4xIPu8ASoASAFQAw%3D%3D&#8220;][vc_empty_space height=&#8220;15px&#8220;][vc_column_text css=&#8220;.vc_custom_1741268132279{padding-top: 15px !important;padding-right: 15px !important;padding-bottom: 25px !important;padding-left: 15px !important;}&#8220;]<\/p>\n<p style=\"text-align: center;\"><span style=\"text-decoration: underline;\"><a href=\"https:\/\/maps.app.goo.gl\/z9M5z6binKLMxSZT6\" target=\"_blank\" rel=\"noopener noreferrer\"><strong>Route<\/strong><\/a><\/span><\/p>\n<p>[\/vc_column_text][\/vc_column_inner][\/vc_row_inner][vc_empty_space]<\/div>[\/vc_column][\/vc_row]<\/p>\n<\/div>","protected":false},"excerpt":{"rendered":"<p>[vc_row css=&#8220;.vc_custom_1732025594548{margin-left: -0.5px !important;background-color: #FFFFFF !important;border-color: #EEEEEE !important;}&#8220;][vc_column][vc_empty_space][\/vc_column][\/vc_row][vc_row css=&#8220;.vc_custom_1739894357394{margin-left: -0.5px !important;background-color: #E84E1B33 !important;}&#8220;][vc_column][\/vc_column][\/vc_row][vc_row css=&#8220;.vc_custom_1739894351891{margin-left: -0.5px !important;border-color: #EEEEEE !important;}&#8220;][vc_column][\/vc_column][\/vc_row][vc_row css=&#8220;.vc_custom_1739894275408{margin-left: -0.5px !important;background-color: #E8E8E8 !important;}&#8220;][vc_column][\/vc_column][\/vc_row][vc_row css=&#8220;.vc_custom_1732025610915{margin-left: -0.5px !important;background-color: #FFFFFF !important;}&#8220;][vc_column][\/vc_column][\/vc_row][vc_row css=&#8220;.vc_custom_1732024303615{margin-left: -0.5px !important;}&#8220;][vc_column][\/vc_column][\/vc_row]<\/p>\n","protected":false},"author":4,"featured_media":4142,"parent":0,"menu_order":0,"comment_status":"closed","ping_status":"closed","template":"","meta":{"footnotes":""},"class_list":["post-944","page","type-page","status-publish","has-post-thumbnail","hentry"],"yoast_head":"<!-- This site is optimized with the Yoast SEO plugin v25.6 - https:\/\/yoast.com\/wordpress\/plugins\/seo\/ -->\n<title>Aktivit\u00e4ten und Dienstleistungen f\u00fcr die ganze Familie | Camping Aix-en-Provence<\/title>\n<meta name=\"description\" content=\"Der Camingplatz Aix-en-Provence bietet eine Vielzahl von Aktivit\u00e4ten und Dienstleistungen f\u00fcr die ganze Familie: Schwimmbad, Spielpl\u00e4tze...\" \/>\n<meta name=\"robots\" content=\"index, follow, max-snippet:-1, max-image-preview:large, max-video-preview:-1\" \/>\n<link rel=\"canonical\" href=\"https:\/\/www.camping-aix-en-provence.com\/de\/aktivitaeten-dienstleistungen\/\" \/>\n<meta property=\"og:locale\" content=\"de_DE\" \/>\n<meta property=\"og:type\" content=\"article\" \/>\n<meta property=\"og:title\" content=\"Aktivit\u00e4ten und Dienstleistungen f\u00fcr die ganze Familie | Camping Aix-en-Provence\" \/>\n<meta property=\"og:description\" content=\"Der Camingplatz Aix-en-Provence bietet eine Vielzahl von Aktivit\u00e4ten und Dienstleistungen f\u00fcr die ganze Familie: Schwimmbad, Spielpl\u00e4tze...\" \/>\n<meta property=\"og:url\" content=\"https:\/\/www.camping-aix-en-provence.com\/de\/aktivitaeten-dienstleistungen\/\" \/>\n<meta property=\"og:site_name\" content=\"Aix-en-Provence\" \/>\n<meta property=\"article:modified_time\" content=\"2026-04-15T06:20:53+00:00\" \/>\n<meta property=\"og:image\" content=\"https:\/\/www.camping-aix-en-provence.com\/uploads\/sites\/55\/2025\/06\/accueil-aix-provence.jpg\" \/>\n\t<meta property=\"og:image:width\" content=\"600\" \/>\n\t<meta property=\"og:image:height\" content=\"500\" \/>\n\t<meta property=\"og:image:type\" content=\"image\/jpeg\" \/>\n<meta name=\"twitter:card\" content=\"summary_large_image\" \/>\n<meta name=\"twitter:label1\" content=\"Est. reading time\" \/>\n\t<meta name=\"twitter:data1\" content=\"9 Minuten\" \/>\n<script type=\"application\/ld+json\" class=\"yoast-schema-graph\">{\"@context\":\"https:\/\/schema.org\",\"@graph\":[{\"@type\":\"WebPage\",\"@id\":\"https:\/\/www.camping-aix-en-provence.com\/de\/aktivitaeten-dienstleistungen\/\",\"url\":\"https:\/\/www.camping-aix-en-provence.com\/de\/aktivitaeten-dienstleistungen\/\",\"name\":\"Aktivit\u00e4ten und Dienstleistungen f\u00fcr die ganze Familie | Camping Aix-en-Provence\",\"isPartOf\":{\"@id\":\"https:\/\/www.camping-aix-en-provence.com\/de\/#website\"},\"primaryImageOfPage\":{\"@id\":\"https:\/\/www.camping-aix-en-provence.com\/de\/aktivitaeten-dienstleistungen\/#primaryimage\"},\"image\":{\"@id\":\"https:\/\/www.camping-aix-en-provence.com\/de\/aktivitaeten-dienstleistungen\/#primaryimage\"},\"thumbnailUrl\":\"https:\/\/www.camping-aix-en-provence.com\/uploads\/sites\/55\/2025\/06\/accueil-aix-provence.jpg\",\"datePublished\":\"2024-05-14T13:59:50+00:00\",\"dateModified\":\"2026-04-15T06:20:53+00:00\",\"description\":\"Der Camingplatz Aix-en-Provence bietet eine Vielzahl von Aktivit\u00e4ten und Dienstleistungen f\u00fcr die ganze Familie: Schwimmbad, Spielpl\u00e4tze...\",\"breadcrumb\":{\"@id\":\"https:\/\/www.camping-aix-en-provence.com\/de\/aktivitaeten-dienstleistungen\/#breadcrumb\"},\"inLanguage\":\"de-DE\",\"potentialAction\":[{\"@type\":\"ReadAction\",\"target\":[\"https:\/\/www.camping-aix-en-provence.com\/de\/aktivitaeten-dienstleistungen\/\"]}]},{\"@type\":\"ImageObject\",\"inLanguage\":\"de-DE\",\"@id\":\"https:\/\/www.camping-aix-en-provence.com\/de\/aktivitaeten-dienstleistungen\/#primaryimage\",\"url\":\"https:\/\/www.camping-aix-en-provence.com\/uploads\/sites\/55\/2025\/06\/accueil-aix-provence.jpg\",\"contentUrl\":\"https:\/\/www.camping-aix-en-provence.com\/uploads\/sites\/55\/2025\/06\/accueil-aix-provence.jpg\",\"width\":600,\"height\":500,\"caption\":\"Acceuil Citykamp Aic-en-Provence\"},{\"@type\":\"BreadcrumbList\",\"@id\":\"https:\/\/www.camping-aix-en-provence.com\/de\/aktivitaeten-dienstleistungen\/#breadcrumb\",\"itemListElement\":[{\"@type\":\"ListItem\",\"position\":1,\"name\":\"Home\",\"item\":\"https:\/\/www.camping-aix-en-provence.com\/de\/\"},{\"@type\":\"ListItem\",\"position\":2,\"name\":\"AKTIVIT\u00c4TEN UND DIENSTLEISTUNGEN\"}]},{\"@type\":\"WebSite\",\"@id\":\"https:\/\/www.camping-aix-en-provence.com\/de\/#website\",\"url\":\"https:\/\/www.camping-aix-en-provence.com\/de\/\",\"name\":\"Aix-en-Provence\",\"description\":\"\",\"potentialAction\":[{\"@type\":\"SearchAction\",\"target\":{\"@type\":\"EntryPoint\",\"urlTemplate\":\"https:\/\/www.camping-aix-en-provence.com\/de\/?s={search_term_string}\"},\"query-input\":{\"@type\":\"PropertyValueSpecification\",\"valueRequired\":true,\"valueName\":\"search_term_string\"}}],\"inLanguage\":\"de-DE\"}]}<\/script>\n<!-- \/ Yoast SEO plugin. -->","yoast_head_json":{"title":"Aktivit\u00e4ten und Dienstleistungen f\u00fcr die ganze Familie | Camping Aix-en-Provence","description":"Der Camingplatz Aix-en-Provence bietet eine Vielzahl von Aktivit\u00e4ten und Dienstleistungen f\u00fcr die ganze Familie: Schwimmbad, Spielpl\u00e4tze...","robots":{"index":"index","follow":"follow","max-snippet":"max-snippet:-1","max-image-preview":"max-image-preview:large","max-video-preview":"max-video-preview:-1"},"canonical":"https:\/\/www.camping-aix-en-provence.com\/de\/aktivitaeten-dienstleistungen\/","og_locale":"de_DE","og_type":"article","og_title":"Aktivit\u00e4ten und Dienstleistungen f\u00fcr die ganze Familie | Camping Aix-en-Provence","og_description":"Der Camingplatz Aix-en-Provence bietet eine Vielzahl von Aktivit\u00e4ten und Dienstleistungen f\u00fcr die ganze Familie: Schwimmbad, Spielpl\u00e4tze...","og_url":"https:\/\/www.camping-aix-en-provence.com\/de\/aktivitaeten-dienstleistungen\/","og_site_name":"Aix-en-Provence","article_modified_time":"2026-04-15T06:20:53+00:00","og_image":[{"width":600,"height":500,"url":"https:\/\/www.camping-aix-en-provence.com\/uploads\/sites\/55\/2025\/06\/accueil-aix-provence.jpg","type":"image\/jpeg"}],"twitter_card":"summary_large_image","twitter_misc":{"Est. reading time":"9 Minuten"},"schema":{"@context":"https:\/\/schema.org","@graph":[{"@type":"WebPage","@id":"https:\/\/www.camping-aix-en-provence.com\/de\/aktivitaeten-dienstleistungen\/","url":"https:\/\/www.camping-aix-en-provence.com\/de\/aktivitaeten-dienstleistungen\/","name":"Aktivit\u00e4ten und Dienstleistungen f\u00fcr die ganze Familie | Camping Aix-en-Provence","isPartOf":{"@id":"https:\/\/www.camping-aix-en-provence.com\/de\/#website"},"primaryImageOfPage":{"@id":"https:\/\/www.camping-aix-en-provence.com\/de\/aktivitaeten-dienstleistungen\/#primaryimage"},"image":{"@id":"https:\/\/www.camping-aix-en-provence.com\/de\/aktivitaeten-dienstleistungen\/#primaryimage"},"thumbnailUrl":"https:\/\/www.camping-aix-en-provence.com\/uploads\/sites\/55\/2025\/06\/accueil-aix-provence.jpg","datePublished":"2024-05-14T13:59:50+00:00","dateModified":"2026-04-15T06:20:53+00:00","description":"Der Camingplatz Aix-en-Provence bietet eine Vielzahl von Aktivit\u00e4ten und Dienstleistungen f\u00fcr die ganze Familie: Schwimmbad, Spielpl\u00e4tze...","breadcrumb":{"@id":"https:\/\/www.camping-aix-en-provence.com\/de\/aktivitaeten-dienstleistungen\/#breadcrumb"},"inLanguage":"de-DE","potentialAction":[{"@type":"ReadAction","target":["https:\/\/www.camping-aix-en-provence.com\/de\/aktivitaeten-dienstleistungen\/"]}]},{"@type":"ImageObject","inLanguage":"de-DE","@id":"https:\/\/www.camping-aix-en-provence.com\/de\/aktivitaeten-dienstleistungen\/#primaryimage","url":"https:\/\/www.camping-aix-en-provence.com\/uploads\/sites\/55\/2025\/06\/accueil-aix-provence.jpg","contentUrl":"https:\/\/www.camping-aix-en-provence.com\/uploads\/sites\/55\/2025\/06\/accueil-aix-provence.jpg","width":600,"height":500,"caption":"Acceuil Citykamp Aic-en-Provence"},{"@type":"BreadcrumbList","@id":"https:\/\/www.camping-aix-en-provence.com\/de\/aktivitaeten-dienstleistungen\/#breadcrumb","itemListElement":[{"@type":"ListItem","position":1,"name":"Home","item":"https:\/\/www.camping-aix-en-provence.com\/de\/"},{"@type":"ListItem","position":2,"name":"AKTIVIT\u00c4TEN UND DIENSTLEISTUNGEN"}]},{"@type":"WebSite","@id":"https:\/\/www.camping-aix-en-provence.com\/de\/#website","url":"https:\/\/www.camping-aix-en-provence.com\/de\/","name":"Aix-en-Provence","description":"","potentialAction":[{"@type":"SearchAction","target":{"@type":"EntryPoint","urlTemplate":"https:\/\/www.camping-aix-en-provence.com\/de\/?s={search_term_string}"},"query-input":{"@type":"PropertyValueSpecification","valueRequired":true,"valueName":"search_term_string"}}],"inLanguage":"de-DE"}]}},"_links":{"self":[{"href":"https:\/\/www.camping-aix-en-provence.com\/de\/wp-json\/wp\/v2\/pages\/944","targetHints":{"allow":["GET"]}}],"collection":[{"href":"https:\/\/www.camping-aix-en-provence.com\/de\/wp-json\/wp\/v2\/pages"}],"about":[{"href":"https:\/\/www.camping-aix-en-provence.com\/de\/wp-json\/wp\/v2\/types\/page"}],"author":[{"embeddable":true,"href":"https:\/\/www.camping-aix-en-provence.com\/de\/wp-json\/wp\/v2\/users\/4"}],"replies":[{"embeddable":true,"href":"https:\/\/www.camping-aix-en-provence.com\/de\/wp-json\/wp\/v2\/comments?post=944"}],"version-history":[{"count":5,"href":"https:\/\/www.camping-aix-en-provence.com\/de\/wp-json\/wp\/v2\/pages\/944\/revisions"}],"predecessor-version":[{"id":5606,"href":"https:\/\/www.camping-aix-en-provence.com\/de\/wp-json\/wp\/v2\/pages\/944\/revisions\/5606"}],"wp:featuredmedia":[{"embeddable":true,"href":"https:\/\/www.camping-aix-en-provence.com\/de\/wp-json\/wp\/v2\/media\/4142"}],"wp:attachment":[{"href":"https:\/\/www.camping-aix-en-provence.com\/de\/wp-json\/wp\/v2\/media?parent=944"}],"curies":[{"name":"wp","href":"https:\/\/api.w.org\/{rel}","templated":true}]}}