{"id":965,"date":"2024-05-29T09:56:06","date_gmt":"2024-05-29T07:56:06","guid":{"rendered":"https:\/\/www.citykamp.com\/aix-en-provence\/infos-pratiques\/"},"modified":"2026-04-01T09:52:43","modified_gmt":"2026-04-01T07:52:43","slug":"mein-aufenthalt","status":"publish","type":"page","link":"https:\/\/www.camping-aix-en-provence.com\/de\/mein-aufenthalt\/","title":{"rendered":"Mein Aufenthalt"},"content":{"rendered":"<div class=\"wpb-content-wrapper\"><p>[vc_row css=&#8220;.vc_custom_1732016153854{margin-left: -0.5px !important;background-color: #E84E1B33 !important;}&#8220;][vc_column]<div class=\"wrappedcontent\">[vc_empty_space height=&#8220;40px&#8220;][vc_column_text css=&#8220;&#8220;]<\/p>\n<h2 style=\"text-align: center;\">ALLE PRAKTISCHEN INFORMATIONEN VOR IHREM AUFENTHALT<\/h2>\n<p>[\/vc_column_text][vc_empty_space]<\/div>[\/vc_column][\/vc_row][vc_row css=&#8220;.vc_custom_1732015838851{margin-left: -0.5px !important;}&#8220;][vc_column]<div class=\"wrappedcontent\">[vc_row_inner gap=&#8220;35&#8243; css=&#8220;.vc_custom_1716969395572{margin-left: -0.5px !important;}&#8220;][vc_column_inner width=&#8220;1\/2&#8243;][vc_single_image image=&#8220;1669&#8243; img_size=&#8220;71*71&#8243; alignment=&#8220;center&#8220; css=&#8220;&#8220;][vc_empty_space][vc_column_text css=&#8220;&#8220;]<\/p>\n<h2 style=\"text-align: center;\">Mein Stellplatz-Aufenthalt<\/h2>\n<p>[\/vc_column_text][vc_empty_space height=&#8220;35px&#8220;][vc_column_text css=&#8220;&#8220;]<span style=\"font-size: 14pt;\"><strong>Folgendes ist in meiner STELLPLATZPAUSCHALE INBEGRIFFEN :<\/strong><\/span><\/p>\n<ul>\n<li>2 Personen, 1 Campingausr\u00fcstung (Zelt oder Wohnwagen), 1 Fahrzeug (1 PKW oder Motorrad) oder 1 Wohnmobil\/Campervan<\/li>\n<li>Wohnmobil Servicestation<\/li>\n<li>Stromanschluss (an Adapter denken) nicht f\u00fcr Natur-Stellpl\u00e4tze<\/li>\n<li>WLAN<\/li>\n<\/ul>\n<p><span style=\"font-size: 12pt;\"><b>\u00a0 \u00a0 \u00a0Mit Zuschlag :<\/b><\/span><\/p>\n<ul>\n<li>Bis 6 Personen (Erwachsene, Kinder und Babys) pro Stellplatz<\/li>\n<li>Max. 1 kleines zus\u00e4tzliches Zelt (2m x 2m)<\/li>\n<\/ul>\n<p><span style=\"font-size: 14pt;\"><strong>Zahlungsmodalit\u00e4ten<\/strong><\/span><\/p>\n<ul>\n<li><span style=\"font-size: 12pt;\">Preis f\u00fcr 3 N\u00e4chte und mehr: Anzahlung von 40 % bei der Buchung, Zahlung des Restbetrags einen Monat vor der geplanten Anreise.<\/span><\/li>\n<li><span style=\"font-size: 12pt;\">Preis f\u00fcr 1 oder 2 N\u00e4chte: Anzahlung von 100 % des Aufenthaltsbetrags bei der Buchung.<\/span><\/li>\n<\/ul>\n<p><span style=\"font-size: 12pt;\"><strong>\u00c4nderung:<\/strong> Bis 30 Tage vor der geplanten Anreise<br \/>\n<strong>Stornierung:<\/strong> Bis 30 Tage vor der geplanten Anreise, mit Geb\u00fchren: Anzahlung in H\u00f6he von 40\u00a0% der Aufenthaltskosten zzgl. Kosten f\u00fcr Versicherung, zzgl. Buchungsgeb\u00fchren. Bei kurzfristiger Stornierung (unter 30 Tage), keine Erstattung des Aufenthalts m\u00f6glich.<\/span><\/p>\n<p><span style=\"font-size: 14pt;\"><strong>An- und Abreisezeiten<\/strong><\/span><br \/>\n<span style=\"font-size: 12pt;\">Ankunft: 14 Uhr\/Abreise: 12 Uhr<\/span>[\/vc_column_text][\/vc_column_inner][vc_column_inner width=&#8220;1\/2&#8243;][vc_single_image image=&#8220;1663&#8243; img_size=&#8220;71*71&#8243; alignment=&#8220;center&#8220; css=&#8220;&#8220;][vc_empty_space][vc_column_text css=&#8220;&#8220;]<\/p>\n<h2 style=\"text-align: center;\">Mein Aufenthalt in einer Mietunterkunft<\/h2>\n<p>[\/vc_column_text][vc_empty_space height=&#8220;35px&#8220;][vc_column_text css=&#8220;&#8220;]<span style=\"font-size: 14pt;\"><strong>Folgendes ist bei meiner MIETUNTERKUNFT INBEGRIFFEN :<\/strong><\/span><\/p>\n<ul>\n<li>Bettw\u00e4sche und Handt\u00fccher<\/li>\n<li>Putz-Set (Schwamm, Geschirrsp\u00fclmittel, Allesreiniger)<\/li>\n<li>Strom<\/li>\n<li>1 Fahrzeug<\/li>\n<li>Klimaanlage (au\u00dfer Sweet Tent, das einen Ventilator hat)<\/li>\n<li>WLAN<\/li>\n<\/ul>\n<p><span style=\"font-size: 12pt;\"><b>\u00a0 \u00a0 \u00a0 Mit Zuschlag:<\/b><\/span><\/p>\n<ul>\n<li>Endreinigungspauschale<\/li>\n<li>Bezogene Betten bei der Ankunft<\/li>\n<\/ul>\n<p><span style=\"font-size: 12pt;\"><span style=\"font-size: 14pt;\"><strong>Zahlungsmodalit\u00e4ten<\/strong><\/span><\/span><\/p>\n<p><span style=\"font-size: 12pt;\">Anzahlung von 40% bei der Buchung, Zahlung des Restbetrags einen Monat vor der geplanten Anreise.<\/span><\/p>\n<p><strong><span style=\"font-size: 12pt;\">\u00c4<\/span><\/strong><span style=\"font-size: 12pt;\"><strong>nderung:<\/strong> Bis 30 Tage vor der geplanten Anreise<br \/>\n<strong>Stornierung:<\/strong> Bis 30 Tage vor der geplanten Anreise, mit Geb\u00fchren: Anzahlung in H\u00f6he von 40\u00a0% der Aufenthaltskosten zzgl. Kosten f\u00fcr Versicherung, zzgl. Buchungsgeb\u00fchren. Bei kurzfristiger Stornierung (unter 30 Tage), keine Erstattung des Aufenthalts m\u00f6glich.<\/span><\/p>\n<p><span style=\"font-size: 14pt;\"><strong>An- und Abreisezeiten<\/strong><\/span><br \/>\n<span style=\"font-size: 12pt;\">Ankunft: 15 Uhr \/ Abreise: 10 Uhr<\/span><\/p>\n<p><span style=\"font-size: 12pt;\">Um die Ruhe unserer G\u00e4ste zu gew\u00e4hrleisten, ist nur ein Fahrzeug pro Unterkunft innerhalb des Campingplatzes (auf dem Parkplatz oder auf dem Stellplatz) erlaubt. Alle weiteren Fahrzeuge m\u00fcssen au\u00dferhalb abgestellt werden.<\/span>[\/vc_column_text][\/vc_column_inner][\/vc_row_inner]<\/div>[\/vc_column][\/vc_row][vc_row css=&#8220;.vc_custom_1732015822715{margin-left: -0.5px !important;}&#8220;][vc_column]<div class=\"wrappedcontent\">[vc_empty_space height=&#8220;15px&#8220;][vc_column_text css=&#8220;&#8220;]<\/p>\n<h3 style=\"text-align: center;\"><strong>ZUSATZLEISTUNGEN<\/strong><\/h3>\n<p>[\/vc_column_text][vc_empty_space height=&#8220;52px&#8220;][vc_row_inner css=&#8220;.vc_custom_1732015829707{margin-left: -0.5px !important;}&#8220;][vc_column_inner width=&#8220;1\/5&#8243;][vc_single_image image=&#8220;1495&#8243; img_size=&#8220;71*71&#8243; alignment=&#8220;center&#8220; css=&#8220;&#8220;][vc_empty_space][vc_column_text css=&#8220;&#8220;]<\/p>\n<p style=\"text-align: center;\"><strong>Babyset<br \/>\n(Reisebett + Hochstuhl)<\/strong><\/p>\n<p>[\/vc_column_text][\/vc_column_inner][vc_column_inner width=&#8220;1\/5&#8243;][vc_single_image image=&#8220;1491&#8243; img_size=&#8220;71*71&#8243; alignment=&#8220;center&#8220; css=&#8220;&#8220;][vc_empty_space][vc_column_text css=&#8220;&#8220;]<\/p>\n<p style=\"text-align: center;\"><strong>Waschraum<\/strong><strong><br \/>\n<\/strong><\/p>\n<p>[\/vc_column_text][\/vc_column_inner][vc_column_inner width=&#8220;1\/5&#8243;][vc_single_image image=&#8220;1487&#8243; img_size=&#8220;71*71&#8243; alignment=&#8220;center&#8220; css=&#8220;&#8220;][vc_empty_space][vc_column_text css=&#8220;&#8220;]<\/p>\n<p style=\"text-align: center;\"><strong>Vermietung von K\u00fchlschr\u00e4nken<\/strong><\/p>\n<p>[\/vc_column_text][\/vc_column_inner][vc_column_inner width=&#8220;1\/5&#8243;][vc_single_image image=&#8220;1852&#8243; img_size=&#8220;71*71&#8243; alignment=&#8220;center&#8220; css=&#8220;&#8220;][vc_empty_space][vc_column_text css=&#8220;&#8220;]<\/p>\n<p style=\"text-align: center;\"><strong>1 Haustier erlaubt<br \/>\n(sie m\u00fcssen angeleint und geimpft sein)<\/strong><\/p>\n<p>[\/vc_column_text][\/vc_column_inner][vc_column_inner width=&#8220;1\/5&#8243;][vc_single_image image=&#8220;1677&#8243; img_size=&#8220;71*71&#8243; alignment=&#8220;center&#8220; css=&#8220;&#8220;][vc_empty_space][vc_column_text css=&#8220;&#8220;]<\/p>\n<p style=\"text-align: center;\"><strong>Pr\u00e4ferenzgeb\u00fchr<\/strong><\/p>\n<p>[\/vc_column_text][\/vc_column_inner][\/vc_row_inner]<div class=\"text-center btnwrap\"><a class=\"btn btn-huttopia-cta\" href=\"https:\/\/checkout.citykamp.com\/site\/de\/965\" role=\"button\" target=\"true\" onclick=\"dataLayer.push({'event':'clickCity', 'clickText':'Ich profitiere davon'})\">Ich profitiere davon<\/a><\/div><\/div>[\/vc_column][\/vc_row][vc_row css=&#8220;.vc_custom_1731920841440{margin-left: -0.5px !important;background-color: #f4f4f4 !important;}&#8220;][vc_column]<div class=\"wrappedcontent\">[vc_empty_space][vc_column_text css=&#8220;&#8220;]<\/p>\n<h2 style=\"text-align: center;\">WIE KOMME ICH ZUM CAMPINGPLATZ IN AIX-EN-PROVENCE?<\/h2>\n<p>[\/vc_column_text][vc_empty_space height=&#8220;42px&#8220;][vc_row_inner][vc_column_inner width=&#8220;1\/4&#8243;][vc_single_image image=&#8220;1514&#8243; img_size=&#8220;71*71&#8243; alignment=&#8220;center&#8220; css=&#8220;&#8220;][vc_empty_space][vc_column_text css=&#8220;&#8220;]<\/p>\n<p style=\"text-align: center;\"><strong>Mit dem Zug:<\/strong>\u00a0SNCF-Bahnhof Aix-en-Provence.<\/p>\n<p>[\/vc_column_text][\/vc_column_inner][vc_column_inner width=&#8220;1\/4&#8243;][vc_single_image image=&#8220;1518&#8243; img_size=&#8220;71*71&#8243; alignment=&#8220;center&#8220; css=&#8220;&#8220;][vc_empty_space][vc_column_text css=&#8220;&#8220;]<\/p>\n<p style=\"text-align: center;\"><strong>Mit dem Flugzeug: <\/strong>Flughafen Marseille Provence.<\/p>\n<p>[\/vc_column_text][\/vc_column_inner][vc_column_inner width=&#8220;1\/4&#8243;][vc_single_image image=&#8220;1510&#8243; img_size=&#8220;71*71&#8243; alignment=&#8220;center&#8220; css=&#8220;&#8220;][vc_empty_space][vc_column_text css=&#8220;&#8220;]<\/p>\n<p style=\"text-align: center;\"><strong>Mit dem Auto:<\/strong>\u00a0Anreise \u00fcber die Autobahn A8, Ausfahrt Nr. 31 Richtung Aix &#8211; Val-Saint-Andr\u00e9.<\/p>\n<p>[\/vc_column_text][\/vc_column_inner][vc_column_inner width=&#8220;1\/4&#8243;][vc_single_image image=&#8220;1506&#8243; img_size=&#8220;71*71&#8243; alignment=&#8220;center&#8220; css=&#8220;&#8220;][vc_empty_space][vc_column_text css=&#8220;&#8220;]<\/p>\n<p style=\"text-align: center;\"><strong>Mit dem \u00f6ffentlichen Nahverkehr ab dem Bahnhof von Aix-en-Provence:<\/strong><br \/>\nBuslinie Nr. 3 oder Nr. 4, Einstieg an der Haltestelle Malherbe, Ausstieg an der Haltestelle Val-Saint-Andr\u00e9 (nur 15 Minuten Fahrtzeit).<\/p>\n<p>[\/vc_column_text][\/vc_column_inner][\/vc_row_inner][vc_empty_space]<\/div>[\/vc_column][\/vc_row][vc_row css=&#8220;.vc_custom_1732015814139{margin-left: -0.5px !important;background-color: #E84E1B33 !important;}&#8220;][vc_column]<div class=\"wrappedcontent\">[vc_empty_space height=&#8220;50px&#8220;][vc_row_inner css=&#8220;.vc_custom_1732015817899{margin-left: -0.5px !important;}&#8220;][vc_column_inner width=&#8220;1\/3&#8243;][vc_single_image image=&#8220;1394&#8243; img_size=&#8220;71*71&#8243; alignment=&#8220;center&#8220; css=&#8220;&#8220;][vc_empty_space][vc_column_text css=&#8220;&#8220;]<\/p>\n<p style=\"text-align: center;\"><strong>STORNOVERSICHERUNG<\/strong><\/p>\n<p style=\"text-align: center;\">Storno- und Reiseabbruchsversicherung<br \/>\n4,5% des Gesamtbetrages Ihres Aufenthalts (ohne Bearbeitungsgeb\u00fchren und Kurtaxe).<\/p>\n<p>[\/vc_column_text][\/vc_column_inner][vc_column_inner width=&#8220;1\/3&#8243;][vc_single_image image=&#8220;1677&#8243; img_size=&#8220;71*71&#8243; alignment=&#8220;center&#8220; css=&#8220;&#8220;][vc_empty_space][vc_column_text css=&#8220;&#8220;]<\/p>\n<p style=\"text-align: center;\"><strong>BUCHUNGSGEB\u00dcHREN<\/strong><\/p>\n<p style=\"text-align: center;\"><strong>In Stellplatz<\/strong>: kostenlos vom 01\/01 bis 30\/04 und vom 01\/10 bis 31\/12, 23\u20ac au\u00dferhalb dieser Zeitr\u00e4ume.<br \/>\n<strong>F\u00fcr Mietunterk\u00fcnfte<\/strong>: 23 \u20ac das ganze Jahr \u00fcber<\/p>\n<p>[\/vc_column_text][\/vc_column_inner][vc_column_inner width=&#8220;1\/3&#8243;][vc_single_image image=&#8220;1657&#8243; img_size=&#8220;71*71&#8243; alignment=&#8220;center&#8220; css=&#8220;&#8220;][vc_empty_space][vc_column_text css=&#8220;&#8220;]<\/p>\n<p style=\"text-align: center;\"><strong>TARIFE ZUSATZLEISTUNGEN<br \/>\n<\/strong><span style=\"text-decoration: underline;\"><a href=\"https:\/\/media.huttopia.com\/tarifs-annexes-citykamp-en.pdf\" target=\"_blank\" rel=\"noopener noreferrer\"><u>Unsere Tarife f\u00fcr Zusatzleistungen ansehen<\/u><\/a><\/span><\/p>\n<p>[\/vc_column_text][\/vc_column_inner][\/vc_row_inner][vc_empty_space height=&#8220;50px&#8220;]<\/div>[\/vc_column][\/vc_row]<\/p>\n<\/div>","protected":false},"excerpt":{"rendered":"<p>[vc_row css=&#8220;.vc_custom_1732016153854{margin-left: -0.5px !important;background-color: #E84E1B33 !important;}&#8220;][vc_column][\/vc_column][\/vc_row][vc_row css=&#8220;.vc_custom_1732015838851{margin-left: -0.5px !important;}&#8220;][vc_column][\/vc_column][\/vc_row][vc_row css=&#8220;.vc_custom_1732015822715{margin-left: -0.5px !important;}&#8220;][vc_column][\/vc_column][\/vc_row][vc_row css=&#8220;.vc_custom_1731920841440{margin-left: -0.5px !important;background-color: #f4f4f4 !important;}&#8220;][vc_column][\/vc_column][\/vc_row][vc_row css=&#8220;.vc_custom_1732015814139{margin-left: -0.5px !important;background-color: #E84E1B33 !important;}&#8220;][vc_column][\/vc_column][\/vc_row]<\/p>\n","protected":false},"author":4,"featured_media":0,"parent":0,"menu_order":0,"comment_status":"closed","ping_status":"closed","template":"","meta":{"footnotes":""},"class_list":["post-965","page","type-page","status-publish","hentry"],"yoast_head":"<!-- This site is optimized with the Yoast SEO plugin v25.6 - https:\/\/yoast.com\/wordpress\/plugins\/seo\/ -->\n<title>Mein Aufenthalt- Campingplatz Aix-en-Provence<\/title>\n<meta name=\"description\" content=\"Hier finden Sie alle Informationen zu Preisen, Zahlungsmodalit\u00e4ten und praktischen Informationen \u00fcber Ihren Aufenthalt auf dem Campingplatz Aix-en-Provence.\" \/>\n<meta name=\"robots\" content=\"index, follow, max-snippet:-1, max-image-preview:large, max-video-preview:-1\" \/>\n<link rel=\"canonical\" href=\"https:\/\/www.camping-aix-en-provence.com\/de\/mein-aufenthalt\/\" \/>\n<meta property=\"og:locale\" content=\"de_DE\" \/>\n<meta property=\"og:type\" content=\"article\" \/>\n<meta property=\"og:title\" content=\"Mein Aufenthalt- Campingplatz Aix-en-Provence\" \/>\n<meta property=\"og:description\" content=\"Hier finden Sie alle Informationen zu Preisen, Zahlungsmodalit\u00e4ten und praktischen Informationen \u00fcber Ihren Aufenthalt auf dem Campingplatz Aix-en-Provence.\" \/>\n<meta property=\"og:url\" content=\"https:\/\/www.camping-aix-en-provence.com\/de\/mein-aufenthalt\/\" \/>\n<meta property=\"og:site_name\" content=\"Aix-en-Provence\" \/>\n<meta property=\"article:modified_time\" content=\"2026-04-01T07:52:43+00:00\" \/>\n<meta name=\"twitter:card\" content=\"summary_large_image\" \/>\n<meta name=\"twitter:label1\" content=\"Est. reading time\" \/>\n\t<meta name=\"twitter:data1\" content=\"6 Minuten\" \/>\n<script type=\"application\/ld+json\" class=\"yoast-schema-graph\">{\"@context\":\"https:\/\/schema.org\",\"@graph\":[{\"@type\":\"WebPage\",\"@id\":\"https:\/\/www.camping-aix-en-provence.com\/de\/mein-aufenthalt\/\",\"url\":\"https:\/\/www.camping-aix-en-provence.com\/de\/mein-aufenthalt\/\",\"name\":\"Mein Aufenthalt- Campingplatz Aix-en-Provence\",\"isPartOf\":{\"@id\":\"https:\/\/www.camping-aix-en-provence.com\/de\/#website\"},\"datePublished\":\"2024-05-29T07:56:06+00:00\",\"dateModified\":\"2026-04-01T07:52:43+00:00\",\"description\":\"Hier finden Sie alle Informationen zu Preisen, Zahlungsmodalit\u00e4ten und praktischen Informationen \u00fcber Ihren Aufenthalt auf dem Campingplatz Aix-en-Provence.\",\"breadcrumb\":{\"@id\":\"https:\/\/www.camping-aix-en-provence.com\/de\/mein-aufenthalt\/#breadcrumb\"},\"inLanguage\":\"de-DE\",\"potentialAction\":[{\"@type\":\"ReadAction\",\"target\":[\"https:\/\/www.camping-aix-en-provence.com\/de\/mein-aufenthalt\/\"]}]},{\"@type\":\"BreadcrumbList\",\"@id\":\"https:\/\/www.camping-aix-en-provence.com\/de\/mein-aufenthalt\/#breadcrumb\",\"itemListElement\":[{\"@type\":\"ListItem\",\"position\":1,\"name\":\"Home\",\"item\":\"https:\/\/www.camping-aix-en-provence.com\/de\/\"},{\"@type\":\"ListItem\",\"position\":2,\"name\":\"Mein Aufenthalt\"}]},{\"@type\":\"WebSite\",\"@id\":\"https:\/\/www.camping-aix-en-provence.com\/de\/#website\",\"url\":\"https:\/\/www.camping-aix-en-provence.com\/de\/\",\"name\":\"Aix-en-Provence\",\"description\":\"\",\"potentialAction\":[{\"@type\":\"SearchAction\",\"target\":{\"@type\":\"EntryPoint\",\"urlTemplate\":\"https:\/\/www.camping-aix-en-provence.com\/de\/?s={search_term_string}\"},\"query-input\":{\"@type\":\"PropertyValueSpecification\",\"valueRequired\":true,\"valueName\":\"search_term_string\"}}],\"inLanguage\":\"de-DE\"}]}<\/script>\n<!-- \/ Yoast SEO plugin. -->","yoast_head_json":{"title":"Mein Aufenthalt- Campingplatz Aix-en-Provence","description":"Hier finden Sie alle Informationen zu Preisen, Zahlungsmodalit\u00e4ten und praktischen Informationen \u00fcber Ihren Aufenthalt auf dem Campingplatz Aix-en-Provence.","robots":{"index":"index","follow":"follow","max-snippet":"max-snippet:-1","max-image-preview":"max-image-preview:large","max-video-preview":"max-video-preview:-1"},"canonical":"https:\/\/www.camping-aix-en-provence.com\/de\/mein-aufenthalt\/","og_locale":"de_DE","og_type":"article","og_title":"Mein Aufenthalt- Campingplatz Aix-en-Provence","og_description":"Hier finden Sie alle Informationen zu Preisen, Zahlungsmodalit\u00e4ten und praktischen Informationen \u00fcber Ihren Aufenthalt auf dem Campingplatz Aix-en-Provence.","og_url":"https:\/\/www.camping-aix-en-provence.com\/de\/mein-aufenthalt\/","og_site_name":"Aix-en-Provence","article_modified_time":"2026-04-01T07:52:43+00:00","twitter_card":"summary_large_image","twitter_misc":{"Est. reading time":"6 Minuten"},"schema":{"@context":"https:\/\/schema.org","@graph":[{"@type":"WebPage","@id":"https:\/\/www.camping-aix-en-provence.com\/de\/mein-aufenthalt\/","url":"https:\/\/www.camping-aix-en-provence.com\/de\/mein-aufenthalt\/","name":"Mein Aufenthalt- Campingplatz Aix-en-Provence","isPartOf":{"@id":"https:\/\/www.camping-aix-en-provence.com\/de\/#website"},"datePublished":"2024-05-29T07:56:06+00:00","dateModified":"2026-04-01T07:52:43+00:00","description":"Hier finden Sie alle Informationen zu Preisen, Zahlungsmodalit\u00e4ten und praktischen Informationen \u00fcber Ihren Aufenthalt auf dem Campingplatz Aix-en-Provence.","breadcrumb":{"@id":"https:\/\/www.camping-aix-en-provence.com\/de\/mein-aufenthalt\/#breadcrumb"},"inLanguage":"de-DE","potentialAction":[{"@type":"ReadAction","target":["https:\/\/www.camping-aix-en-provence.com\/de\/mein-aufenthalt\/"]}]},{"@type":"BreadcrumbList","@id":"https:\/\/www.camping-aix-en-provence.com\/de\/mein-aufenthalt\/#breadcrumb","itemListElement":[{"@type":"ListItem","position":1,"name":"Home","item":"https:\/\/www.camping-aix-en-provence.com\/de\/"},{"@type":"ListItem","position":2,"name":"Mein Aufenthalt"}]},{"@type":"WebSite","@id":"https:\/\/www.camping-aix-en-provence.com\/de\/#website","url":"https:\/\/www.camping-aix-en-provence.com\/de\/","name":"Aix-en-Provence","description":"","potentialAction":[{"@type":"SearchAction","target":{"@type":"EntryPoint","urlTemplate":"https:\/\/www.camping-aix-en-provence.com\/de\/?s={search_term_string}"},"query-input":{"@type":"PropertyValueSpecification","valueRequired":true,"valueName":"search_term_string"}}],"inLanguage":"de-DE"}]}},"_links":{"self":[{"href":"https:\/\/www.camping-aix-en-provence.com\/de\/wp-json\/wp\/v2\/pages\/965","targetHints":{"allow":["GET"]}}],"collection":[{"href":"https:\/\/www.camping-aix-en-provence.com\/de\/wp-json\/wp\/v2\/pages"}],"about":[{"href":"https:\/\/www.camping-aix-en-provence.com\/de\/wp-json\/wp\/v2\/types\/page"}],"author":[{"embeddable":true,"href":"https:\/\/www.camping-aix-en-provence.com\/de\/wp-json\/wp\/v2\/users\/4"}],"replies":[{"embeddable":true,"href":"https:\/\/www.camping-aix-en-provence.com\/de\/wp-json\/wp\/v2\/comments?post=965"}],"version-history":[{"count":4,"href":"https:\/\/www.camping-aix-en-provence.com\/de\/wp-json\/wp\/v2\/pages\/965\/revisions"}],"predecessor-version":[{"id":5530,"href":"https:\/\/www.camping-aix-en-provence.com\/de\/wp-json\/wp\/v2\/pages\/965\/revisions\/5530"}],"wp:attachment":[{"href":"https:\/\/www.camping-aix-en-provence.com\/de\/wp-json\/wp\/v2\/media?parent=965"}],"curies":[{"name":"wp","href":"https:\/\/api.w.org\/{rel}","templated":true}]}}