{"id":984,"date":"2024-04-26T15:21:07","date_gmt":"2024-04-26T13:21:07","guid":{"rendered":"https:\/\/www.citykamp.com\/aix-en-provence\/home\/"},"modified":"2026-04-10T15:22:20","modified_gmt":"2026-04-10T13:22:20","slug":"home","status":"publish","type":"page","link":"https:\/\/www.camping-aix-en-provence.com\/de\/","title":{"rendered":"Home"},"content":{"rendered":"<div class=\"wpb-content-wrapper\"><p>[vc_row css=&#8220;.vc_custom_1775826411335{background-color: #E84E1B33 !important;}&#8220;][vc_column]<div class=\"wrappedcontent\">[vc_empty_space height=&#8220;15px&#8220;][vc_column_text css=&#8220;&#8220;]<\/p>\n<p style=\"text-align: center;\"><span style=\"font-size: 18pt; color: #e84e1b;\"><strong>CAMPING CARD GRATIS<\/strong><\/span><\/p>\n<p style=\"text-align: center;\"><strong>Im April ist die Camping Card (Wert: 19 \u20ac) gratis!<br \/>\n<\/strong>Unvergessliche Erinnerungen mit der Familie, zu zweit, mit Freunden schaffen\u2026<br \/>\nG\u00fcltig auf allen Campingpl\u00e4tzen unserer Netzwerke: Huttopia, CityKamp, OnlyCamp.<\/p>\n<p style=\"text-align: center;\"><span style=\"text-decoration: underline; font-size: 14pt;\"><strong><a style=\"text-decoration: underline;\" href=\"https:\/\/www.citykamp.com\/de\/camping-card\/\">Entdecken Sie das Angebot<\/a><\/strong><\/span><\/p>\n<p>[\/vc_column_text]<\/div>[\/vc_column][\/vc_row][vc_row][vc_column]<div class=\"wrappedcontent\">[vc_empty_space][vc_column_text css=&#8220;&#8220;]<\/p>\n<p style=\"text-align: center;\" data-start=\"164\" data-end=\"226\"><strong><span style=\"font-size: 28pt;\"><span style=\"color: #e84e1b;\">CAMPING AIX-EN-PROVENCE<\/span><\/span><\/strong><\/p>\n<p style=\"text-align: center;\"><strong><span style=\"font-size: 28pt;\"><span style=\"color: #e84e1b;\">URLAUB IM GR\u00dcNEN MIT BLICK AUF DAS GEBIRGE SAINTE-VICTOIRE<\/span><\/span><\/strong><\/p>\n<p style=\"text-align: center;\"><span style=\"font-size: 14pt; color: #e84e1b;\"><em>Er\u00f6ffnung : Vom 16\/03\/2026 bis zum 04\/01\/2027<\/em><\/span><\/p>\n<p>[\/vc_column_text][vc_column_text css=&#8220;.vc_custom_1741250731172{margin-left: -0.5px !important;}&#8220;]<\/p>\n<h2 style=\"text-align: center;\">Urlaub mit jeglichem Komfort, in Stadtn\u00e4he zu Aix-en-Provence!<\/h2>\n<p>[\/vc_column_text][vc_empty_space]<\/div>[\/vc_column][\/vc_row][vc_row css=&#8220;.vc_custom_1732033007931{margin-left: -0.5px !important;}&#8220;][vc_column]<div class=\"wrappedcontent\">[vc_row_inner gap=&#8220;35&#8243; css=&#8220;.vc_custom_1732790938571{margin-left: -0.5px !important;}&#8220;][vc_column_inner width=&#8220;1\/2&#8243;][vc_images_carousel images=&#8220;4571,4577,4583,4589,4595,4601,4607,4613,4619,4625,4631&#8243; img_size=&#8220;600*500&#8243; onclick=&#8220;link_no&#8220; wrap=&#8220;yes&#8220; css=&#8220;&#8220;][\/vc_column_inner][vc_column_inner width=&#8220;1\/2&#8243;][vc_column_text css=&#8220;&#8220;]<\/p>\n<p style=\"text-align: left;\">Nutzen Sie die gro\u00dfz\u00fcgigen und schattigen <a href=\"https:\/\/www.camping-aix-en-provence.com\/de\/stellplaetze\/\">Stellpl\u00e4tze<\/a> vor den Toren der Stadt f\u00fcr Ihren Urlaub mit dem Zelt, dem Campervan, dem Wohnwagen oder dem Wohnmobil. Sie suchen Komfort und Originalit\u00e4t? Dann sind unsere <a href=\"https:\/\/www.camping-aix-en-provence.com\/de\/mietunterkuenfte\/\">komfortablen Unterk\u00fcnfte<\/a> aus Zelttuch und Holz, unsere Chalets und unsere Schindelwagen genau richtig, um einen einzigartigen Urlaub im Herzen von Aix-en-Provence zu verbringen.<br \/>\nF\u00fcr einen angenehmen Aufenthalt ist vor Ort an alles gedacht: Schwimmbecken, Fr\u00fchst\u00fccksservice, Fahrradverleih&#8230; Das Ganze in einem praktischen und komfortablen Umfeld. Ideal f\u00fcr einen St\u00e4dtetrip in die Provence zu zweit, mit Freunden, der Familie und <a href=\"https:\/\/www.camping-aix-en-provence.com\/de\/dienstreisen-firmen\/\">sogar f\u00fcr Dienstreisen<\/a> nach Aix oder nach Marseille!<\/p>\n<p style=\"text-align: left;\">Von unserem Campingplatz aus ist Aix-en-Provence einfach zu erreichen. Genie\u00dfen Sie die belebten Gassen, die provenzalischen M\u00e4rkte und die warmherzige Atmosph\u00e4re.<br \/>\nSie m\u00f6chten noch mehr Stadtluft schnuppern? Mit den \u00f6ffentlichen Verkehrsmitteln oder dem Auto ist Marseille nicht weit weg und eignet sich bestens f\u00fcr einen Tagesausflug im Zeichen der Kultur, der Str\u00e4nde und des alten Hafens, dem Vieux-Port.<\/p>\n<p style=\"text-align: left;\">Ab dem Campingplatz k\u00f6nnen Sie ebenfalls zu Streifz\u00fcgen durch das Montagne Sainte-Victoire aufbrechen. Dieses majest\u00e4tische Gebirgsmassiv ist von wundersch\u00f6nen Wanderwegen durchzogen und bietet atemberaubende Ausblicke.<\/p>\n<p style=\"text-align: left;\">Stellen Sie Ihr Fahrzeug auf dem geb\u00fchrenfreien und gesicherten Parkplatz ab und nehmen Sie f\u00fcr die kurze Strecke in die Stadt den Bus oder das Fahrrad. <strong>\u00a0<\/strong><a href=\"https:\/\/www.google.fr\/maps\/dir\/Camping+Aix-en-Provence,+41+Av.+du+Val+Saint-Andr%C3%A9,+13100+Aix-en-Provence\/Aix-en-Provence\/@43.523859,5.4524024,15z\/data=!3m1!4b1!4m14!4m13!1m5!1m1!1s0x12c98d2d2ebe32ad:0xbe132ea8120426a0!2m2!1d5.474435!2d43.5153951!1m5!1m1!1s0x12c98da304b91259:0x5cb953bec8b688a3!2m2!1d5.4509692!2d43.5323032!3e0?entry=tts&amp;g_ep=EgoyMDI1MDIxMi4wKgBIAVAD\" target=\"_blank\" rel=\"noopener\"><span style=\"text-decoration: underline;\">Routen hier ansehen.<\/span><\/a><\/p>\n<p>[\/vc_column_text][\/vc_column_inner][\/vc_row_inner][vc_row_inner gap=&#8220;35&#8243; css=&#8220;.vc_custom_1732033127703{margin-left: -0.5px !important;}&#8220;][vc_column_inner][vc_empty_space]<div class=\"text-center btnwrap\"><a class=\"btn btn-huttopia-cta\" href=\"https:\/\/checkout.citykamp.com\/965\/de\/\" role=\"button\" target=\"true\" onclick=\"dataLayer.push({'event':'clickCity', 'clickText':'Ich buche'})\">Ich buche<\/a><\/div>[\/vc_column_inner][\/vc_row_inner]<\/div>[\/vc_column][\/vc_row][vc_row css=&#8220;.vc_custom_1732032441154{margin-left: -0.5px !important;background-color: #E84E1B !important;}&#8220;][vc_column]<div class=\"wrappedcontent\">[vc_empty_space][vc_column_text css=&#8220;&#8220;]<\/p>\n<h3 style=\"text-align: center;\"><span style=\"color: #ffffff;\">SERVICELEISTUNGEN AUF DEM CAMPINGPLATZ:<\/span><\/h3>\n<p>[\/vc_column_text][vc_empty_space height=&#8220;52px&#8220;][vc_row_inner][vc_column_inner width=&#8220;1\/4&#8243;][vc_icon icon_fontawesome=&#8220;fas fa-parking&#8220; color=&#8220;white&#8220; align=&#8220;center&#8220; css=&#8220;&#8220;][vc_column_text css=&#8220;&#8220;]<\/p>\n<p style=\"text-align: center;\"><span style=\"color: #ffffff;\">Geb\u00fchrenfreier und gesicherter Parkplatz<\/span><\/p>\n<p>[\/vc_column_text][\/vc_column_inner][vc_column_inner width=&#8220;1\/4&#8243;][vc_icon icon_fontawesome=&#8220;fas fa-coffee&#8220; color=&#8220;white&#8220; align=&#8220;center&#8220; css=&#8220;&#8220;][vc_column_text css=&#8220;&#8220;]<\/p>\n<p style=\"text-align: center;\"><span style=\"color: #ffffff;\">Caf\u00e9 und Backwaren<\/span><\/p>\n<p>[\/vc_column_text][\/vc_column_inner][vc_column_inner width=&#8220;1\/4&#8243;][vc_icon icon_fontawesome=&#8220;fas fa-bed&#8220; color=&#8220;white&#8220; align=&#8220;center&#8220; css=&#8220;&#8220;][vc_column_text css=&#8220;&#8220;]<\/p>\n<p style=\"text-align: center;\"><span style=\"color: #ffffff;\">Hotel Packages<\/span><\/p>\n<p>[\/vc_column_text][\/vc_column_inner][vc_column_inner width=&#8220;1\/4&#8243;][vc_icon icon_fontawesome=&#8220;far fa-clock&#8220; color=&#8220;white&#8220; align=&#8220;center&#8220; css=&#8220;&#8220;][vc_column_text css=&#8220;&#8220;]<\/p>\n<p style=\"text-align: center;\"><span style=\"color: #ffffff;\">Rezeption t\u00e4glich ge\u00f6ffnet<br \/>\nMehrsprachig<\/span><\/p>\n<p>[\/vc_column_text][\/vc_column_inner][\/vc_row_inner]<\/div>[vc_empty_space][\/vc_column][\/vc_row][vc_row css=&#8220;.vc_custom_1715764984968{background-color: #f4f4f4 !important;}&#8220;][vc_column]<div class=\"wrappedcontent\">[vc_empty_space][vc_column_text css=&#8220;&#8220;]<\/p>\n<h2 style=\"text-align: center;\"><strong>Wie kommen Sie ins Zentrum von Aix-en-Provence?<\/strong><\/h2>\n<p>[\/vc_column_text][vc_empty_space][vc_row_inner gap=&#8220;35&#8243; css=&#8220;.vc_custom_1715765008032{margin-left: -0.5px !important;}&#8220;][vc_column_inner width=&#8220;1\/3&#8243;][vc_single_image image=&#8220;755&#8243; img_size=&#8220;71*71&#8243; alignment=&#8220;center&#8220;][vc_empty_space][vc_column_text css=&#8220;&#8220;]<\/p>\n<p style=\"text-align: center;\"><strong>Mit dem Bus<\/strong><\/p>\n<p style=\"text-align: center;\">Die n\u00e4chste Bushaltestelle ist 5 Fu\u00dfminuten vom Campingplatz entfernt. Die Fahrt dauert 25 Minuten<\/p>\n<p>[\/vc_column_text][\/vc_column_inner][vc_column_inner width=&#8220;1\/3&#8243;][vc_single_image image=&#8220;756&#8243; img_size=&#8220;71*71&#8243; alignment=&#8220;center&#8220;][vc_empty_space][vc_column_text css=&#8220;&#8220;]<\/p>\n<p style=\"text-align: center;\"><strong>Zu Fu\u00df<\/strong><\/p>\n<p style=\"text-align: center;\">40 Minuten ab dem Campingplatz<\/p>\n<p>[\/vc_column_text][\/vc_column_inner][vc_column_inner width=&#8220;1\/3&#8243;][vc_single_image image=&#8220;757&#8243; img_size=&#8220;71*71&#8243; alignment=&#8220;center&#8220;][vc_empty_space][vc_column_text css=&#8220;&#8220;]<\/p>\n<p style=\"text-align: center;\"><strong>Mit dem Rad<\/strong><\/p>\n<p style=\"text-align: center;\">10 Minuten ab dem Campingplatz<\/p>\n<p>[\/vc_column_text][\/vc_column_inner][\/vc_row_inner][vc_empty_space][vc_column_text css=&#8220;&#8220;]<\/p>\n<p style=\"text-align: center;\"><a href=\"https:\/\/www.google.fr\/maps\/dir\/Camping+Aix-en-Provence,+41+Av.+du+Val+Saint-Andr%C3%A9,+13100+Aix-en-Provence\/Aix-en-Provence\/@43.523859,5.4524024,15z\/data=!3m1!4b1!4m14!4m13!1m5!1m1!1s0x12c98d2d2ebe32ad:0xbe132ea8120426a0!2m2!1d5.474435!2d43.5153951!1m5!1m1!1s0x12c98da304b91259:0x5cb953bec8b688a3!2m2!1d5.4509692!2d43.5323032!3e0?entry=tts&amp;g_ep=EgoyMDI1MDIxMi4wKgBIAVAD\"><span style=\"text-decoration: underline;\">Route<\/span><\/a><\/p>\n<p>[\/vc_column_text]<\/div>[\/vc_column][\/vc_row][vc_row][vc_column]<div class=\"wrappedcontent\">[vc_empty_space][vc_column_text css=&#8220;&#8220;]<\/p>\n<h2 style=\"text-align: center;\"><strong>Wie kommen Sie vom Camping Aix-en-Provence nach Marseille?<\/strong><\/h2>\n<p>[\/vc_column_text][vc_empty_space][vc_row_inner gap=&#8220;35&#8243; css=&#8220;.vc_custom_1715765008032{margin-left: -0.5px !important;}&#8220;][vc_column_inner width=&#8220;1\/3&#8243;][vc_single_image image=&#8220;1510&#8243; img_size=&#8220;71*71&#8243; alignment=&#8220;center&#8220; css=&#8220;&#8220;][vc_empty_space][vc_column_text css=&#8220;&#8220;]<\/p>\n<p style=\"text-align: center;\"><strong>Mit dem Auto<\/strong><\/p>\n<p style=\"text-align: center;\">40 Minuten ab dem Campingplatz<\/p>\n<p>[\/vc_column_text][\/vc_column_inner][vc_column_inner width=&#8220;1\/3&#8243;][vc_single_image image=&#8220;1514&#8243; img_size=&#8220;71*71&#8243; alignment=&#8220;center&#8220; css=&#8220;&#8220;][vc_empty_space][vc_column_text css=&#8220;&#8220;]<\/p>\n<p style=\"text-align: center;\"><strong>Mit dem Zug<\/strong><\/p>\n<p style=\"text-align: center;\">45 Minuten mit dem TER (Eilzug) ab dem SNCF-Bahnhof im Zentrum von Aix-en-Provence, 15 Autominuten vom Campingplatz entfernt<\/p>\n<p>[\/vc_column_text][\/vc_column_inner][vc_column_inner width=&#8220;1\/3&#8243;][vc_single_image image=&#8220;1506&#8243; img_size=&#8220;71*71&#8243; alignment=&#8220;center&#8220; css=&#8220;&#8220;][vc_empty_space][vc_column_text css=&#8220;&#8220;]<\/p>\n<p style=\"text-align: center;\"><strong>Mit dem Bus<\/strong><\/p>\n<p style=\"text-align: center;\">Die Bushaltestelle ist 20 Fu\u00dfminuten vom Campingplatz entfernt. Die Fahrt dauert 45 Minuten<\/p>\n<p>[\/vc_column_text][\/vc_column_inner][\/vc_row_inner][vc_empty_space][vc_column_text css=&#8220;&#8220;]<\/p>\n<p style=\"text-align: center;\"><a href=\"https:\/\/www.google.fr\/maps\/dir\/Camping+Aix-en-Provence,+41+Av.+du+Val+Saint-Andr%C3%A9,+13100+Aix-en-Provence\/Marseille\/@43.4114304,5.2478062,11z\/data=!3m1!4b1!4m14!4m13!1m5!1m1!1s0x12c98d2d2ebe32ad:0xbe132ea8120426a0!2m2!1d5.474435!2d43.5153951!1m5!1m1!1s0x12c9bf4344da5333:0x40819a5fd970220!2m2!1d5.3690743!2d43.3025742!3e0?entry=tts&amp;g_ep=EgoyMDI1MDIxMi4wKgBIAVAD\"><span style=\"text-decoration: underline;\">Route<\/span><\/a><\/p>\n<p>[\/vc_column_text][vc_empty_space]<\/div>[\/vc_column][\/vc_row][vc_row][vc_column]\n    <div id=\"map860594\" class=\"map\"><\/div>\n    <script type=\"text\/javascript\">\n        let iconType = L.icon({\n            iconUrl: baseDirectory + '\/img\/pin.png',\n            iconSize: [22, 48],\n            iconAnchor: [11, 46],\n            popupAnchor: [0, -46]\n        });\n        let map = L.map('map860594', {\n            center: L.latLng(43.517791748046875, 5.467939376831055),\n            zoom: 10.8,\n            layers: [L.tileLayer('https:\/\/cartodb-basemaps-b.global.ssl.fastly.net\/light_all\/{z}\/{x}\/{y}.png', {\n                attribution: '&copy; <a href=\"https:\/\/www.openstreetmap.org\/copyright\">OpenStreetMap<\/a>'\n            })],\n            zoomSnap: 0.2\n        });\n        setTimeout(map.invalidateSize.bind(map), 100);\n        let contentString = '<div id=\"content\">' +\n            '<div id=\"siteNotice\">' +\n            '<\/div>' +\n            '<h4 id=\"firstHeading\" class=\"firstHeading\">Camping d\\'Aix-en-Provence<\/h4>' +\n            '<div id=\"bodyContent\">' +\n            '<p><\/p>' +\n            '<p>41 Av. du Val Saint-Andr\u00e9, 13100 Aix-en-Provence<\/p>' +\n            '<\/div>' +\n            '<\/div>';\n        let marker = L.marker([43.517791748046875, 5.467939376831055], {icon: iconType}).addTo(map);\n        marker.bindPopup(contentString).openPopup();\n        let iwOuter = document.querySelector('.leaflet-popup-content-wrapper');\n        let iwArrow = document.querySelector('.leaflet-popup-tip');\n        iwOuter.style.backgroundColor = '#E84E1B';\n        iwArrow.style.backgroundColor = '#E84E1B';\n    <\/script>\n    [\/vc_column][\/vc_row][vc_row][vc_column][vc_empty_space]<div class=\"wrappedcontent\">[vc_row_inner][vc_column_inner width=&#8220;1\/3&#8243;][vc_icon icon_fontawesome=&#8220;fas fa-map&#8220; color=&#8220;custom&#8220; size=&#8220;lg&#8220; align=&#8220;center&#8220; css=&#8220;.vc_custom_1737021767526{margin-bottom: -10px !important;padding-top: 15px !important;}&#8220; custom_color=&#8220;#E84E1B&#8220; link=&#8220;url:https%3A%2F%2Fmedia.huttopia.com%2Fdestinations%2Faix-en-provence%2Fplan-camping-aix-en-provence.pdf|target:_blank&#8220;][vc_empty_space][vc_column_text css=&#8220;&#8220;]<\/p>\n<p style=\"text-align: center;\">Platzplan<\/p>\n<p>[\/vc_column_text][\/vc_column_inner][vc_column_inner width=&#8220;1\/3&#8243;][vc_icon icon_fontawesome=&#8220;far fa-envelope&#8220; color=&#8220;custom&#8220; size=&#8220;lg&#8220; align=&#8220;center&#8220; css=&#8220;.vc_custom_1734946809116{margin-bottom: -10px !important;padding-top: 15px !important;}&#8220; custom_color=&#8220;#E84E1B&#8220; link=&#8220;url:https%3A%2F%2Fwww.camping-aix-en-provence.com%2Fcontact%2F|target:_blank&#8220;][vc_empty_space][vc_column_text css=&#8220;&#8220;]<\/p>\n<p style=\"text-align: center;\">Kontakt<\/p>\n<p>[\/vc_column_text][\/vc_column_inner][vc_column_inner width=&#8220;1\/3&#8243;][vc_icon icon_fontawesome=&#8220;fas fa-map-marker-alt&#8220; color=&#8220;custom&#8220; size=&#8220;lg&#8220; align=&#8220;center&#8220; css=&#8220;.vc_custom_1732032102741{margin-bottom: -10px !important;padding-top: 15px !important;}&#8220; custom_color=&#8220;#E84E1B&#8220; link=&#8220;url:https%3A%2F%2Fmaps.app.goo.gl%2Fz6XeL4pF9PBDk1yGA|target:_blank&#8220;][vc_empty_space][vc_column_text css=&#8220;&#8220;]<\/p>\n<p style=\"text-align: center;\">Route<\/p>\n<p>[\/vc_column_text][\/vc_column_inner][\/vc_row_inner][vc_empty_space]<\/div>[\/vc_column][\/vc_row][vc_row css=&#8220;.vc_custom_1731920483729{margin-left: -0.5px !important;background-color: #E84E1B !important;}&#8220;][vc_column]<div class=\"wrappedcontent\">[vc_empty_space][vc_row_inner][vc_column_inner width=&#8220;1\/4&#8243;][vc_icon icon_fontawesome=&#8220;far fa-star&#8220; color=&#8220;white&#8220; align=&#8220;center&#8220; css=&#8220;&#8220;][vc_column_text css=&#8220;&#8220;]<\/p>\n<p style=\"text-align: center;\"><span style=\"font-size: 13pt; color: #ffffff;\">4 Sterne<\/span><\/p>\n<p>[\/vc_column_text][\/vc_column_inner][vc_column_inner width=&#8220;1\/4&#8243;][vc_icon icon_fontawesome=&#8220;fas fa-leaf&#8220; color=&#8220;white&#8220; align=&#8220;center&#8220; css=&#8220;&#8220;][vc_column_text css=&#8220;&#8220;]<\/p>\n<p style=\"text-align: center;\"><span style=\"font-size: 13pt; color: #ffffff;\">10 ha<\/span><\/p>\n<p>[\/vc_column_text][\/vc_column_inner][vc_column_inner width=&#8220;1\/4&#8243;][vc_icon icon_fontawesome=&#8220;fas fa-home&#8220; color=&#8220;white&#8220; align=&#8220;center&#8220; css=&#8220;&#8220;][vc_column_text css=&#8220;&#8220;]<\/p>\n<p style=\"text-align: center;\"><span style=\"font-size: 13pt; color: #ffffff;\">271 Stellpl\u00e4tze<\/span><\/p>\n<p>[\/vc_column_text][\/vc_column_inner][vc_column_inner width=&#8220;1\/4&#8243;][vc_icon icon_fontawesome=&#8220;fab fa-accessible-icon&#8220; color=&#8220;white&#8220; align=&#8220;center&#8220; css=&#8220;&#8220;][vc_column_text css=&#8220;&#8220;]<\/p>\n<p style=\"text-align: center;\"><span style=\"font-size: 13pt; color: #ffffff;\">Barrierefreier Campingplatz<\/span><\/p>\n<p>[\/vc_column_text][\/vc_column_inner][\/vc_row_inner][vc_empty_space]<\/div>[\/vc_column][\/vc_row]<\/p>\n<\/div>","protected":false},"excerpt":{"rendered":"<p>[vc_row css=&#8220;.vc_custom_1775826411335{background-color: #E84E1B33 !important;}&#8220;][vc_column][\/vc_column][\/vc_row][vc_row][vc_column][\/vc_column][\/vc_row][vc_row css=&#8220;.vc_custom_1732033007931{margin-left: -0.5px !important;}&#8220;][vc_column][\/vc_column][\/vc_row][vc_row css=&#8220;.vc_custom_1732032441154{margin-left: -0.5px !important;background-color: #E84E1B !important;}&#8220;][vc_column][vc_empty_space][\/vc_column][\/vc_row][vc_row css=&#8220;.vc_custom_1715764984968{background-color: #f4f4f4 !important;}&#8220;][vc_column][\/vc_column][\/vc_row][vc_row][vc_column][\/vc_column][\/vc_row][vc_row][vc_column][\/vc_column][\/vc_row][vc_row][vc_column][vc_empty_space][\/vc_column][\/vc_row][vc_row css=&#8220;.vc_custom_1731920483729{margin-left: -0.5px !important;background-color: #E84E1B !important;}&#8220;][vc_column][\/vc_column][\/vc_row]<\/p>\n","protected":false},"author":4,"featured_media":4571,"parent":0,"menu_order":0,"comment_status":"closed","ping_status":"closed","template":"templates\/page-home.php","meta":{"footnotes":""},"class_list":["post-984","page","type-page","status-publish","has-post-thumbnail","hentry"],"yoast_head":"<!-- This site is optimized with the Yoast SEO plugin v25.6 - https:\/\/yoast.com\/wordpress\/plugins\/seo\/ -->\n<title>Campen Sie im Herzen der Provence | Camping Aix-en-Provence<\/title>\n<meta name=\"description\" content=\"Entdecken Sie den Campingplatz Aix-en-Provence, nur 10 Minuten vom Stadtzentrum entfernt, in einer entspannenden Umgebung mit Blick auf den Berg Sainte-Victoire.\" \/>\n<meta name=\"robots\" content=\"index, follow, max-snippet:-1, max-image-preview:large, max-video-preview:-1\" \/>\n<link rel=\"canonical\" href=\"https:\/\/www.camping-aix-en-provence.com\/de\/\" \/>\n<meta property=\"og:locale\" content=\"de_DE\" \/>\n<meta property=\"og:type\" content=\"article\" \/>\n<meta property=\"og:title\" content=\"Campen Sie im Herzen der Provence | Camping Aix-en-Provence\" \/>\n<meta property=\"og:description\" content=\"Entdecken Sie den Campingplatz Aix-en-Provence, nur 10 Minuten vom Stadtzentrum entfernt, in einer entspannenden Umgebung mit Blick auf den Berg Sainte-Victoire.\" \/>\n<meta property=\"og:url\" content=\"https:\/\/www.camping-aix-en-provence.com\/de\/\" \/>\n<meta property=\"og:site_name\" content=\"Aix-en-Provence\" \/>\n<meta property=\"article:modified_time\" content=\"2026-04-10T13:22:20+00:00\" \/>\n<meta property=\"og:image\" content=\"https:\/\/www.camping-aix-en-provence.com\/uploads\/sites\/55\/2025\/08\/citykamp-aix-en-provence-1.jpg\" \/>\n\t<meta property=\"og:image:width\" content=\"600\" \/>\n\t<meta property=\"og:image:height\" content=\"500\" \/>\n\t<meta property=\"og:image:type\" content=\"image\/jpeg\" \/>\n<meta name=\"twitter:card\" content=\"summary_large_image\" \/>\n<meta name=\"twitter:label1\" content=\"Est. reading time\" \/>\n\t<meta name=\"twitter:data1\" content=\"7 Minuten\" \/>\n<script type=\"application\/ld+json\" class=\"yoast-schema-graph\">{\"@context\":\"https:\/\/schema.org\",\"@graph\":[{\"@type\":\"WebPage\",\"@id\":\"https:\/\/www.camping-aix-en-provence.com\/de\/\",\"url\":\"https:\/\/www.camping-aix-en-provence.com\/de\/\",\"name\":\"Campen Sie im Herzen der Provence | Camping Aix-en-Provence\",\"isPartOf\":{\"@id\":\"https:\/\/www.camping-aix-en-provence.com\/de\/#website\"},\"primaryImageOfPage\":{\"@id\":\"https:\/\/www.camping-aix-en-provence.com\/de\/#primaryimage\"},\"image\":{\"@id\":\"https:\/\/www.camping-aix-en-provence.com\/de\/#primaryimage\"},\"thumbnailUrl\":\"https:\/\/www.camping-aix-en-provence.com\/uploads\/sites\/55\/2025\/08\/citykamp-aix-en-provence-1.jpg\",\"datePublished\":\"2024-04-26T13:21:07+00:00\",\"dateModified\":\"2026-04-10T13:22:20+00:00\",\"description\":\"Entdecken Sie den Campingplatz Aix-en-Provence, nur 10 Minuten vom Stadtzentrum entfernt, in einer entspannenden Umgebung mit Blick auf den Berg Sainte-Victoire.\",\"breadcrumb\":{\"@id\":\"https:\/\/www.camping-aix-en-provence.com\/de\/#breadcrumb\"},\"inLanguage\":\"de-DE\",\"potentialAction\":[{\"@type\":\"ReadAction\",\"target\":[\"https:\/\/www.camping-aix-en-provence.com\/de\/\"]}]},{\"@type\":\"ImageObject\",\"inLanguage\":\"de-DE\",\"@id\":\"https:\/\/www.camping-aix-en-provence.com\/de\/#primaryimage\",\"url\":\"https:\/\/www.camping-aix-en-provence.com\/uploads\/sites\/55\/2025\/08\/citykamp-aix-en-provence-1.jpg\",\"contentUrl\":\"https:\/\/www.camping-aix-en-provence.com\/uploads\/sites\/55\/2025\/08\/citykamp-aix-en-provence-1.jpg\",\"width\":600,\"height\":500},{\"@type\":\"BreadcrumbList\",\"@id\":\"https:\/\/www.camping-aix-en-provence.com\/de\/#breadcrumb\",\"itemListElement\":[{\"@type\":\"ListItem\",\"position\":1,\"name\":\"Home\",\"item\":\"https:\/\/www.camping-aix-en-provence.com\/de\/\"},{\"@type\":\"ListItem\",\"position\":2,\"name\":\"Home\"}]},{\"@type\":\"WebSite\",\"@id\":\"https:\/\/www.camping-aix-en-provence.com\/de\/#website\",\"url\":\"https:\/\/www.camping-aix-en-provence.com\/de\/\",\"name\":\"Aix-en-Provence\",\"description\":\"\",\"potentialAction\":[{\"@type\":\"SearchAction\",\"target\":{\"@type\":\"EntryPoint\",\"urlTemplate\":\"https:\/\/www.camping-aix-en-provence.com\/de\/?s={search_term_string}\"},\"query-input\":{\"@type\":\"PropertyValueSpecification\",\"valueRequired\":true,\"valueName\":\"search_term_string\"}}],\"inLanguage\":\"de-DE\"}]}<\/script>\n<!-- \/ Yoast SEO plugin. -->","yoast_head_json":{"title":"Campen Sie im Herzen der Provence | Camping Aix-en-Provence","description":"Entdecken Sie den Campingplatz Aix-en-Provence, nur 10 Minuten vom Stadtzentrum entfernt, in einer entspannenden Umgebung mit Blick auf den Berg Sainte-Victoire.","robots":{"index":"index","follow":"follow","max-snippet":"max-snippet:-1","max-image-preview":"max-image-preview:large","max-video-preview":"max-video-preview:-1"},"canonical":"https:\/\/www.camping-aix-en-provence.com\/de\/","og_locale":"de_DE","og_type":"article","og_title":"Campen Sie im Herzen der Provence | Camping Aix-en-Provence","og_description":"Entdecken Sie den Campingplatz Aix-en-Provence, nur 10 Minuten vom Stadtzentrum entfernt, in einer entspannenden Umgebung mit Blick auf den Berg Sainte-Victoire.","og_url":"https:\/\/www.camping-aix-en-provence.com\/de\/","og_site_name":"Aix-en-Provence","article_modified_time":"2026-04-10T13:22:20+00:00","og_image":[{"width":600,"height":500,"url":"https:\/\/www.camping-aix-en-provence.com\/uploads\/sites\/55\/2025\/08\/citykamp-aix-en-provence-1.jpg","type":"image\/jpeg"}],"twitter_card":"summary_large_image","twitter_misc":{"Est. reading time":"7 Minuten"},"schema":{"@context":"https:\/\/schema.org","@graph":[{"@type":"WebPage","@id":"https:\/\/www.camping-aix-en-provence.com\/de\/","url":"https:\/\/www.camping-aix-en-provence.com\/de\/","name":"Campen Sie im Herzen der Provence | Camping Aix-en-Provence","isPartOf":{"@id":"https:\/\/www.camping-aix-en-provence.com\/de\/#website"},"primaryImageOfPage":{"@id":"https:\/\/www.camping-aix-en-provence.com\/de\/#primaryimage"},"image":{"@id":"https:\/\/www.camping-aix-en-provence.com\/de\/#primaryimage"},"thumbnailUrl":"https:\/\/www.camping-aix-en-provence.com\/uploads\/sites\/55\/2025\/08\/citykamp-aix-en-provence-1.jpg","datePublished":"2024-04-26T13:21:07+00:00","dateModified":"2026-04-10T13:22:20+00:00","description":"Entdecken Sie den Campingplatz Aix-en-Provence, nur 10 Minuten vom Stadtzentrum entfernt, in einer entspannenden Umgebung mit Blick auf den Berg Sainte-Victoire.","breadcrumb":{"@id":"https:\/\/www.camping-aix-en-provence.com\/de\/#breadcrumb"},"inLanguage":"de-DE","potentialAction":[{"@type":"ReadAction","target":["https:\/\/www.camping-aix-en-provence.com\/de\/"]}]},{"@type":"ImageObject","inLanguage":"de-DE","@id":"https:\/\/www.camping-aix-en-provence.com\/de\/#primaryimage","url":"https:\/\/www.camping-aix-en-provence.com\/uploads\/sites\/55\/2025\/08\/citykamp-aix-en-provence-1.jpg","contentUrl":"https:\/\/www.camping-aix-en-provence.com\/uploads\/sites\/55\/2025\/08\/citykamp-aix-en-provence-1.jpg","width":600,"height":500},{"@type":"BreadcrumbList","@id":"https:\/\/www.camping-aix-en-provence.com\/de\/#breadcrumb","itemListElement":[{"@type":"ListItem","position":1,"name":"Home","item":"https:\/\/www.camping-aix-en-provence.com\/de\/"},{"@type":"ListItem","position":2,"name":"Home"}]},{"@type":"WebSite","@id":"https:\/\/www.camping-aix-en-provence.com\/de\/#website","url":"https:\/\/www.camping-aix-en-provence.com\/de\/","name":"Aix-en-Provence","description":"","potentialAction":[{"@type":"SearchAction","target":{"@type":"EntryPoint","urlTemplate":"https:\/\/www.camping-aix-en-provence.com\/de\/?s={search_term_string}"},"query-input":{"@type":"PropertyValueSpecification","valueRequired":true,"valueName":"search_term_string"}}],"inLanguage":"de-DE"}]}},"_links":{"self":[{"href":"https:\/\/www.camping-aix-en-provence.com\/de\/wp-json\/wp\/v2\/pages\/984","targetHints":{"allow":["GET"]}}],"collection":[{"href":"https:\/\/www.camping-aix-en-provence.com\/de\/wp-json\/wp\/v2\/pages"}],"about":[{"href":"https:\/\/www.camping-aix-en-provence.com\/de\/wp-json\/wp\/v2\/types\/page"}],"author":[{"embeddable":true,"href":"https:\/\/www.camping-aix-en-provence.com\/de\/wp-json\/wp\/v2\/users\/4"}],"replies":[{"embeddable":true,"href":"https:\/\/www.camping-aix-en-provence.com\/de\/wp-json\/wp\/v2\/comments?post=984"}],"version-history":[{"count":7,"href":"https:\/\/www.camping-aix-en-provence.com\/de\/wp-json\/wp\/v2\/pages\/984\/revisions"}],"predecessor-version":[{"id":5538,"href":"https:\/\/www.camping-aix-en-provence.com\/de\/wp-json\/wp\/v2\/pages\/984\/revisions\/5538"}],"wp:featuredmedia":[{"embeddable":true,"href":"https:\/\/www.camping-aix-en-provence.com\/de\/wp-json\/wp\/v2\/media\/4571"}],"wp:attachment":[{"href":"https:\/\/www.camping-aix-en-provence.com\/de\/wp-json\/wp\/v2\/media?parent=984"}],"curies":[{"name":"wp","href":"https:\/\/api.w.org\/{rel}","templated":true}]}}