{"id":3478,"date":"2025-02-19T11:24:27","date_gmt":"2025-02-19T10:24:27","guid":{"rendered":"https:\/\/www.camping-aix-en-provence.com\/que-faire-a-aix-en-provence\/"},"modified":"2025-03-06T11:31:36","modified_gmt":"2025-03-06T10:31:36","slug":"things-to-do-in-aix-en-provence","status":"publish","type":"page","link":"https:\/\/www.camping-aix-en-provence.com\/en\/things-to-do-in-aix-en-provence\/","title":{"rendered":"Things to do in Aix-en-Provence"},"content":{"rendered":"<div class=\"wpb-content-wrapper\"><p>[vc_row css=&#8221;.vc_custom_1732010729614{margin-left: -0.5px !important;background-color: #E84E1B33 !important;}&#8221;][vc_column][vc_empty_space]<div class=\"wrappedcontent\">[vc_column_text css=&#8221;&#8221;]<\/p>\n<h1 style=\"text-align: center;\"><strong>Things to do in Aix-en-Provence<\/strong><\/h1>\n<p style=\"text-align: center;\"><span style=\"font-size: 14pt;\">The charm of iconic southern <strong>French city Aix-en-Provence<\/strong> lies in its rich heritage, authentic Proven\u00e7al feel and remarkable natural scenery. The city offers a wide range of activities to suit all tastes, from <strong>famous festivals to historic districts, prestigious museums to outdoor adventures.<\/strong> Discover the events not to be missed, the iconic sights to see and the unmissable experiences to try during your stay in Aix-en-Provence.<br \/>\n<\/span><\/p>\n<p>[\/vc_column_text]<div class=\"text-center btnwrap\"><a class=\"btn btn-huttopia-cta\" href=\"https:\/\/checkout.citykamp.com\/965\/en\/\" role=\"button\" target=\"true\" onclick=\"dataLayer.push({'event':'clickCity', 'clickText':'Book your stay'})\">Book your stay<\/a><\/div><\/div>[\/vc_column][\/vc_row][vc_row css=&#8221;.vc_custom_1732010733748{margin-left: -0.5px !important;}&#8221;][vc_column]<div class=\"wrappedcontent\">[vc_column_text css=&#8221;&#8221;]<\/p>\n<h2 style=\"text-align: center;\"><strong>Things to see in Aix-en-Provence: monuments, museums and iconic places<\/strong><\/h2>\n<p>[\/vc_column_text][vc_empty_space][vc_row_inner gap=&#8221;35&#8243; css=&#8221;.vc_custom_1715759523796{margin-left: -0.5px !important;}&#8221;][vc_column_inner width=&#8221;1\/2&#8243;][vc_single_image image=&#8221;555&#8243; img_size=&#8221;large&#8221; css=&#8221;&#8221;][vc_empty_space][vc_column_text css=&#8221;&#8221;]<\/p>\n<p style=\"text-align: center;\"><span style=\"font-size: 14pt;\"><strong>The old town <\/strong><\/span><\/p>\n<p style=\"text-align: center;\">Wander along the narrow, winding streets lined with old houses with coloured fa\u00e7ades and soak up the authentic Provence atmosphere. Admire the many mansions left behind from the time when Aix was the capital of Provence and explore the delightful squares dotted around the area. Visit the Mazarin district and Saint-Saveur cathedral.<\/p>\n<p>[\/vc_column_text][\/vc_column_inner][vc_column_inner width=&#8221;1\/2&#8243;][vc_single_image image=&#8221;557&#8243; img_size=&#8221;large&#8221; css=&#8221;&#8221;][vc_empty_space][vc_column_text css=&#8221;&#8221;]<\/p>\n<p style=\"text-align: center;\"><span style=\"font-size: 14pt;\"><strong>Cours Mirabeau: the buzzing historical heart of Aix-en-Provence<\/strong><\/span><\/p>\n<p style=\"text-align: center;\">Created in the 17th century, the Cours Mirabeau has been witness to the history of the city. From carriage rides to cultural events, it is the backdrop against which life in Aix has played out over the years. Nowadays, under the hundred-year-old plane trees, this iconic place is alive with caf\u00e9s and fountains, reflecting the art de vivre of Provence.<\/p>\n<p>[\/vc_column_text][\/vc_column_inner][\/vc_row_inner][vc_row_inner gap=&#8221;35&#8243; css=&#8221;.vc_custom_1715759523796{margin-left: -0.5px !important;}&#8221;][vc_column_inner width=&#8221;1\/2&#8243;][vc_single_image image=&#8221;559&#8243; img_size=&#8221;large&#8221; css=&#8221;&#8221;][vc_empty_space][vc_column_text css=&#8221;&#8221;]<\/p>\n<p style=\"text-align: center;\"><span style=\"font-size: 14pt;\"><strong>C\u00e9zanne\u2019s studio<\/strong><\/span><\/p>\n<p style=\"text-align: center;\">Aix-en-Provence was the birthplace of famous post-impressionist painter Paul C\u00e9zanne, and his presence still makes itself felt around the city today. Step into his studio, the Atelier de C\u00e9zanne, to get a close insight into the artist\u2019s life and creative process. Admire his masterpieces at the Mus\u00e9e Granet and follow in his footsteps on the \u2018In the steps of C\u00e9zanne\u2019 walk.<\/p>\n<p>[\/vc_column_text][\/vc_column_inner][vc_column_inner width=&#8221;1\/2&#8243;][vc_single_image image=&#8221;3406&#8243; img_size=&#8221;large&#8221; css=&#8221;&#8221;][vc_empty_space][vc_column_text css=&#8221;&#8221;]<\/p>\n<p style=\"text-align: center;\"><span style=\"font-size: 14pt;\"><strong><strong class=\"s-font-semibold s-text-foreground dark:s-text-foreground-night\">The Jas de Bouffan Bastide: C\u00e9zanne&#8217;s Family Home<\/strong><\/strong><\/span><\/p>\n<p style=\"text-align: center;\">The former residence of Paul C\u00e9zanne in Aix-en-Provence, the Jas de Bouffan bastide will gradually reopen from summer 2025. The first restored rooms, including his studio, the kitchen, and Madame C\u00e9zanne&#8217;s bedroom, along with an immersive park walk, allow visitors to discover the legacy of the father of modern art.<\/p>\n<p>[\/vc_column_text][\/vc_column_inner][\/vc_row_inner][vc_row_inner gap=&#8221;35&#8243; css=&#8221;.vc_custom_1715759523796{margin-left: -0.5px !important;}&#8221;][vc_column_inner width=&#8221;1\/2&#8243;][vc_single_image image=&#8221;561&#8243; img_size=&#8221;large&#8221; css=&#8221;&#8221;][vc_empty_space][vc_column_text css=&#8221;&#8221;]<\/p>\n<p style=\"text-align: center;\"><span style=\"font-size: 14pt;\"><strong>Mus\u00e9e Granet: one of the best museums in France<\/strong><\/span><\/p>\n<p style=\"text-align: center;\">The Mus\u00e9e Granet is a real goldmine for art and history lovers. In one place, you can retrace the evolution of European art and marvel at the masterpieces of great artists like Renoir, Monet, Van Gogh, Degas, Redon, Bonnard, Rouault, Picasso, Braque, Dufy, Laurens, L\u00e9ger, Klee, Bissi\u00e8re, de Sta\u00ebl and Dubuffet. A must-see for anyone with a love for art or an interest in history.<br \/>\nOther museums to visit include the Mus\u00e9e Vasarely, dedicated to the work of Victor Vasarely. Mus\u00e9e des Tapisseries (tapestry museum)<\/p>\n<p>[\/vc_column_text][\/vc_column_inner][vc_column_inner width=&#8221;1\/2&#8243;][vc_single_image image=&#8221;3412&#8243; img_size=&#8221;large&#8221; css=&#8221;&#8221;][vc_empty_space][vc_column_text css=&#8221;&#8221;]<\/p>\n<p style=\"text-align: center;\"><span style=\"font-size: 14pt;\"><strong>L&#8217;H\u00f4tel de Caumont<\/strong><\/span><\/p>\n<p style=\"text-align: center;\">The H\u00f4tel de Caumont in Aix-en-Provence is a magnificent 18th-century mansion, offering an elegant and refined setting. It houses a contemporary art center featuring temporary exhibitions and a French formal garden. This historic hotel invites visitors to discover art and architecture in a place steeped in history.<\/p>\n<p>[\/vc_column_text][\/vc_column_inner][\/vc_row_inner][vc_row_inner gap=&#8221;35&#8243; css=&#8221;.vc_custom_1715759523796{margin-left: -0.5px !important;}&#8221;][vc_column_inner width=&#8221;1\/2&#8243;][vc_single_image image=&#8221;563&#8243; img_size=&#8221;large&#8221; css=&#8221;&#8221;][vc_empty_space][vc_column_text css=&#8221;&#8221;]<\/p>\n<p style=\"text-align: center;\"><span style=\"font-size: 14pt;\"><strong>Pavillon de Vend\u00f4me<\/strong><\/span><\/p>\n<p style=\"text-align: center;\">The Pavillon de Vend\u00f4me is a treasure trove of history and greenery just a stone\u2019s throw from Aix Cathedral. Its French formal garden and old furniture transport you back in time. Listed as a historic monument, it also contains portraits of its illustrious residents. Since 1990, modern and contemporary art has been displayed there too, making the pavilion a must-see for lovers of art and tranquillity.<\/p>\n<p>[\/vc_column_text][\/vc_column_inner][vc_column_inner width=&#8221;1\/2&#8243;][vc_single_image image=&#8221;565&#8243; img_size=&#8221;large&#8221; css=&#8221;&#8221;][vc_empty_space][vc_column_text css=&#8221;&#8221;]<\/p>\n<p style=\"text-align: center;\"><span style=\"font-size: 14pt;\"><strong>The city of a thousand fountains<\/strong><\/span><\/p>\n<p style=\"text-align: center;\">Aix-en-Provence, nicknamed the \u2018city of a thousand fountains\u2019 or \u2018city of waters\u2019, houses priceless treasure: over 250 public and private fountains are dotted around its historical centre &#8211; that\u2019s one of the densest concentrations in Europe. These architectural gems include the La Rotonde, Quatre Dauphins, Roi Ren\u00e9 and Albertas fountains, as well as the Sextius thermal fountain.<\/p>\n<p>[\/vc_column_text][\/vc_column_inner][\/vc_row_inner][vc_empty_space][vc_column_text css=&#8221;&#8221;]<\/p>\n<h2 style=\"text-align: center;\"><strong>Events in Aix-en-Provence: unmissable festivals, culture and sport<\/strong><\/h2>\n<p>[\/vc_column_text][vc_empty_space][vc_row_inner gap=&#8221;35&#8243; css=&#8221;.vc_custom_1732010622878{margin-left: -0.5px !important;}&#8221;][vc_column_inner width=&#8221;1\/3&#8243;][vc_single_image image=&#8221;587&#8243; img_size=&#8221;large&#8221; css=&#8221;&#8221;][\/vc_column_inner][vc_column_inner width=&#8221;2\/3&#8243;][vc_column_text css=&#8221;&#8221;]<strong>\u201cBiennale d\u2019Aix\u201d:<\/strong> Spring \u2013 Autumn. Jointly organised by various cultural bodies from Aix-en-Provence and the entire region, this major cultural festival features a multi-disciplinary line-up that supports contemporary artistic creation, big events in the urban area inviting the general public to share unique moments together, an array of artistic experiences spread throughout the city\u2019s neighbourhoods and surrounding villages and the implementation of projects encouraging inhabitants to participate in cultural activities.<\/p>\n<p><strong>Aix-en-Provence Ironman race:<\/strong> 18 May 2025. The Aix-en-Provence Ironman race is a long-distance triathlon held in May. It involves a 3.8\u00a0km swim in Lac de Peyrolles, a 180\u00a0km cycling race through the Provence region and a 42.195\u00a0km marathon around Aix-en-Provence. Athletes come from all over the world to compete in the event, which represents a significant sporting challenge amid the outstanding natural landscape.<\/p>\n<p><strong>Aix-en-Provence festival:<\/strong> From 4 to 21 July 2025. Featuring operas, youth productions and famous Mozart operas, this event offers contemporary pieces, a chance to rediscover baroque masterpieces, chamber operas and incredible concert line-ups.<\/p>\n<p><strong>\u00a0<\/strong>[\/vc_column_text][\/vc_column_inner][\/vc_row_inner][vc_empty_space][vc_column_text css=&#8221;&#8221;]<\/p>\n<h2 style=\"text-align: center;\"><strong>Walking and nature: explore the Montagne Sainte-Victoire from Aix-en-Provence<\/strong><\/h2>\n<p>[\/vc_column_text][vc_empty_space][vc_row_inner gap=&#8221;35&#8243; css=&#8221;.vc_custom_1715759523796{margin-left: -0.5px !important;}&#8221;][vc_column_inner width=&#8221;1\/2&#8243;][vc_images_carousel images=&#8221;595,593&#8243; img_size=&#8221;600&#215;500&#8243; onclick=&#8221;link_no&#8221; wrap=&#8221;yes&#8221;][\/vc_column_inner][vc_column_inner width=&#8221;1\/2&#8243;][vc_column_text css=&#8221;&#8221;]<\/p>\n<p style=\"text-align: left;\">Dominating the landscape of Provence, the Montagne Sainte-Victoire is an iconic symbol of the region, immortalised by the painter Paul C\u00e9zanne. This mountain ridge located east of Aix-en-Provence reaches 1,011 metres at its highest point and offers remarkable views of Provence. Rich in history, it is home to the Saint-Ser hermitage, a pilgrimage site tucked into the rock, along with many other remnants of its past.<\/p>\n<p style=\"text-align: left;\">Located around 9 miles from the campsite, the Montagne Sainte-Victoire is easy to get to. It boasts stunning views of the surrounding countryside.\u00a0You can hike up to the summit or take the shuttle bus.<br \/>\nThere are several paths from the campsite that take you to the massif, with routes for all ability levels, from casual walkers to seasoned hikers.<\/p>\n<p style=\"text-align: left;\">With its pine forests, rocky crests and spectacular views over the valley, the Montagne Sainte-Victoire offers a unique opportunity to immerse yourself in the nature and heritage of Provence.<\/p>\n<p>[\/vc_column_text][\/vc_column_inner][\/vc_row_inner]<\/div>[\/vc_column][\/vc_row][vc_row css=&#8221;.vc_custom_1739961643315{background-color: #F4F4F4 !important;}&#8221;][vc_column]<div class=\"wrappedcontent\">[vc_row_inner gap=&#8221;35&#8243; css=&#8221;.vc_custom_1715762324055{margin-left: -0.5px !important;}&#8221;][vc_column_inner width=&#8221;1\/2&#8243;][vc_single_image image=&#8221;600&#8243; img_size=&#8221;large&#8221; css=&#8221;&#8221;][vc_empty_space][vc_column_text css=&#8221;&#8221;]<\/p>\n<p style=\"text-align: center;\"><strong>Local food and drink<\/strong><\/p>\n<p style=\"text-align: center;\">Provence is known for its delicious, sun-drenched cuisine. Sample local specialities such as tapenade, aioli, bouillabaisse and the traditional sweets called calissons. Make sure you visit some of Provence\u2019s markets to find fresh local produce. Taste the outstanding wines of the Pays d\u2019Aix en Provence: Provence is known for its wines. You can visit one of the region\u2019s many vineyards and taste the wines made there. Appellations: Coteaux d\u2019Aix-en-Provence, C\u00f4tes de Provence and C\u00f4tes de Provence Sainte-Victoire, Palette and C\u00f4tes du Luberon.<\/p>\n<p>[\/vc_column_text][\/vc_column_inner][vc_column_inner width=&#8221;1\/2&#8243;][vc_single_image image=&#8221;602&#8243; img_size=&#8221;large&#8221; css=&#8221;&#8221;][vc_empty_space][vc_column_text css=&#8221;&#8221;]<\/p>\n<p style=\"text-align: center;\"><strong>Market days<\/strong><\/p>\n<p style=\"text-align: center;\">Le Tholonet market: Every Friday morning<br \/>\nAix-en-Provence market: Every Tuesday, Wednesday, Thursday, Friday and Saturday morning<br \/>\nRousset market: Every Sunday morning<br \/>\nSaint-Cannat market: Every Thursday morning<\/p>\n<p>[\/vc_column_text][\/vc_column_inner][\/vc_row_inner]<\/div>[\/vc_column][\/vc_row]<\/p>\n<\/div>","protected":false},"excerpt":{"rendered":"<p>[vc_row css=&#8221;.vc_custom_1732010729614{margin-left: -0.5px !important;background-color: #E84E1B33 !important;}&#8221;][vc_column][vc_empty_space][\/vc_column][\/vc_row][vc_row css=&#8221;.vc_custom_1732010733748{margin-left: -0.5px !important;}&#8221;][vc_column][\/vc_column][\/vc_row][vc_row css=&#8221;.vc_custom_1739961643315{background-color: #F4F4F4 !important;}&#8221;][vc_column][\/vc_column][\/vc_row]<\/p>\n","protected":false},"author":48,"featured_media":0,"parent":0,"menu_order":0,"comment_status":"closed","ping_status":"closed","template":"","meta":{"footnotes":""},"class_list":["post-3478","page","type-page","status-publish","hentry"],"yoast_head":"<!-- This site is optimized with the Yoast SEO plugin v25.6 - https:\/\/yoast.com\/wordpress\/plugins\/seo\/ -->\n<title>What to do in Aix-en-Provence? Visits and Hikes<\/title>\n<meta name=\"description\" content=\"Discover the best things to do in Aix-en-Provence: festivals, visits to monuments and museums, as well as hikes to Sainte-Victoire Mountain.\" \/>\n<meta name=\"robots\" content=\"index, follow, max-snippet:-1, max-image-preview:large, max-video-preview:-1\" \/>\n<link rel=\"canonical\" href=\"https:\/\/www.camping-aix-en-provence.com\/en\/things-to-do-in-aix-en-provence\/\" \/>\n<meta property=\"og:locale\" content=\"en_US\" \/>\n<meta property=\"og:type\" content=\"article\" \/>\n<meta property=\"og:title\" content=\"What to do in Aix-en-Provence? Visits and Hikes\" \/>\n<meta property=\"og:description\" content=\"Discover the best things to do in Aix-en-Provence: festivals, visits to monuments and museums, as well as hikes to Sainte-Victoire Mountain.\" \/>\n<meta property=\"og:url\" content=\"https:\/\/www.camping-aix-en-provence.com\/en\/things-to-do-in-aix-en-provence\/\" \/>\n<meta property=\"og:site_name\" content=\"Aix-en-Provence\" \/>\n<meta property=\"article:modified_time\" content=\"2025-03-06T10:31:36+00:00\" \/>\n<meta name=\"twitter:card\" content=\"summary_large_image\" \/>\n<meta name=\"twitter:label1\" content=\"Est. reading time\" \/>\n\t<meta name=\"twitter:data1\" content=\"8 minutes\" \/>\n<script type=\"application\/ld+json\" class=\"yoast-schema-graph\">{\"@context\":\"https:\/\/schema.org\",\"@graph\":[{\"@type\":\"WebPage\",\"@id\":\"https:\/\/www.camping-aix-en-provence.com\/en\/things-to-do-in-aix-en-provence\/\",\"url\":\"https:\/\/www.camping-aix-en-provence.com\/en\/things-to-do-in-aix-en-provence\/\",\"name\":\"What to do in Aix-en-Provence? Visits and Hikes\",\"isPartOf\":{\"@id\":\"https:\/\/www.camping-aix-en-provence.com\/en\/#website\"},\"datePublished\":\"2025-02-19T10:24:27+00:00\",\"dateModified\":\"2025-03-06T10:31:36+00:00\",\"description\":\"Discover the best things to do in Aix-en-Provence: festivals, visits to monuments and museums, as well as hikes to Sainte-Victoire Mountain.\",\"breadcrumb\":{\"@id\":\"https:\/\/www.camping-aix-en-provence.com\/en\/things-to-do-in-aix-en-provence\/#breadcrumb\"},\"inLanguage\":\"en-US\",\"potentialAction\":[{\"@type\":\"ReadAction\",\"target\":[\"https:\/\/www.camping-aix-en-provence.com\/en\/things-to-do-in-aix-en-provence\/\"]}]},{\"@type\":\"BreadcrumbList\",\"@id\":\"https:\/\/www.camping-aix-en-provence.com\/en\/things-to-do-in-aix-en-provence\/#breadcrumb\",\"itemListElement\":[{\"@type\":\"ListItem\",\"position\":1,\"name\":\"Home\",\"item\":\"https:\/\/www.camping-aix-en-provence.com\/en\/\"},{\"@type\":\"ListItem\",\"position\":2,\"name\":\"Things to do in Aix-en-Provence\"}]},{\"@type\":\"WebSite\",\"@id\":\"https:\/\/www.camping-aix-en-provence.com\/en\/#website\",\"url\":\"https:\/\/www.camping-aix-en-provence.com\/en\/\",\"name\":\"Aix-en-Provence\",\"description\":\"\",\"potentialAction\":[{\"@type\":\"SearchAction\",\"target\":{\"@type\":\"EntryPoint\",\"urlTemplate\":\"https:\/\/www.camping-aix-en-provence.com\/en\/?s={search_term_string}\"},\"query-input\":{\"@type\":\"PropertyValueSpecification\",\"valueRequired\":true,\"valueName\":\"search_term_string\"}}],\"inLanguage\":\"en-US\"}]}<\/script>\n<!-- \/ Yoast SEO plugin. -->","yoast_head_json":{"title":"What to do in Aix-en-Provence? Visits and Hikes","description":"Discover the best things to do in Aix-en-Provence: festivals, visits to monuments and museums, as well as hikes to Sainte-Victoire Mountain.","robots":{"index":"index","follow":"follow","max-snippet":"max-snippet:-1","max-image-preview":"max-image-preview:large","max-video-preview":"max-video-preview:-1"},"canonical":"https:\/\/www.camping-aix-en-provence.com\/en\/things-to-do-in-aix-en-provence\/","og_locale":"en_US","og_type":"article","og_title":"What to do in Aix-en-Provence? Visits and Hikes","og_description":"Discover the best things to do in Aix-en-Provence: festivals, visits to monuments and museums, as well as hikes to Sainte-Victoire Mountain.","og_url":"https:\/\/www.camping-aix-en-provence.com\/en\/things-to-do-in-aix-en-provence\/","og_site_name":"Aix-en-Provence","article_modified_time":"2025-03-06T10:31:36+00:00","twitter_card":"summary_large_image","twitter_misc":{"Est. reading time":"8 minutes"},"schema":{"@context":"https:\/\/schema.org","@graph":[{"@type":"WebPage","@id":"https:\/\/www.camping-aix-en-provence.com\/en\/things-to-do-in-aix-en-provence\/","url":"https:\/\/www.camping-aix-en-provence.com\/en\/things-to-do-in-aix-en-provence\/","name":"What to do in Aix-en-Provence? Visits and Hikes","isPartOf":{"@id":"https:\/\/www.camping-aix-en-provence.com\/en\/#website"},"datePublished":"2025-02-19T10:24:27+00:00","dateModified":"2025-03-06T10:31:36+00:00","description":"Discover the best things to do in Aix-en-Provence: festivals, visits to monuments and museums, as well as hikes to Sainte-Victoire Mountain.","breadcrumb":{"@id":"https:\/\/www.camping-aix-en-provence.com\/en\/things-to-do-in-aix-en-provence\/#breadcrumb"},"inLanguage":"en-US","potentialAction":[{"@type":"ReadAction","target":["https:\/\/www.camping-aix-en-provence.com\/en\/things-to-do-in-aix-en-provence\/"]}]},{"@type":"BreadcrumbList","@id":"https:\/\/www.camping-aix-en-provence.com\/en\/things-to-do-in-aix-en-provence\/#breadcrumb","itemListElement":[{"@type":"ListItem","position":1,"name":"Home","item":"https:\/\/www.camping-aix-en-provence.com\/en\/"},{"@type":"ListItem","position":2,"name":"Things to do in Aix-en-Provence"}]},{"@type":"WebSite","@id":"https:\/\/www.camping-aix-en-provence.com\/en\/#website","url":"https:\/\/www.camping-aix-en-provence.com\/en\/","name":"Aix-en-Provence","description":"","potentialAction":[{"@type":"SearchAction","target":{"@type":"EntryPoint","urlTemplate":"https:\/\/www.camping-aix-en-provence.com\/en\/?s={search_term_string}"},"query-input":{"@type":"PropertyValueSpecification","valueRequired":true,"valueName":"search_term_string"}}],"inLanguage":"en-US"}]}},"_links":{"self":[{"href":"https:\/\/www.camping-aix-en-provence.com\/en\/wp-json\/wp\/v2\/pages\/3478","targetHints":{"allow":["GET"]}}],"collection":[{"href":"https:\/\/www.camping-aix-en-provence.com\/en\/wp-json\/wp\/v2\/pages"}],"about":[{"href":"https:\/\/www.camping-aix-en-provence.com\/en\/wp-json\/wp\/v2\/types\/page"}],"author":[{"embeddable":true,"href":"https:\/\/www.camping-aix-en-provence.com\/en\/wp-json\/wp\/v2\/users\/48"}],"replies":[{"embeddable":true,"href":"https:\/\/www.camping-aix-en-provence.com\/en\/wp-json\/wp\/v2\/comments?post=3478"}],"version-history":[{"count":2,"href":"https:\/\/www.camping-aix-en-provence.com\/en\/wp-json\/wp\/v2\/pages\/3478\/revisions"}],"predecessor-version":[{"id":3487,"href":"https:\/\/www.camping-aix-en-provence.com\/en\/wp-json\/wp\/v2\/pages\/3478\/revisions\/3487"}],"wp:attachment":[{"href":"https:\/\/www.camping-aix-en-provence.com\/en\/wp-json\/wp\/v2\/media?parent=3478"}],"curies":[{"name":"wp","href":"https:\/\/api.w.org\/{rel}","templated":true}]}}