{"id":1961,"date":"2024-04-26T15:21:07","date_gmt":"2024-04-26T13:21:07","guid":{"rendered":"https:\/\/www.citykamp.com\/aix-en-provence\/home\/"},"modified":"2026-04-10T15:23:08","modified_gmt":"2026-04-10T13:23:08","slug":"home","status":"publish","type":"page","link":"https:\/\/www.camping-aix-en-provence.com\/es\/","title":{"rendered":"INICIO"},"content":{"rendered":"<div class=\"wpb-content-wrapper\"><p>[vc_row css=\u00bb.vc_custom_1775826483883{background-color: #E84E1B33 !important;}\u00bb][vc_column]<div class=\"wrappedcontent\">[vc_empty_space height=\u00bb15px\u00bb][vc_column_text css=\u00bb\u00bb]<\/p>\n<p style=\"text-align: center;\"><span style=\"font-size: 18pt; color: #e84e1b;\"><strong>CAMPING CARD GRATIS<\/strong><\/span><\/p>\n<p style=\"text-align: center;\"><strong>En abril, \u00a1la Camping Card (valor: 19 \u20ac) es gratis!<br \/>\n<\/strong>Recuerdos inolvidables que crear en familia, en pareja, entre amigos\u2026<br \/>\nV\u00e1lida en todos los campings de nuestras redes: Huttopia, CityKamp, OnlyCamp.<\/p>\n<p style=\"text-align: center;\"><span style=\"text-decoration: underline; font-size: 14pt;\"><strong><a style=\"text-decoration: underline;\" href=\"https:\/\/www.citykamp.com\/es\/camping-card\/\">Descubre la oferta<\/a><\/strong><\/span><\/p>\n<p>[\/vc_column_text]<\/div>[\/vc_column][\/vc_row][vc_row][vc_column]<div class=\"wrappedcontent\">[vc_empty_space height=\u00bb15px\u00bb][vc_column_text css=\u00bb\u00bb]<\/p>\n<p style=\"text-align: center;\"><strong><span style=\"font-size: 28pt;\"><span style=\"color: #e84e1b;\">CAMPING AIX-EN-PROVENCE<br \/>\nUNA ESTANCIA EN PLENA NATURALEZA FRENTE A LA MONTA\u00d1A SAINTE-VICTOIRE<\/span><\/span><\/strong><\/p>\n<p>[\/vc_column_text][vc_empty_space][vc_column_text css=\u00bb.vc_custom_1741251907532{margin-left: -0.5px !important;}\u00bb]<\/p>\n<h2 style=\"text-align: center;\">Disfruta de una estancia con todas las comodidades a dos pasos del centro de Aix-en-Provence<\/h2>\n<p>[\/vc_column_text]<\/div>[\/vc_column][\/vc_row][vc_row css=\u00bb.vc_custom_1732033007931{margin-left: -0.5px !important;}\u00bb][vc_column]<div class=\"wrappedcontent\">[vc_row_inner gap=\u00bb35&#8243; css=\u00bb.vc_custom_1732790938571{margin-left: -0.5px !important;}\u00bb][vc_column_inner width=\u00bb1\/2&#8243;][vc_images_carousel images=\u00bb4573,4579,4585,4591,4597,4603,4609,4615,4621,4627,4633&#8243; img_size=\u00bb600*500&#8243; onclick=\u00bblink_no\u00bb wrap=\u00bbyes\u00bb css=\u00bb\u00bb][\/vc_column_inner][vc_column_inner width=\u00bb1\/2&#8243;][vc_column_text css=\u00bb\u00bb]<\/p>\n<p style=\"text-align: left;\">Da igual si vienes con tienda, furgoneta, caravana o autocaravana, tenemos para ti <span style=\"text-decoration: underline;\"><a href=\"https:\/\/www.camping-aix-en-provence.com\/es\/parcelas-de-camping\/\">parcelas espaciosas y con sombra<\/a><\/span> a las puertas de la ciudad. \u00bfBuscas confort y originalidad? Dec\u00eddete por <span style=\"text-decoration: underline;\"><a href=\"https:\/\/www.camping-aix-en-provence.com\/es\/alojamientos\/\">nuestros c\u00f3modos<\/a><a href=\"https:\/\/www.camping-aix-en-provence.com\/es\/alojamientos\/\"> chalets o roulottes<\/a><\/span>, de lona y madera, pensados para vivir una experiencia \u00fanica en Aix-en-Provence.<br \/>\nAqu\u00ed todo est\u00e1 pensado para facilitarte la estancia: piscina, desayuno, alquiler de bicis\u2026 en un entorno que ofrece practicidad y comodidad al mismo tiempo. Es el lugar ideal para escapar de la ciudad a la Provenza en pareja, con los amigos o con la familia, o incluso cuando tengas que desplazarte a Aix-en-Provence o a Marsella <span style=\"text-decoration: underline;\"><a href=\"https:\/\/www.camping-aix-en-provence.com\/es\/alojamientos\/\">por trabajo<\/a><\/span>.<\/p>\n<p style=\"text-align: left;\">Desde el camping podr\u00e1s llegar f\u00e1cilmente a Aix-en-Provence y disfrutar de sus animadas callejuelas, sus mercados provenzales y su ambiente acogedor.<br \/>\n\u00bfTe apetece una escapada m\u00e1s urbana? Tambi\u00e9n se puede ir hasta Marsella con facilidad en transporte p\u00fablico o en coche, para disfrutar de una jornada de cultura, playa y el Vieux-Port.<\/p>\n<p style=\"text-align: left;\">Desde el camping es posible adem\u00e1s ir a explorar la monta\u00f1a Sainte-Victoire, un lugar emblem\u00e1tico con preciosas rutas de senderismo e incre\u00edbles vistas.<\/p>\n<p style=\"text-align: left;\">Deja el coche en el aparcamiento gratuito y seguro del camping y llega r\u00e1pidamente al centro de la ciudad de Aix-en-Provence en bus o en bici. <a href=\"https:\/\/www.google.fr\/maps\/dir\/Camping+Aix-en-Provence,+41+Av.+du+Val+Saint-Andr%C3%A9,+13100+Aix-en-Provence\/Aix-en-Provence\/@43.523859,5.4524024,15z\/data=!3m1!4b1!4m14!4m13!1m5!1m1!1s0x12c98d2d2ebe32ad:0xbe132ea8120426a0!2m2!1d5.474435!2d43.5153951!1m5!1m1!1s0x12c98da304b91259:0x5cb953bec8b688a3!2m2!1d5.4509692!2d43.5323032!3e0?entry=tts&amp;g_ep=EgoyMDI1MDIxMi4wKgBIAVAD\" target=\"_blank\" rel=\"noopener\"><span style=\"text-decoration: underline;\">Consulta el itinerario aqu\u00ed.<\/span><\/a><\/p>\n<p>[\/vc_column_text][\/vc_column_inner][\/vc_row_inner][vc_row_inner gap=\u00bb35&#8243; css=\u00bb.vc_custom_1732033127703{margin-left: -0.5px !important;}\u00bb][vc_column_inner][vc_empty_space]<div class=\"text-center btnwrap\"><a class=\"btn btn-huttopia-cta\" href=\"https:\/\/checkout.citykamp.com\/965\/es\/\" role=\"button\" target=\"true\" onclick=\"dataLayer.push({'event':'clickCity', 'clickText':'Reservar'})\">Reservar<\/a><\/div>[\/vc_column_inner][\/vc_row_inner]<\/div>[\/vc_column][\/vc_row][vc_row css=\u00bb.vc_custom_1732032441154{margin-left: -0.5px !important;background-color: #E84E1B !important;}\u00bb][vc_column]<div class=\"wrappedcontent\">[vc_empty_space][vc_column_text css=\u00bb\u00bb]<\/p>\n<h3 style=\"text-align: center;\"><span style=\"color: #ffffff;\">A TU DISPOSICI\u00d3N EN EL CAMPING:<\/span><\/h3>\n<p>[\/vc_column_text][vc_empty_space height=\u00bb52px\u00bb][vc_row_inner][vc_column_inner width=\u00bb1\/4&#8243;][vc_icon icon_fontawesome=\u00bbfas fa-parking\u00bb color=\u00bbwhite\u00bb align=\u00bbcenter\u00bb css=\u00bb\u00bb][vc_column_text css=\u00bb\u00bb]<\/p>\n<p style=\"text-align: center;\"><span style=\"color: #ffffff;\">Aparcamiento gratuito y seguro<\/span><\/p>\n<p>[\/vc_column_text][\/vc_column_inner][vc_column_inner width=\u00bb1\/4&#8243;][vc_icon icon_fontawesome=\u00bbfas fa-coffee\u00bb color=\u00bbwhite\u00bb align=\u00bbcenter\u00bb css=\u00bb\u00bb][vc_column_text css=\u00bb\u00bb]<\/p>\n<p style=\"text-align: center;\"><span style=\"color: #ffffff;\">Caf\u00e9 y boller\u00eda<\/span><\/p>\n<p>[\/vc_column_text][\/vc_column_inner][vc_column_inner width=\u00bb1\/4&#8243;][vc_icon icon_fontawesome=\u00bbfas fa-bed\u00bb color=\u00bbwhite\u00bb align=\u00bbcenter\u00bb css=\u00bb\u00bb][vc_column_text css=\u00bb\u00bb]<\/p>\n<p style=\"text-align: center;\"><span style=\"color: #ffffff;\">Servicios de hotel<\/span><\/p>\n<p>[\/vc_column_text][\/vc_column_inner][vc_column_inner width=\u00bb1\/4&#8243;][vc_icon icon_fontawesome=\u00bbfar fa-clock\u00bb color=\u00bbwhite\u00bb align=\u00bbcenter\u00bb css=\u00bb\u00bb][vc_column_text css=\u00bb\u00bb]<\/p>\n<p style=\"text-align: center;\"><span style=\"color: #ffffff;\">Recepci\u00f3n abierta todos los d\u00edas<br \/>\nmultiling\u00fce<\/span><\/p>\n<p>[\/vc_column_text][\/vc_column_inner][\/vc_row_inner]<\/div>[vc_empty_space][\/vc_column][\/vc_row][vc_row css=\u00bb.vc_custom_1715764984968{background-color: #f4f4f4 !important;}\u00bb][vc_column]<div class=\"wrappedcontent\">[vc_empty_space][vc_column_text css=\u00bb\u00bb]<\/p>\n<h2 style=\"text-align: center;\"><strong>\u00bfC\u00f3mo llegar al centro de Aix-en-Provence?<\/strong><\/h2>\n<p>[\/vc_column_text][vc_empty_space][vc_row_inner gap=\u00bb35&#8243; css=\u00bb.vc_custom_1715765008032{margin-left: -0.5px !important;}\u00bb][vc_column_inner width=\u00bb1\/3&#8243;][vc_single_image image=\u00bb2333&#8243; img_size=\u00bb71*71&#8243; alignment=\u00bbcenter\u00bb][vc_empty_space][vc_column_text css=\u00bb\u00bb]<\/p>\n<p style=\"text-align: center;\"><strong>Bus<\/strong><\/p>\n<p style=\"text-align: center;\">Parada de bus a 5 minutos a pie del camping y 25 minutos de trayecto en bus<\/p>\n<p>[\/vc_column_text][\/vc_column_inner][vc_column_inner width=\u00bb1\/3&#8243;][vc_single_image image=\u00bb2334&#8243; img_size=\u00bb71*71&#8243; alignment=\u00bbcenter\u00bb][vc_empty_space][vc_column_text css=\u00bb\u00bb]<\/p>\n<p style=\"text-align: center;\"><strong>A pie<\/strong><\/p>\n<p style=\"text-align: center;\">40 minutos desde el camping<\/p>\n<p>[\/vc_column_text][\/vc_column_inner][vc_column_inner width=\u00bb1\/3&#8243;][vc_single_image image=\u00bb2335&#8243; img_size=\u00bb71*71&#8243; alignment=\u00bbcenter\u00bb][vc_empty_space][vc_column_text css=\u00bb\u00bb]<\/p>\n<p style=\"text-align: center;\"><strong>En bici<\/strong><\/p>\n<p style=\"text-align: center;\">10 minutos desde el camping<\/p>\n<p>[\/vc_column_text][\/vc_column_inner][\/vc_row_inner][vc_empty_space][vc_column_text css=\u00bb\u00bb]<\/p>\n<p style=\"text-align: center;\"><a href=\"https:\/\/www.google.fr\/maps\/dir\/Camping+Aix-en-Provence,+41+Av.+du+Val+Saint-Andr%C3%A9,+13100+Aix-en-Provence\/Aix-en-Provence\/@43.523859,5.4524024,15z\/data=!3m1!4b1!4m14!4m13!1m5!1m1!1s0x12c98d2d2ebe32ad:0xbe132ea8120426a0!2m2!1d5.474435!2d43.5153951!1m5!1m1!1s0x12c98da304b91259:0x5cb953bec8b688a3!2m2!1d5.4509692!2d43.5323032!3e0?entry=tts&amp;g_ep=EgoyMDI1MDIxMi4wKgBIAVAD\"><span style=\"text-decoration: underline;\">Ver el itinerario<\/span><\/a><\/p>\n<p>[\/vc_column_text]<\/div>[\/vc_column][\/vc_row][vc_row][vc_column]<div class=\"wrappedcontent\">[vc_empty_space][vc_column_text css=\u00bb\u00bb]<\/p>\n<h2 style=\"text-align: center;\"><strong>\u00bfC\u00f3mo llegar a Marsella desde el camping de Aix-en-Provence?<\/strong><\/h2>\n<p>[\/vc_column_text][vc_empty_space][vc_row_inner gap=\u00bb35&#8243; css=\u00bb.vc_custom_1715765008032{margin-left: -0.5px !important;}\u00bb][vc_column_inner width=\u00bb1\/3&#8243;][vc_single_image image=\u00bb1973&#8243; img_size=\u00bb71*71&#8243; alignment=\u00bbcenter\u00bb css=\u00bb\u00bb][vc_empty_space][vc_column_text css=\u00bb\u00bb]<\/p>\n<p style=\"text-align: center;\"><strong>Coche<\/strong><\/p>\n<p style=\"text-align: center;\">40 minutos desde el camping hasta Marsella<\/p>\n<p>[\/vc_column_text][\/vc_column_inner][vc_column_inner width=\u00bb1\/3&#8243;][vc_single_image image=\u00bb1974&#8243; img_size=\u00bb71*71&#8243; alignment=\u00bbcenter\u00bb css=\u00bb\u00bb][vc_empty_space][vc_column_text css=\u00bb\u00bb]<\/p>\n<p style=\"text-align: center;\"><strong>Tren<\/strong><\/p>\n<p style=\"text-align: center;\">45 minutos en el tren regional TER desde la estaci\u00f3n del centro de Aix-en-Provence, situada a 15 minutos en coche del camping<\/p>\n<p>[\/vc_column_text][\/vc_column_inner][vc_column_inner width=\u00bb1\/3&#8243;][vc_single_image image=\u00bb1972&#8243; img_size=\u00bb71*71&#8243; alignment=\u00bbcenter\u00bb css=\u00bb\u00bb][vc_empty_space][vc_column_text css=\u00bb\u00bb]<\/p>\n<p style=\"text-align: center;\"><strong>Bus<\/strong><\/p>\n<p style=\"text-align: center;\">Parada de bus a 20 minutos a pie del camping y 45 minutos de trayecto en bus<\/p>\n<p>[\/vc_column_text][\/vc_column_inner][\/vc_row_inner][vc_empty_space][vc_column_text css=\u00bb\u00bb]<\/p>\n<p style=\"text-align: center;\"><a href=\"https:\/\/www.google.fr\/maps\/dir\/Camping+Aix-en-Provence,+41+Av.+du+Val+Saint-Andr%C3%A9,+13100+Aix-en-Provence\/Marseille\/@43.4114304,5.2478062,11z\/data=!3m1!4b1!4m14!4m13!1m5!1m1!1s0x12c98d2d2ebe32ad:0xbe132ea8120426a0!2m2!1d5.474435!2d43.5153951!1m5!1m1!1s0x12c9bf4344da5333:0x40819a5fd970220!2m2!1d5.3690743!2d43.3025742!3e0?entry=tts&amp;g_ep=EgoyMDI1MDIxMi4wKgBIAVAD\"><span style=\"text-decoration: underline;\">Ver el itinerario<\/span><\/a><\/p>\n<p>[\/vc_column_text][vc_empty_space]<\/div>[\/vc_column][\/vc_row][vc_row][vc_column]\n    <div id=\"map207600\" class=\"map\"><\/div>\n    <script type=\"text\/javascript\">\n        let iconType = L.icon({\n            iconUrl: baseDirectory + '\/img\/pin.png',\n            iconSize: [22, 48],\n            iconAnchor: [11, 46],\n            popupAnchor: [0, -46]\n        });\n        let map = L.map('map207600', {\n            center: L.latLng(43.517791748046875, 5.467939376831055),\n            zoom: 10.8,\n            layers: [L.tileLayer('https:\/\/cartodb-basemaps-b.global.ssl.fastly.net\/light_all\/{z}\/{x}\/{y}.png', {\n                attribution: '&copy; <a href=\"https:\/\/www.openstreetmap.org\/copyright\">OpenStreetMap<\/a>'\n            })],\n            zoomSnap: 0.2\n        });\n        setTimeout(map.invalidateSize.bind(map), 100);\n        let contentString = '<div id=\"content\">' +\n            '<div id=\"siteNotice\">' +\n            '<\/div>' +\n            '<h4 id=\"firstHeading\" class=\"firstHeading\">Camping d\\'Aix-en-Provence<\/h4>' +\n            '<div id=\"bodyContent\">' +\n            '<p><\/p>' +\n            '<p>41 Av. du Val Saint-Andr\u00e9, 13100 Aix-en-Provence<\/p>' +\n            '<\/div>' +\n            '<\/div>';\n        let marker = L.marker([43.517791748046875, 5.467939376831055], {icon: iconType}).addTo(map);\n        marker.bindPopup(contentString).openPopup();\n        let iwOuter = document.querySelector('.leaflet-popup-content-wrapper');\n        let iwArrow = document.querySelector('.leaflet-popup-tip');\n        iwOuter.style.backgroundColor = '#E84E1B';\n        iwArrow.style.backgroundColor = '#E84E1B';\n    <\/script>\n    [\/vc_column][\/vc_row][vc_row][vc_column][vc_empty_space]<div class=\"wrappedcontent\">[vc_row_inner][vc_column_inner width=\u00bb1\/3&#8243;][vc_icon icon_fontawesome=\u00bbfas fa-map\u00bb color=\u00bbcustom\u00bb size=\u00bblg\u00bb align=\u00bbcenter\u00bb css=\u00bb.vc_custom_1737021767526{margin-bottom: -10px !important;padding-top: 15px !important;}\u00bb custom_color=\u00bb#E84E1B\u00bb link=\u00bburl:https%3A%2F%2Fmedia.huttopia.com%2Fdestinations%2Faix-en-provence%2Fplan-camping-aix-en-provence.pdf|target:_blank\u00bb][vc_empty_space][vc_column_text css=\u00bb\u00bb]<\/p>\n<p style=\"text-align: center;\">Plano del camping<\/p>\n<p>[\/vc_column_text][\/vc_column_inner][vc_column_inner width=\u00bb1\/3&#8243;][vc_icon icon_fontawesome=\u00bbfar fa-envelope\u00bb color=\u00bbcustom\u00bb size=\u00bblg\u00bb align=\u00bbcenter\u00bb css=\u00bb.vc_custom_1734946809116{margin-bottom: -10px !important;padding-top: 15px !important;}\u00bb custom_color=\u00bb#E84E1B\u00bb link=\u00bburl:https%3A%2F%2Fwww.camping-aix-en-provence.com%2Fcontact%2F|target:_blank\u00bb][vc_empty_space][vc_column_text css=\u00bb\u00bb]<\/p>\n<p style=\"text-align: center;\">Contacto<\/p>\n<p>[\/vc_column_text][\/vc_column_inner][vc_column_inner width=\u00bb1\/3&#8243;][vc_icon icon_fontawesome=\u00bbfas fa-map-marker-alt\u00bb color=\u00bbcustom\u00bb size=\u00bblg\u00bb align=\u00bbcenter\u00bb css=\u00bb.vc_custom_1732032102741{margin-bottom: -10px !important;padding-top: 15px !important;}\u00bb custom_color=\u00bb#E84E1B\u00bb link=\u00bburl:https%3A%2F%2Fmaps.app.goo.gl%2Fz6XeL4pF9PBDk1yGA|target:_blank\u00bb][vc_empty_space][vc_column_text css=\u00bb\u00bb]<\/p>\n<p style=\"text-align: center;\">Itinerario<\/p>\n<p>[\/vc_column_text][\/vc_column_inner][\/vc_row_inner][vc_empty_space]<\/div>[\/vc_column][\/vc_row][vc_row css=\u00bb.vc_custom_1731920483729{margin-left: -0.5px !important;background-color: #E84E1B !important;}\u00bb][vc_column]<div class=\"wrappedcontent\">[vc_empty_space][vc_row_inner][vc_column_inner width=\u00bb1\/4&#8243;][vc_icon icon_fontawesome=\u00bbfar fa-star\u00bb color=\u00bbwhite\u00bb align=\u00bbcenter\u00bb css=\u00bb\u00bb][vc_column_text css=\u00bb\u00bb]<\/p>\n<p style=\"text-align: center;\"><span style=\"font-size: 13pt; color: #ffffff;\">4 estrellas<\/span><\/p>\n<p>[\/vc_column_text][\/vc_column_inner][vc_column_inner width=\u00bb1\/4&#8243;][vc_icon icon_fontawesome=\u00bbfas fa-leaf\u00bb color=\u00bbwhite\u00bb align=\u00bbcenter\u00bb css=\u00bb\u00bb][vc_column_text css=\u00bb\u00bb]<\/p>\n<p style=\"text-align: center;\"><span style=\"font-size: 13pt; color: #ffffff;\">10 ha<\/span><\/p>\n<p>[\/vc_column_text][\/vc_column_inner][vc_column_inner width=\u00bb1\/4&#8243;][vc_icon icon_fontawesome=\u00bbfas fa-home\u00bb color=\u00bbwhite\u00bb align=\u00bbcenter\u00bb css=\u00bb\u00bb][vc_column_text css=\u00bb\u00bb]<\/p>\n<p style=\"text-align: center;\"><span style=\"font-size: 13pt; color: #ffffff;\">271 parcelas<\/span><\/p>\n<p>[\/vc_column_text][\/vc_column_inner][vc_column_inner width=\u00bb1\/4&#8243;][vc_icon icon_fontawesome=\u00bbfab fa-accessible-icon\u00bb color=\u00bbwhite\u00bb align=\u00bbcenter\u00bb css=\u00bb\u00bb][vc_column_text css=\u00bb\u00bb]<\/p>\n<p style=\"text-align: center;\"><span style=\"font-size: 13pt; color: #ffffff;\">Accesibilidad para personas con movilidad reducida<\/span><\/p>\n<p>[\/vc_column_text][\/vc_column_inner][\/vc_row_inner][vc_empty_space]<\/div>[\/vc_column][\/vc_row]<\/p>\n<\/div>","protected":false},"excerpt":{"rendered":"<p>[vc_row css=\u00bb.vc_custom_1775826483883{background-color: #E84E1B33 !important;}\u00bb][vc_column][\/vc_column][\/vc_row][vc_row][vc_column][\/vc_column][\/vc_row][vc_row css=\u00bb.vc_custom_1732033007931{margin-left: -0.5px !important;}\u00bb][vc_column][\/vc_column][\/vc_row][vc_row css=\u00bb.vc_custom_1732032441154{margin-left: -0.5px !important;background-color: #E84E1B !important;}\u00bb][vc_column][vc_empty_space][\/vc_column][\/vc_row][vc_row css=\u00bb.vc_custom_1715764984968{background-color: #f4f4f4 !important;}\u00bb][vc_column][\/vc_column][\/vc_row][vc_row][vc_column][\/vc_column][\/vc_row][vc_row][vc_column][\/vc_column][\/vc_row][vc_row][vc_column][vc_empty_space][\/vc_column][\/vc_row][vc_row css=\u00bb.vc_custom_1731920483729{margin-left: -0.5px !important;background-color: #E84E1B !important;}\u00bb][vc_column][\/vc_column][\/vc_row]<\/p>\n","protected":false},"author":4,"featured_media":4573,"parent":0,"menu_order":0,"comment_status":"closed","ping_status":"closed","template":"templates\/page-home.php","meta":{"footnotes":""},"class_list":["post-1961","page","type-page","status-publish","has-post-thumbnail","hentry"],"yoast_head":"<!-- This site is optimized with the Yoast SEO plugin v25.6 - https:\/\/yoast.com\/wordpress\/plugins\/seo\/ -->\n<title>El camping de Aix-en-Provence, cerca de Marseille<\/title>\n<meta name=\"description\" content=\"Descubra el camping de Aix-en-Provence, a s\u00f3lo 10 minutos del centro de la ciudad, en un entorno relajante con vistas a la Monta\u00f1a Sainte-Victoire.\" \/>\n<meta name=\"robots\" content=\"index, follow, max-snippet:-1, max-image-preview:large, max-video-preview:-1\" \/>\n<link rel=\"canonical\" href=\"https:\/\/www.camping-aix-en-provence.com\/es\/\" \/>\n<meta property=\"og:locale\" content=\"es_ES\" \/>\n<meta property=\"og:type\" content=\"article\" \/>\n<meta property=\"og:title\" content=\"El camping de Aix-en-Provence, cerca de Marseille\" \/>\n<meta property=\"og:description\" content=\"Descubra el camping de Aix-en-Provence, a s\u00f3lo 10 minutos del centro de la ciudad, en un entorno relajante con vistas a la Monta\u00f1a Sainte-Victoire.\" \/>\n<meta property=\"og:url\" content=\"https:\/\/www.camping-aix-en-provence.com\/es\/\" \/>\n<meta property=\"og:site_name\" content=\"Aix-en-Provence\" \/>\n<meta property=\"article:modified_time\" content=\"2026-04-10T13:23:08+00:00\" \/>\n<meta property=\"og:image\" content=\"https:\/\/www.camping-aix-en-provence.com\/uploads\/sites\/55\/2025\/08\/citykamp-aix-en-provence-1.jpg\" \/>\n\t<meta property=\"og:image:width\" content=\"600\" \/>\n\t<meta property=\"og:image:height\" content=\"500\" \/>\n\t<meta property=\"og:image:type\" content=\"image\/jpeg\" \/>\n<meta name=\"twitter:card\" content=\"summary_large_image\" \/>\n<meta name=\"twitter:label1\" content=\"Est. reading time\" \/>\n\t<meta name=\"twitter:data1\" content=\"7 minutos\" \/>\n<script type=\"application\/ld+json\" class=\"yoast-schema-graph\">{\"@context\":\"https:\/\/schema.org\",\"@graph\":[{\"@type\":\"WebPage\",\"@id\":\"https:\/\/www.camping-aix-en-provence.com\/es\/\",\"url\":\"https:\/\/www.camping-aix-en-provence.com\/es\/\",\"name\":\"El camping de Aix-en-Provence, cerca de Marseille\",\"isPartOf\":{\"@id\":\"https:\/\/www.camping-aix-en-provence.com\/es\/#website\"},\"primaryImageOfPage\":{\"@id\":\"https:\/\/www.camping-aix-en-provence.com\/es\/#primaryimage\"},\"image\":{\"@id\":\"https:\/\/www.camping-aix-en-provence.com\/es\/#primaryimage\"},\"thumbnailUrl\":\"https:\/\/www.camping-aix-en-provence.com\/uploads\/sites\/55\/2025\/08\/citykamp-aix-en-provence-1.jpg\",\"datePublished\":\"2024-04-26T13:21:07+00:00\",\"dateModified\":\"2026-04-10T13:23:08+00:00\",\"description\":\"Descubra el camping de Aix-en-Provence, a s\u00f3lo 10 minutos del centro de la ciudad, en un entorno relajante con vistas a la Monta\u00f1a Sainte-Victoire.\",\"breadcrumb\":{\"@id\":\"https:\/\/www.camping-aix-en-provence.com\/es\/#breadcrumb\"},\"inLanguage\":\"es\",\"potentialAction\":[{\"@type\":\"ReadAction\",\"target\":[\"https:\/\/www.camping-aix-en-provence.com\/es\/\"]}]},{\"@type\":\"ImageObject\",\"inLanguage\":\"es\",\"@id\":\"https:\/\/www.camping-aix-en-provence.com\/es\/#primaryimage\",\"url\":\"https:\/\/www.camping-aix-en-provence.com\/uploads\/sites\/55\/2025\/08\/citykamp-aix-en-provence-1.jpg\",\"contentUrl\":\"https:\/\/www.camping-aix-en-provence.com\/uploads\/sites\/55\/2025\/08\/citykamp-aix-en-provence-1.jpg\",\"width\":600,\"height\":500},{\"@type\":\"BreadcrumbList\",\"@id\":\"https:\/\/www.camping-aix-en-provence.com\/es\/#breadcrumb\",\"itemListElement\":[{\"@type\":\"ListItem\",\"position\":1,\"name\":\"Home\",\"item\":\"https:\/\/www.camping-aix-en-provence.com\/es\/\"},{\"@type\":\"ListItem\",\"position\":2,\"name\":\"INICIO\"}]},{\"@type\":\"WebSite\",\"@id\":\"https:\/\/www.camping-aix-en-provence.com\/es\/#website\",\"url\":\"https:\/\/www.camping-aix-en-provence.com\/es\/\",\"name\":\"Aix-en-Provence\",\"description\":\"\",\"potentialAction\":[{\"@type\":\"SearchAction\",\"target\":{\"@type\":\"EntryPoint\",\"urlTemplate\":\"https:\/\/www.camping-aix-en-provence.com\/es\/?s={search_term_string}\"},\"query-input\":{\"@type\":\"PropertyValueSpecification\",\"valueRequired\":true,\"valueName\":\"search_term_string\"}}],\"inLanguage\":\"es\"}]}<\/script>\n<!-- \/ Yoast SEO plugin. -->","yoast_head_json":{"title":"El camping de Aix-en-Provence, cerca de Marseille","description":"Descubra el camping de Aix-en-Provence, a s\u00f3lo 10 minutos del centro de la ciudad, en un entorno relajante con vistas a la Monta\u00f1a Sainte-Victoire.","robots":{"index":"index","follow":"follow","max-snippet":"max-snippet:-1","max-image-preview":"max-image-preview:large","max-video-preview":"max-video-preview:-1"},"canonical":"https:\/\/www.camping-aix-en-provence.com\/es\/","og_locale":"es_ES","og_type":"article","og_title":"El camping de Aix-en-Provence, cerca de Marseille","og_description":"Descubra el camping de Aix-en-Provence, a s\u00f3lo 10 minutos del centro de la ciudad, en un entorno relajante con vistas a la Monta\u00f1a Sainte-Victoire.","og_url":"https:\/\/www.camping-aix-en-provence.com\/es\/","og_site_name":"Aix-en-Provence","article_modified_time":"2026-04-10T13:23:08+00:00","og_image":[{"width":600,"height":500,"url":"https:\/\/www.camping-aix-en-provence.com\/uploads\/sites\/55\/2025\/08\/citykamp-aix-en-provence-1.jpg","type":"image\/jpeg"}],"twitter_card":"summary_large_image","twitter_misc":{"Est. reading time":"7 minutos"},"schema":{"@context":"https:\/\/schema.org","@graph":[{"@type":"WebPage","@id":"https:\/\/www.camping-aix-en-provence.com\/es\/","url":"https:\/\/www.camping-aix-en-provence.com\/es\/","name":"El camping de Aix-en-Provence, cerca de Marseille","isPartOf":{"@id":"https:\/\/www.camping-aix-en-provence.com\/es\/#website"},"primaryImageOfPage":{"@id":"https:\/\/www.camping-aix-en-provence.com\/es\/#primaryimage"},"image":{"@id":"https:\/\/www.camping-aix-en-provence.com\/es\/#primaryimage"},"thumbnailUrl":"https:\/\/www.camping-aix-en-provence.com\/uploads\/sites\/55\/2025\/08\/citykamp-aix-en-provence-1.jpg","datePublished":"2024-04-26T13:21:07+00:00","dateModified":"2026-04-10T13:23:08+00:00","description":"Descubra el camping de Aix-en-Provence, a s\u00f3lo 10 minutos del centro de la ciudad, en un entorno relajante con vistas a la Monta\u00f1a Sainte-Victoire.","breadcrumb":{"@id":"https:\/\/www.camping-aix-en-provence.com\/es\/#breadcrumb"},"inLanguage":"es","potentialAction":[{"@type":"ReadAction","target":["https:\/\/www.camping-aix-en-provence.com\/es\/"]}]},{"@type":"ImageObject","inLanguage":"es","@id":"https:\/\/www.camping-aix-en-provence.com\/es\/#primaryimage","url":"https:\/\/www.camping-aix-en-provence.com\/uploads\/sites\/55\/2025\/08\/citykamp-aix-en-provence-1.jpg","contentUrl":"https:\/\/www.camping-aix-en-provence.com\/uploads\/sites\/55\/2025\/08\/citykamp-aix-en-provence-1.jpg","width":600,"height":500},{"@type":"BreadcrumbList","@id":"https:\/\/www.camping-aix-en-provence.com\/es\/#breadcrumb","itemListElement":[{"@type":"ListItem","position":1,"name":"Home","item":"https:\/\/www.camping-aix-en-provence.com\/es\/"},{"@type":"ListItem","position":2,"name":"INICIO"}]},{"@type":"WebSite","@id":"https:\/\/www.camping-aix-en-provence.com\/es\/#website","url":"https:\/\/www.camping-aix-en-provence.com\/es\/","name":"Aix-en-Provence","description":"","potentialAction":[{"@type":"SearchAction","target":{"@type":"EntryPoint","urlTemplate":"https:\/\/www.camping-aix-en-provence.com\/es\/?s={search_term_string}"},"query-input":{"@type":"PropertyValueSpecification","valueRequired":true,"valueName":"search_term_string"}}],"inLanguage":"es"}]}},"_links":{"self":[{"href":"https:\/\/www.camping-aix-en-provence.com\/es\/wp-json\/wp\/v2\/pages\/1961","targetHints":{"allow":["GET"]}}],"collection":[{"href":"https:\/\/www.camping-aix-en-provence.com\/es\/wp-json\/wp\/v2\/pages"}],"about":[{"href":"https:\/\/www.camping-aix-en-provence.com\/es\/wp-json\/wp\/v2\/types\/page"}],"author":[{"embeddable":true,"href":"https:\/\/www.camping-aix-en-provence.com\/es\/wp-json\/wp\/v2\/users\/4"}],"replies":[{"embeddable":true,"href":"https:\/\/www.camping-aix-en-provence.com\/es\/wp-json\/wp\/v2\/comments?post=1961"}],"version-history":[{"count":8,"href":"https:\/\/www.camping-aix-en-provence.com\/es\/wp-json\/wp\/v2\/pages\/1961\/revisions"}],"predecessor-version":[{"id":5539,"href":"https:\/\/www.camping-aix-en-provence.com\/es\/wp-json\/wp\/v2\/pages\/1961\/revisions\/5539"}],"wp:featuredmedia":[{"embeddable":true,"href":"https:\/\/www.camping-aix-en-provence.com\/es\/wp-json\/wp\/v2\/media\/4573"}],"wp:attachment":[{"href":"https:\/\/www.camping-aix-en-provence.com\/es\/wp-json\/wp\/v2\/media?parent=1961"}],"curies":[{"name":"wp","href":"https:\/\/api.w.org\/{rel}","templated":true}]}}