{"id":2239,"date":"2024-05-29T09:56:06","date_gmt":"2024-05-29T07:56:06","guid":{"rendered":"https:\/\/www.citykamp.com\/aix-en-provence\/infos-pratiques\/"},"modified":"2026-04-01T09:55:03","modified_gmt":"2026-04-01T07:55:03","slug":"mi-estancia","status":"publish","type":"page","link":"https:\/\/www.camping-aix-en-provence.com\/es\/mi-estancia\/","title":{"rendered":"Mi estancia"},"content":{"rendered":"<div class=\"wpb-content-wrapper\"><p>[vc_row css=\u00bb.vc_custom_1732016153854{margin-left: -0.5px !important;background-color: #E84E1B33 !important;}\u00bb][vc_column]<div class=\"wrappedcontent\">[vc_empty_space height=\u00bb40px\u00bb][vc_column_text css=\u00bb\u00bb]<\/p>\n<h2 style=\"text-align: center;\"><span style=\"font-size: 24pt;\"><strong>TODAS LAS INFORMACIONES PR\u00c1CTICAS PREVIAS A SU ESTANCIA<\/strong><\/span><\/h2>\n<p>[\/vc_column_text][vc_empty_space]<\/div>[\/vc_column][\/vc_row][vc_row css=\u00bb.vc_custom_1732015838851{margin-left: -0.5px !important;}\u00bb][vc_column]<div class=\"wrappedcontent\">[vc_row_inner gap=\u00bb35&#8243; css=\u00bb.vc_custom_1716969395572{margin-left: -0.5px !important;}\u00bb][vc_column_inner width=\u00bb1\/2&#8243;][vc_single_image image=\u00bb1671&#8243; img_size=\u00bb71*71&#8243; alignment=\u00bbcenter\u00bb css=\u00bb\u00bb][vc_empty_space][vc_column_text css=\u00bb\u00bb]<\/p>\n<h2 style=\"text-align: center;\"><strong>Mi estancia en parcela<\/strong><\/h2>\n<p>[\/vc_column_text][vc_empty_space height=\u00bb35px\u00bb][vc_column_text css=\u00bb\u00bb]<span style=\"font-size: 14pt;\"><strong>Lo que est\u00e1 incluido en mi forfait Camping:<\/strong><\/span><\/p>\n<ul>\n<li>2 personas 1 equipo (tienda o caravana) 1 veh\u00edculo (1 coche o moto) O 1 autocaravana\/furgoneta<\/li>\n<li>Un \u00e1rea de servicio para autocaravanas<\/li>\n<li>Conexi\u00f3n el\u00e9ctrica (prever un adaptador) excepto para las parcelas naturaleza<\/li>\n<li>Wi-Fi<\/li>\n<\/ul>\n<p><span style=\"font-size: 12pt;\"><b>\u00a0 \u00a0 \u00a0Servicios adicionales:\u00a0<\/b><\/span><\/p>\n<ul>\n<li>Hasta 6 personas (adultos, ni\u00f1os y beb\u00e9s) por parcela<\/li>\n<li>Solo 1 tienda peque\u00f1a adicional (2\u00a0m x 2\u00a0m)<\/li>\n<\/ul>\n<p><span style=\"font-size: 14pt;\"><strong>Modalidades de pago, tarifa est\u00e1ndar<\/strong><\/span><\/p>\n<ul>\n<li><span style=\"font-size: 12pt;\">Para 3 noches y m\u00e1s: anticipo del 40 % al reservar, el resto se abonar\u00e1 un mes antes de la llegada. <\/span><\/li>\n<li><span style=\"font-size: 12pt;\">Para 1 o 2 noches: 100 % del importe de la estancia al reservar.<\/span><\/li>\n<\/ul>\n<p><span style=\"font-size: 12pt;\"><strong>Modificaci\u00f3n: <\/strong>hasta D-30<strong><br \/>\nCancelaci\u00f3n: <\/strong>hasta D-30 con gastos: anticipo del 40\u00a0% del importe de la estancia + gastos del seguro + gastos de reserva. A partir de D-30, estancia no reembolsable.<\/span><\/p>\n<p><span style=\"font-size: 14pt;\"><strong>Horarios de llegada y salida <\/strong><\/span><br \/>\n<span style=\"font-size: 12pt;\">Hora de llegada: 14h\/Hora de salida: 12h<\/span>[\/vc_column_text][\/vc_column_inner][vc_column_inner width=\u00bb1\/2&#8243;][vc_single_image image=\u00bb1665&#8243; img_size=\u00bb71*71&#8243; alignment=\u00bbcenter\u00bb css=\u00bb\u00bb][vc_empty_space][vc_column_text css=\u00bb\u00bb]<\/p>\n<h2 style=\"text-align: center;\"><strong>Mi estancia en alojamiento<\/strong><\/h2>\n<p>[\/vc_column_text][vc_empty_space height=\u00bb35px\u00bb][vc_column_text css=\u00bb\u00bb]<span style=\"font-size: 14pt;\"><strong>Lo que est\u00e1 incluido en mi alojamiento :\u00a0<\/strong><\/span><\/p>\n<ul>\n<li>Kit de limpieza (estropajo, jab\u00f3n lavavajillas, producto multiuso)<\/li>\n<li>Mantas y almohadas<\/li>\n<li>Electricidad<\/li>\n<li>Una plaza de aparcamiento para un veh\u00edculo<\/li>\n<li>S\u00e1banas y toallas<\/li>\n<li>Climatizaci\u00f3n (excepto en la Tienda Sweet, que dispone de un ventilador)<\/li>\n<li>Wi-Fi<\/li>\n<\/ul>\n<p><span style=\"font-size: 12pt;\"><b>\u00a0 \u00a0 \u00a0 Servicios adicionales:\u00a0<\/b><\/span><\/p>\n<ul>\n<li>Paquete de limpieza de final de estancia<\/li>\n<li>Camas hechas a la llegada<\/li>\n<\/ul>\n<p><span style=\"font-size: 12pt;\"><span style=\"font-size: 14pt;\"><strong>Modalidades de pago <\/strong><\/span><\/span><\/p>\n<p><span style=\"font-size: 12pt;\">Anticipo del 40 % al reservar, el resto se abonar\u00e1 un mes antes de la llegada.<\/span><\/p>\n<p><strong>Modificaci\u00f3n:<\/strong> hasta D-30<br \/>\n<strong>Cancelaci\u00f3n:<\/strong> hasta D-30 con gastos: anticipo del 40\u00a0% del importe de la estancia + gastos del seguro + gastos de reserva. A partir de D-30, estancia no reembolsable.<\/p>\n<p><span style=\"font-size: 14pt;\"><strong>Horarios de llegada y salida <\/strong><\/span><br \/>\n<span style=\"font-size: 12pt;\">Hora de llegada: 15 h \/ Hora de salida: 10 h<\/span><\/p>\n<p><span style=\"font-size: 12pt;\">Para garantizar la tranquilidad de los clientes, solo se permite un veh\u00edculo por alojamiento dentro del camping (en el aparcamiento o en la parcela). El resto de veh\u00edculos deber\u00e1n estacionarse fuera.<\/span>[\/vc_column_text][\/vc_column_inner][\/vc_row_inner]<\/div>[\/vc_column][\/vc_row][vc_row css=\u00bb.vc_custom_1732015822715{margin-left: -0.5px !important;}\u00bb][vc_column]<div class=\"wrappedcontent\">[vc_column_text css=\u00bb\u00bb]<\/p>\n<h3 style=\"text-align: center;\">SERVICIOS ADICIONALES<\/h3>\n<p>[\/vc_column_text][vc_empty_space height=\u00bb52px\u00bb][vc_row_inner css=\u00bb.vc_custom_1732015829707{margin-left: -0.5px !important;}\u00bb][vc_column_inner width=\u00bb1\/5&#8243;][vc_single_image image=\u00bb2251&#8243; img_size=\u00bb71*71&#8243; alignment=\u00bbcenter\u00bb css=\u00bb\u00bb][vc_empty_space][vc_column_text css=\u00bb\u00bb]<\/p>\n<p style=\"text-align: center;\"><strong>Kit para beb\u00e9<br \/>\n(cuna de viaje + trona)<\/strong><\/p>\n<p>[\/vc_column_text][\/vc_column_inner][vc_column_inner width=\u00bb1\/5&#8243;][vc_single_image image=\u00bb2250&#8243; img_size=\u00bb71*71&#8243; alignment=\u00bbcenter\u00bb css=\u00bb\u00bb][vc_empty_space][vc_column_text css=\u00bb\u00bb]<\/p>\n<p style=\"text-align: center;\"><strong>Lavander\u00eda<\/strong><strong><br \/>\n<\/strong><\/p>\n<p>[\/vc_column_text][\/vc_column_inner][vc_column_inner width=\u00bb1\/5&#8243;][vc_single_image image=\u00bb2249&#8243; img_size=\u00bb71*71&#8243; alignment=\u00bbcenter\u00bb css=\u00bb\u00bb][vc_empty_space][vc_column_text css=\u00bb\u00bb]<\/p>\n<p style=\"text-align: center;\"><strong>Alquiler de neveras<\/strong><\/p>\n<p>[\/vc_column_text][\/vc_column_inner][vc_column_inner width=\u00bb1\/5&#8243;][vc_single_image image=\u00bb1854&#8243; img_size=\u00bb71*71&#8243; alignment=\u00bbcenter\u00bb css=\u00bb\u00bb][vc_empty_space][vc_column_text css=\u00bb\u00bb]<\/p>\n<p style=\"text-align: center;\"><strong>1 mascota permitida<br \/>\n(debe llevarse con correa y estar vacunada)<\/strong><\/p>\n<p>[\/vc_column_text][\/vc_column_inner][vc_column_inner width=\u00bb1\/5&#8243;][vc_single_image image=\u00bb1679&#8243; img_size=\u00bb71*71&#8243; alignment=\u00bbcenter\u00bb css=\u00bb\u00bb][vc_empty_space][vc_column_text css=\u00bb\u00bb]<\/p>\n<p style=\"text-align: center;\"><strong>Gastos de preferencia<\/strong><\/p>\n<p>[\/vc_column_text][\/vc_column_inner][\/vc_row_inner]<div class=\"text-center btnwrap\"><a class=\"btn btn-huttopia-cta\" href=\"https:\/\/checkout.citykamp.com\/965\/es\/\" role=\"button\" target=\"true\" onclick=\"dataLayer.push({'event':'clickCity', 'clickText':'Reservar tu estancia'})\">Reservar tu estancia<\/a><\/div><\/div>[\/vc_column][\/vc_row][vc_row css=\u00bb.vc_custom_1731920841440{margin-left: -0.5px !important;background-color: #f4f4f4 !important;}\u00bb][vc_column]<div class=\"wrappedcontent\">[vc_column_text css=\u00bb\u00bb]<\/p>\n<h2 style=\"text-align: center;\">\u00bfC\u00d3MO LLEGAR AL CAMPING AIX-EN-PROVENCE?<\/h2>\n<p>[\/vc_column_text][vc_empty_space height=\u00bb42px\u00bb][vc_row_inner][vc_column_inner width=\u00bb1\/4&#8243;][vc_single_image image=\u00bb1974&#8243; img_size=\u00bb71*71&#8243; alignment=\u00bbcenter\u00bb css=\u00bb\u00bb][vc_empty_space][vc_column_text css=\u00bb\u00bb]<\/p>\n<p style=\"text-align: center;\"><strong>En tren:<\/strong>\u00a0Estaci\u00f3n de trenes SNCF de Aix-en-Provence.<\/p>\n<p>[\/vc_column_text][\/vc_column_inner][vc_column_inner width=\u00bb1\/4&#8243;][vc_single_image image=\u00bb1975&#8243; img_size=\u00bb71*71&#8243; alignment=\u00bbcenter\u00bb css=\u00bb\u00bb][vc_empty_space][vc_column_text css=\u00bb\u00bb]<\/p>\n<p style=\"text-align: center;\"><strong>En avi\u00f3n:<\/strong>\u00a0Aeropuerto Marseille Provence.<\/p>\n<p>[\/vc_column_text][\/vc_column_inner][vc_column_inner width=\u00bb1\/4&#8243;][vc_single_image image=\u00bb1973&#8243; img_size=\u00bb71*71&#8243; alignment=\u00bbcenter\u00bb css=\u00bb\u00bb][vc_empty_space][vc_column_text css=\u00bb\u00bb]<\/p>\n<p style=\"text-align: center;\"><strong>En coche:<\/strong>\u00a0Accesible desde la autopista A8 salida 31 hacia Aix \u2013 Val-Saint-Andr\u00e9.<\/p>\n<p>[\/vc_column_text][\/vc_column_inner][vc_column_inner width=\u00bb1\/4&#8243;][vc_single_image image=\u00bb1972&#8243; img_size=\u00bb71*71&#8243; alignment=\u00bbcenter\u00bb css=\u00bb\u00bb][vc_empty_space][vc_column_text css=\u00bb\u00bb]<\/p>\n<p style=\"text-align: center;\"><strong>En transporte p\u00fablico desde la estaci\u00f3n de trenes de Aix-en-Provence:<\/strong><br \/>\ntomar el bus n.\u00ba 3 o 4 en la parada Malherbe y bajar en la parada Val-Saint-Andr\u00e9 (15 min de trayecto solamente).<\/p>\n<p>[\/vc_column_text][\/vc_column_inner][\/vc_row_inner]<\/div>[\/vc_column][\/vc_row][vc_row css=\u00bb.vc_custom_1732015814139{margin-left: -0.5px !important;background-color: #E84E1B33 !important;}\u00bb][vc_column]<div class=\"wrappedcontent\">[vc_empty_space height=\u00bb50px\u00bb][vc_row_inner css=\u00bb.vc_custom_1732015817899{margin-left: -0.5px !important;}\u00bb][vc_column_inner width=\u00bb1\/3&#8243;][vc_single_image image=\u00bb2409&#8243; img_size=\u00bb71*71&#8243; alignment=\u00bbcenter\u00bb css=\u00bb\u00bb][vc_empty_space][vc_column_text css=\u00bb\u00bb]<\/p>\n<p style=\"text-align: center;\"><strong>SEGURO DE CANCELACI\u00d3N<\/strong><\/p>\n<p style=\"text-align: center;\">Seguro de cancelaci\u00f3n e interrupci\u00f3n de la estancia<br \/>\n4,5% del importe total de su estancia (excepto gastos administrativos y tasa de estancia).<\/p>\n<p>[\/vc_column_text][\/vc_column_inner][vc_column_inner width=\u00bb1\/3&#8243;][vc_single_image image=\u00bb1679&#8243; img_size=\u00bb71*71&#8243; alignment=\u00bbcenter\u00bb css=\u00bb\u00bb][vc_empty_space][vc_column_text css=\u00bb\u00bb]<\/p>\n<p style=\"text-align: center;\"><strong>TARIFAS DE RESERVA<\/strong><\/p>\n<p style=\"text-align: center;\"><strong>Parcelas<\/strong>: gratis del 01\/01 al 30\/04 y del 01\/10 al 31\/12, 23 euros fuera de estos periodos.<br \/>\n<strong>En locativo<\/strong>: 23\u20ac todo el a\u00f1o.<\/p>\n<p>[\/vc_column_text][\/vc_column_inner][vc_column_inner width=\u00bb1\/3&#8243;][vc_single_image image=\u00bb1659&#8243; img_size=\u00bb71*71&#8243; alignment=\u00bbcenter\u00bb css=\u00bb\u00bb][vc_empty_space][vc_column_text css=\u00bb\u00bb]<\/p>\n<p style=\"text-align: center;\"><strong>TARIFAS ADICIONALES<br \/>\n<\/strong><span style=\"text-decoration: underline;\"><a href=\"https:\/\/media.huttopia.com\/tarifs-annexes-citykamp-en.pdf\" target=\"_blank\" rel=\"noopener noreferrer\"><u>Consultar las tarifas adicionales<\/u><\/a><\/span><\/p>\n<p>[\/vc_column_text][\/vc_column_inner][\/vc_row_inner][vc_empty_space height=\u00bb50px\u00bb]<\/div>[\/vc_column][\/vc_row]<\/p>\n<\/div>","protected":false},"excerpt":{"rendered":"<p>[vc_row css=\u00bb.vc_custom_1732016153854{margin-left: -0.5px !important;background-color: #E84E1B33 !important;}\u00bb][vc_column][\/vc_column][\/vc_row][vc_row css=\u00bb.vc_custom_1732015838851{margin-left: -0.5px !important;}\u00bb][vc_column][\/vc_column][\/vc_row][vc_row css=\u00bb.vc_custom_1732015822715{margin-left: -0.5px !important;}\u00bb][vc_column][\/vc_column][\/vc_row][vc_row css=\u00bb.vc_custom_1731920841440{margin-left: -0.5px !important;background-color: #f4f4f4 !important;}\u00bb][vc_column][\/vc_column][\/vc_row][vc_row css=\u00bb.vc_custom_1732015814139{margin-left: -0.5px !important;background-color: #E84E1B33 !important;}\u00bb][vc_column][\/vc_column][\/vc_row]<\/p>\n","protected":false},"author":4,"featured_media":0,"parent":0,"menu_order":0,"comment_status":"closed","ping_status":"closed","template":"","meta":{"footnotes":""},"class_list":["post-2239","page","type-page","status-publish","hentry"],"yoast_head":"<!-- This site is optimized with the Yoast SEO plugin v25.6 - https:\/\/yoast.com\/wordpress\/plugins\/seo\/ -->\n<title>Mi estancia - Camping Aix-en-Provence<\/title>\n<meta name=\"description\" content=\"Encuentre toda la informaci\u00f3n necesaria sobre precios, formas de pago y detalles pr\u00e1cticos para su estancia en el Camping Aix-en-Provence.\" \/>\n<meta name=\"robots\" content=\"index, follow, max-snippet:-1, max-image-preview:large, max-video-preview:-1\" \/>\n<link rel=\"canonical\" href=\"https:\/\/www.camping-aix-en-provence.com\/es\/mi-estancia\/\" \/>\n<meta property=\"og:locale\" content=\"es_ES\" \/>\n<meta property=\"og:type\" content=\"article\" \/>\n<meta property=\"og:title\" content=\"Mi estancia - Camping Aix-en-Provence\" \/>\n<meta property=\"og:description\" content=\"Encuentre toda la informaci\u00f3n necesaria sobre precios, formas de pago y detalles pr\u00e1cticos para su estancia en el Camping Aix-en-Provence.\" \/>\n<meta property=\"og:url\" content=\"https:\/\/www.camping-aix-en-provence.com\/es\/mi-estancia\/\" \/>\n<meta property=\"og:site_name\" content=\"Aix-en-Provence\" \/>\n<meta property=\"article:modified_time\" content=\"2026-04-01T07:55:03+00:00\" \/>\n<meta name=\"twitter:card\" content=\"summary_large_image\" \/>\n<meta name=\"twitter:label1\" content=\"Est. reading time\" \/>\n\t<meta name=\"twitter:data1\" content=\"6 minutos\" \/>\n<script type=\"application\/ld+json\" class=\"yoast-schema-graph\">{\"@context\":\"https:\/\/schema.org\",\"@graph\":[{\"@type\":\"WebPage\",\"@id\":\"https:\/\/www.camping-aix-en-provence.com\/es\/mi-estancia\/\",\"url\":\"https:\/\/www.camping-aix-en-provence.com\/es\/mi-estancia\/\",\"name\":\"Mi estancia - Camping Aix-en-Provence\",\"isPartOf\":{\"@id\":\"https:\/\/www.camping-aix-en-provence.com\/es\/#website\"},\"datePublished\":\"2024-05-29T07:56:06+00:00\",\"dateModified\":\"2026-04-01T07:55:03+00:00\",\"description\":\"Encuentre toda la informaci\u00f3n necesaria sobre precios, formas de pago y detalles pr\u00e1cticos para su estancia en el Camping Aix-en-Provence.\",\"breadcrumb\":{\"@id\":\"https:\/\/www.camping-aix-en-provence.com\/es\/mi-estancia\/#breadcrumb\"},\"inLanguage\":\"es\",\"potentialAction\":[{\"@type\":\"ReadAction\",\"target\":[\"https:\/\/www.camping-aix-en-provence.com\/es\/mi-estancia\/\"]}]},{\"@type\":\"BreadcrumbList\",\"@id\":\"https:\/\/www.camping-aix-en-provence.com\/es\/mi-estancia\/#breadcrumb\",\"itemListElement\":[{\"@type\":\"ListItem\",\"position\":1,\"name\":\"Home\",\"item\":\"https:\/\/www.camping-aix-en-provence.com\/es\/\"},{\"@type\":\"ListItem\",\"position\":2,\"name\":\"Mi estancia\"}]},{\"@type\":\"WebSite\",\"@id\":\"https:\/\/www.camping-aix-en-provence.com\/es\/#website\",\"url\":\"https:\/\/www.camping-aix-en-provence.com\/es\/\",\"name\":\"Aix-en-Provence\",\"description\":\"\",\"potentialAction\":[{\"@type\":\"SearchAction\",\"target\":{\"@type\":\"EntryPoint\",\"urlTemplate\":\"https:\/\/www.camping-aix-en-provence.com\/es\/?s={search_term_string}\"},\"query-input\":{\"@type\":\"PropertyValueSpecification\",\"valueRequired\":true,\"valueName\":\"search_term_string\"}}],\"inLanguage\":\"es\"}]}<\/script>\n<!-- \/ Yoast SEO plugin. -->","yoast_head_json":{"title":"Mi estancia - Camping Aix-en-Provence","description":"Encuentre toda la informaci\u00f3n necesaria sobre precios, formas de pago y detalles pr\u00e1cticos para su estancia en el Camping Aix-en-Provence.","robots":{"index":"index","follow":"follow","max-snippet":"max-snippet:-1","max-image-preview":"max-image-preview:large","max-video-preview":"max-video-preview:-1"},"canonical":"https:\/\/www.camping-aix-en-provence.com\/es\/mi-estancia\/","og_locale":"es_ES","og_type":"article","og_title":"Mi estancia - Camping Aix-en-Provence","og_description":"Encuentre toda la informaci\u00f3n necesaria sobre precios, formas de pago y detalles pr\u00e1cticos para su estancia en el Camping Aix-en-Provence.","og_url":"https:\/\/www.camping-aix-en-provence.com\/es\/mi-estancia\/","og_site_name":"Aix-en-Provence","article_modified_time":"2026-04-01T07:55:03+00:00","twitter_card":"summary_large_image","twitter_misc":{"Est. reading time":"6 minutos"},"schema":{"@context":"https:\/\/schema.org","@graph":[{"@type":"WebPage","@id":"https:\/\/www.camping-aix-en-provence.com\/es\/mi-estancia\/","url":"https:\/\/www.camping-aix-en-provence.com\/es\/mi-estancia\/","name":"Mi estancia - Camping Aix-en-Provence","isPartOf":{"@id":"https:\/\/www.camping-aix-en-provence.com\/es\/#website"},"datePublished":"2024-05-29T07:56:06+00:00","dateModified":"2026-04-01T07:55:03+00:00","description":"Encuentre toda la informaci\u00f3n necesaria sobre precios, formas de pago y detalles pr\u00e1cticos para su estancia en el Camping Aix-en-Provence.","breadcrumb":{"@id":"https:\/\/www.camping-aix-en-provence.com\/es\/mi-estancia\/#breadcrumb"},"inLanguage":"es","potentialAction":[{"@type":"ReadAction","target":["https:\/\/www.camping-aix-en-provence.com\/es\/mi-estancia\/"]}]},{"@type":"BreadcrumbList","@id":"https:\/\/www.camping-aix-en-provence.com\/es\/mi-estancia\/#breadcrumb","itemListElement":[{"@type":"ListItem","position":1,"name":"Home","item":"https:\/\/www.camping-aix-en-provence.com\/es\/"},{"@type":"ListItem","position":2,"name":"Mi estancia"}]},{"@type":"WebSite","@id":"https:\/\/www.camping-aix-en-provence.com\/es\/#website","url":"https:\/\/www.camping-aix-en-provence.com\/es\/","name":"Aix-en-Provence","description":"","potentialAction":[{"@type":"SearchAction","target":{"@type":"EntryPoint","urlTemplate":"https:\/\/www.camping-aix-en-provence.com\/es\/?s={search_term_string}"},"query-input":{"@type":"PropertyValueSpecification","valueRequired":true,"valueName":"search_term_string"}}],"inLanguage":"es"}]}},"_links":{"self":[{"href":"https:\/\/www.camping-aix-en-provence.com\/es\/wp-json\/wp\/v2\/pages\/2239","targetHints":{"allow":["GET"]}}],"collection":[{"href":"https:\/\/www.camping-aix-en-provence.com\/es\/wp-json\/wp\/v2\/pages"}],"about":[{"href":"https:\/\/www.camping-aix-en-provence.com\/es\/wp-json\/wp\/v2\/types\/page"}],"author":[{"embeddable":true,"href":"https:\/\/www.camping-aix-en-provence.com\/es\/wp-json\/wp\/v2\/users\/4"}],"replies":[{"embeddable":true,"href":"https:\/\/www.camping-aix-en-provence.com\/es\/wp-json\/wp\/v2\/comments?post=2239"}],"version-history":[{"count":4,"href":"https:\/\/www.camping-aix-en-provence.com\/es\/wp-json\/wp\/v2\/pages\/2239\/revisions"}],"predecessor-version":[{"id":5532,"href":"https:\/\/www.camping-aix-en-provence.com\/es\/wp-json\/wp\/v2\/pages\/2239\/revisions\/5532"}],"wp:attachment":[{"href":"https:\/\/www.camping-aix-en-provence.com\/es\/wp-json\/wp\/v2\/media?parent=2239"}],"curies":[{"name":"wp","href":"https:\/\/api.w.org\/{rel}","templated":true}]}}