{"id":2364,"date":"2024-05-14T15:59:50","date_gmt":"2024-05-14T13:59:50","guid":{"rendered":"https:\/\/www.citykamp.com\/aix-en-provence\/activites-services\/"},"modified":"2026-04-15T08:21:29","modified_gmt":"2026-04-15T06:21:29","slug":"actividades-servicios","status":"publish","type":"page","link":"https:\/\/www.camping-aix-en-provence.com\/es\/actividades-servicios\/","title":{"rendered":"ACTIVIDADES Y SERVICIOS"},"content":{"rendered":"<div class=\"wpb-content-wrapper\"><p>[vc_row css=\u00bb.vc_custom_1732025594548{margin-left: -0.5px !important;background-color: #FFFFFF !important;border-color: #EEEEEE !important;}\u00bb][vc_column]<img decoding=\"async\" class=\"header-img\" src=\"https:\/\/www.camping-aix-en-provence.com\/uploads\/sites\/55\/2025\/08\/citykamp-aix-en-provence-activites-services-header.jpg\">[vc_empty_space]<div class=\"wrappedcontent\">[vc_column_text css=\u00bb\u00bb]<\/p>\n<h1 style=\"text-align: center;\"><span style=\"font-size: 24pt;\"><strong>Actividades y servicios<\/strong><\/span><\/h1>\n<p style=\"text-align: center;\"><span style=\"font-size: 14pt;\">Diversi\u00f3n garantizada en el camping de Aix-en-Provence, \u00a1con actividades y servicios para toda la familia!<\/span><\/p>\n<p>[\/vc_column_text][vc_empty_space][vc_empty_space][vc_row_inner equal_height=\u00bbyes\u00bb gap=\u00bb35&#8243; css=\u00bb.vc_custom_1739893130798{margin-left: -0.5px !important;}\u00bb][vc_column_inner width=\u00bb1\/2&#8243;][vc_images_carousel images=\u00bb4758,4764,4770,4776&#8243; img_size=\u00bb600&#215;400&#8243; onclick=\u00bblink_no\u00bb speed=\u00bb4000&#8243; autoplay=\u00bbyes\u00bb css=\u00bb\u00bb][\/vc_column_inner][vc_column_inner width=\u00bb1\/2&#8243;][vc_column_text css=\u00bb\u00bb]<\/p>\n<h2 style=\"text-align: center;\">CHAPUZONES EN LA PISCINA<\/h2>\n<p>La piscina climatizada, que domina el camping, es perfecta para relajarse contemplando la naturaleza de la Provenza.<\/p>\n<p>Ac\u00e9rcate a la piscina a dar unas brazadas y refrescarte en los d\u00edas soleados del sur franc\u00e9s y disfruta descansando en el borde mientras los ni\u00f1os se divierten en la piscina infantil.<\/p>\n<p>Y, entre chapuz\u00f3n y chapuz\u00f3n, podr\u00e1s descansar en las tumbonas alrededor de la piscina al ritmo del canto de las cigarras.<\/p>\n<p>La piscina permanecer\u00e1 abierta del 3<span data-teams=\"true\">\/04\/2026<\/span> al 4<span data-teams=\"true\">\/10\/2026<\/span>.[\/vc_column_text][\/vc_column_inner][\/vc_row_inner]<div class=\"text-center btnwrap\"><a class=\"btn btn-huttopia-cta\" href=\"https:\/\/checkout.citykamp.com\/965\/es\/\" role=\"button\" target=\"true\" onclick=\"dataLayer.push({'event':'clickCity', 'clickText':'Reservar estancia'})\">Reservar estancia<\/a><\/div><\/div>[\/vc_column][\/vc_row][vc_row css=\u00bb.vc_custom_1739894357394{margin-left: -0.5px !important;background-color: #E84E1B33 !important;}\u00bb][vc_column]<div class=\"wrappedcontent\">[vc_empty_space][vc_row_inner gap=\u00bb20&#8243; css=\u00bb.vc_custom_1731923210584{margin-left: -0.5px !important;}\u00bb][vc_column_inner width=\u00bb1\/2&#8243;][vc_column_text css=\u00bb\u00bb]<\/p>\n<h2 style=\"text-align: center;\">LA BASTIDE, UN ESPACIO DE CONVIVENCIA AUT\u00c9NTICO<\/h2>\n<p>Descubre un espacio aut\u00e9ntico para vivir y compartir en una antigua casa de campo provenzal. Esta casa de campo, recientemente renovada manteniendo su encanto, es perfecta para disfrutar de las vacaciones y compartir buenos momentos. Disfruta en soledad o con la familia de los sof\u00e1s, la biblioteca y los juegos de mesa disponibles.<\/p>\n<p>Toma el desayuno bajo el sol acompa\u00f1ado del suave cantar de los p\u00e1jaros. Tambi\u00e9n puedes encargar pan y boller\u00eda la v\u00edspera para desayunar en tu parcela.<\/p>\n<p>Disfruta del bar abierto a la gran terraza soleada para tomar algo a cualquier hora del d\u00eda.<\/p>\n<p>Y si te apetece comer algo, inst\u00e1late en la terraza de piedra, bajo la sombra de los pinos, para saborear una rica pizza casera.[\/vc_column_text][\/vc_column_inner][vc_column_inner width=\u00bb1\/2&#8243;][vc_images_carousel images=\u00bb4782,4788,4794,4800,4806,4812,4818,4824&#8243; img_size=\u00bb600&#215;400&#8243; onclick=\u00bblink_no\u00bb speed=\u00bb4000&#8243; autoplay=\u00bbyes\u00bb css=\u00bb\u00bb][\/vc_column_inner][\/vc_row_inner]<\/div>[\/vc_column][\/vc_row][vc_row css=\u00bb.vc_custom_1739894351891{margin-left: -0.5px !important;border-color: #EEEEEE !important;}\u00bb][vc_column]<div class=\"wrappedcontent\">[vc_empty_space][vc_row_inner equal_height=\u00bbyes\u00bb gap=\u00bb20&#8243; css=\u00bb.vc_custom_1732025647739{margin-left: -0.5px !important;}\u00bb][vc_column_inner width=\u00bb1\/2&#8243;][vc_images_carousel images=\u00bb4830,4836,4842&#8243; img_size=\u00bb600&#215;400&#8243; onclick=\u00bblink_no\u00bb speed=\u00bb4000&#8243; autoplay=\u00bbyes\u00bb css=\u00bb\u00bb][\/vc_column_inner][vc_column_inner width=\u00bb1\/2&#8243;][vc_column_text css=\u00bb\u00bb]<\/p>\n<h2 style=\"text-align: center;\"><strong><span style=\"color: #e94e1b;\">TE ESPERAMOS CON LOS BRAZOS ABIERTOS<\/span><\/strong><\/h2>\n<p>Ac\u00e9rcate a la recepci\u00f3n del camping para obtener la informaci\u00f3n necesaria para instalarte. Nuestro equipo est\u00e1 a tu disposici\u00f3n para aconsejarte y se\u00f1alarte los mejores sitios y actividades para tus vacaciones en Aix-en-Provence.<\/p>\n<p>All\u00ed encontrar\u00e1s algunos productos b\u00e1sicos, entre ellos una selecci\u00f3n de productos locales seleccionados por nuestro equipo. Durante todo el a\u00f1o se puede disfrutar de la peque\u00f1a terraza para tomar un caf\u00e9 mientras se prepara el itinerario del d\u00eda.[\/vc_column_text][\/vc_column_inner][\/vc_row_inner][vc_empty_space]<div class=\"text-center btnwrap\"><a class=\"btn btn-huttopia-cta\" href=\"https:\/\/checkout.citykamp.com\/965\/es\/\" role=\"button\" target=\"true\" onclick=\"dataLayer.push({'event':'clickCity', 'clickText':'Reservar estancia'})\">Reservar estancia<\/a><\/div><\/div>[\/vc_column][\/vc_row][vc_row css=\u00bb.vc_custom_1739894275408{margin-left: -0.5px !important;background-color: #E8E8E8 !important;}\u00bb][vc_column]<div class=\"wrappedcontent\">[vc_empty_space][vc_column_text css=\u00bb\u00bb]<\/p>\n<h2 style=\"text-align: center;\"><span style=\"font-size: 18pt;\"><strong>SERVICIOS<\/strong><\/span><\/h2>\n<p>[\/vc_column_text][vc_empty_space][vc_row_inner gap=\u00bb20&#8243; css=\u00bb.vc_custom_1715695519532{margin-left: -0.5px !important;}\u00bb][vc_column_inner width=\u00bb1\/5&#8243;][vc_single_image image=\u00bb4194&#8243; img_size=\u00bb71*71&#8243; alignment=\u00bbcenter\u00bb css=\u00bb\u00bb][vc_empty_space][vc_column_text css=\u00bb\u00bb]<\/p>\n<p style=\"text-align: center;\">Alquiler de neveras<\/p>\n<p>[\/vc_column_text][\/vc_column_inner][vc_column_inner width=\u00bb1\/5&#8243;][vc_single_image image=\u00bb2102&#8243; img_size=\u00bb71*71&#8243; alignment=\u00bbcenter\u00bb][vc_empty_space][vc_column_text css=\u00bb\u00bb]<\/p>\n<p style=\"text-align: center;\">Kit para beb\u00e9s (cuna + trona)<\/p>\n<p>[\/vc_column_text][\/vc_column_inner][vc_column_inner width=\u00bb1\/5&#8243;][vc_single_image image=\u00bb2101&#8243; img_size=\u00bb71*71&#8243; alignment=\u00bbcenter\u00bb][vc_empty_space][vc_column_text css=\u00bb\u00bb]<\/p>\n<p style=\"text-align: center;\">Limpieza de final de estancia (suplemento)<\/p>\n<p>[\/vc_column_text][\/vc_column_inner][vc_column_inner width=\u00bb1\/5&#8243;][vc_single_image image=\u00bb2394&#8243; img_size=\u00bb71*71&#8243; alignment=\u00bbcenter\u00bb][vc_empty_space][vc_column_text css=\u00bb\u00bb]<\/p>\n<p style=\"text-align: center;\">Comercios a 200 metros<\/p>\n<p>[\/vc_column_text][\/vc_column_inner][vc_column_inner width=\u00bb1\/5&#8243;][vc_single_image image=\u00bb1871&#8243; img_size=\u00bb71*71&#8243; alignment=\u00bbcenter\u00bb css=\u00bb\u00bb][vc_empty_space][vc_column_text css=\u00bb\u00bb]<\/p>\n<p style=\"text-align: center;\">Wifi<\/p>\n<p>[\/vc_column_text][\/vc_column_inner][\/vc_row_inner][vc_empty_space]<\/div>[\/vc_column][\/vc_row][vc_row css=\u00bb.vc_custom_1732025610915{margin-left: -0.5px !important;background-color: #FFFFFF !important;}\u00bb][vc_column]<div class=\"wrappedcontent\">[vc_empty_space][vc_column_text css=\u00bb\u00bb]<\/p>\n<h2 style=\"text-align: center;\">ACTIVIDADES<\/h2>\n<p>[\/vc_column_text][vc_empty_space][vc_row_inner gap=\u00bb20&#8243; css=\u00bb.vc_custom_1732024941147{margin-left: -0.5px !important;}\u00bb][vc_column_inner width=\u00bb1\/4&#8243;][vc_single_image image=\u00bb2403&#8243; img_size=\u00bb600*400&#8243; alignment=\u00bbcenter\u00bb css=\u00bb\u00bb][vc_empty_space height=\u00bb20px\u00bb][vc_column_text css=\u00bb\u00bb]<\/p>\n<p style=\"text-align: center;\"><strong><span style=\"font-size: 14pt;\">ALQUILER DE BICIS DE PASEO EL\u00c9CTRICAS<\/span><br \/>\n<\/strong>Pas\u00e9ate en bicicleta para descubrir la regi\u00f3n y el centro de Aix-en-Provence.<\/p>\n<p>[\/vc_column_text][\/vc_column_inner][vc_column_inner width=\u00bb1\/4&#8243;][vc_single_image image=\u00bb4848&#8243; img_size=\u00bb600*400&#8243; alignment=\u00bbcenter\u00bb css=\u00bb\u00bb][vc_empty_space height=\u00bb20px\u00bb][vc_column_text css=\u00bb\u00bb]<\/p>\n<p style=\"text-align: center;\"><strong><span style=\"font-size: 14pt;\">PETANCA<\/span><br \/>\n<\/strong>Sum\u00e9rgete en el buen ambiente de la petanca, \u00a1un imprescindible de la Provenza! Tanto si ya tienes experiencia como si solo eres amateur, en la pista de petanca podr\u00e1s compartir momentos de relax y buen humor.<\/p>\n<p>[\/vc_column_text][\/vc_column_inner][vc_column_inner width=\u00bb1\/4&#8243;][vc_single_image image=\u00bb4854&#8243; img_size=\u00bb600*400&#8243; alignment=\u00bbcenter\u00bb css=\u00bb\u00bb][vc_empty_space height=\u00bb20px\u00bb][vc_column_text css=\u00bb\u00bb]<\/p>\n<p style=\"text-align: center;\"><strong><span style=\"font-size: 14pt;\">ZONA DE JUEGO<\/span><br \/>\n<\/strong>\u00a1A los ni\u00f1os les encantar\u00e1 descargar aqu\u00ed sus energ\u00edas! La zona de juego de madera del camping de Aix-en-Provence es garant\u00eda de felicidad, aventuras y montones de risas.<\/p>\n<p>[\/vc_column_text][\/vc_column_inner][vc_column_inner width=\u00bb1\/4&#8243;][vc_single_image image=\u00bb3310&#8243; img_size=\u00bb600*400&#8243; alignment=\u00bbcenter\u00bb css=\u00bb\u00bb][vc_empty_space height=\u00bb20px\u00bb][vc_column_text css=\u00bb\u00bb]<\/p>\n<p style=\"text-align: center;\"><strong><span style=\"font-size: 14pt;\">OCIO<\/span><br \/>\n<\/strong>Disfruta de buenos momentos con la familia o los amigos jugando un pimp\u00f3n o un futbol\u00edn. Adem\u00e1s, los apasionados del deporte podr\u00e1n entrenar en el espacio deportivo al aire libre.<\/p>\n<p>[\/vc_column_text][\/vc_column_inner][\/vc_row_inner]<\/div><div class=\"text-center btnwrap\"><a class=\"btn btn-huttopia-cta\" href=\"https:\/\/checkout.citykamp.com\/965\/es\/\" role=\"button\" target=\"true\" onclick=\"dataLayer.push({'event':'clickCity', 'clickText':'Reservar estancia'})\">Reservar estancia<\/a><\/div>[\/vc_column][\/vc_row][vc_row css=\u00bb.vc_custom_1732024303615{margin-left: -0.5px !important;}\u00bb][vc_column]<div class=\"wrappedcontent\">[vc_empty_space][vc_row_inner equal_height=\u00bbyes\u00bb content_placement=\u00bbmiddle\u00bb gap=\u00bb20&#8243; css=\u00bb.vc_custom_1731923382343{margin-left: -0.5px !important;}\u00bb][vc_column_inner width=\u00bb1\/2&#8243; css=\u00bb.vc_custom_1731923353242{background-color: #E84E1B33 !important;}\u00bb][vc_single_image image=\u00bb2408&#8243; img_size=\u00bb71*71&#8243; alignment=\u00bbcenter\u00bb onclick=\u00bbcustom_link\u00bb css=\u00bb.vc_custom_1737110733352{margin-bottom: -10px !important;padding-top: 15px !important;}\u00bb link=\u00bbhttps:\/\/media.huttopia.com\/destinations\/aix-en-provence\/plan-camping-aix-en-provence.pdf\u00bb][vc_empty_space height=\u00bb15px\u00bb][vc_column_text css=\u00bb.vc_custom_1741276134245{padding-top: 25px !important;padding-right: 15px !important;padding-bottom: 15px !important;padding-left: 15px !important;}\u00bb]<\/p>\n<p style=\"text-align: center;\"><strong><span style=\"text-decoration: underline;\"><a href=\"https:\/\/media.huttopia.com\/destinations\/aix-en-provence\/plan-camping-aix-en-provence.pdf\" target=\"_blank\" rel=\"noopener\"><strong>Plano del camping<\/strong><\/a><\/span><\/strong><\/p>\n<p>[\/vc_column_text][\/vc_column_inner][vc_column_inner width=\u00bb1\/2&#8243; css=\u00bb.vc_custom_1731666206219{background-color: #E84E1B33 !important;}\u00bb][vc_single_image image=\u00bb2410&#8243; img_size=\u00bb71*71&#8243; alignment=\u00bbcenter\u00bb onclick=\u00bbcustom_link\u00bb css=\u00bb.vc_custom_1736326636228{margin-bottom: -10px !important;padding-top: 15px !important;}\u00bb link=\u00bbhttps:\/\/www.google.fr\/maps\/place\/41+Av.+du+Val+Saint-Andr%C3%A9,+13100+Aix-en-Provence\/@43.5153951,5.474435,17z\/data=!3m1!4b1!4m6!3m5!1s0x12c98dfcc3437a89:0x6c511b352adc54d5!8m2!3d43.5153951!4d5.474435!16s%2Fg%2F11c3q3b1qq?entry=tts&amp;g_ep=EgoyMDI0MTExMy4xIPu8ASoASAFQAw%3D%3D\u00bb][vc_empty_space height=\u00bb15px\u00bb][vc_column_text css=\u00bb.vc_custom_1741276142453{padding-top: 15px !important;padding-right: 15px !important;padding-bottom: 25px !important;padding-left: 15px !important;}\u00bb]<\/p>\n<p style=\"text-align: center;\"><span style=\"text-decoration: underline;\"><a href=\"https:\/\/maps.app.goo.gl\/z9M5z6binKLMxSZT6\" target=\"_blank\" rel=\"noopener noreferrer\"><strong>Itinerario<\/strong><\/a><\/span><\/p>\n<p>[\/vc_column_text][\/vc_column_inner][\/vc_row_inner][vc_empty_space]<\/div>[\/vc_column][\/vc_row]<\/p>\n<\/div>","protected":false},"excerpt":{"rendered":"<p>[vc_row css=\u00bb.vc_custom_1732025594548{margin-left: -0.5px !important;background-color: #FFFFFF !important;border-color: #EEEEEE !important;}\u00bb][vc_column][vc_empty_space][\/vc_column][\/vc_row][vc_row css=\u00bb.vc_custom_1739894357394{margin-left: -0.5px !important;background-color: #E84E1B33 !important;}\u00bb][vc_column][\/vc_column][\/vc_row][vc_row css=\u00bb.vc_custom_1739894351891{margin-left: -0.5px !important;border-color: #EEEEEE !important;}\u00bb][vc_column][\/vc_column][\/vc_row][vc_row css=\u00bb.vc_custom_1739894275408{margin-left: -0.5px !important;background-color: #E8E8E8 !important;}\u00bb][vc_column][\/vc_column][\/vc_row][vc_row css=\u00bb.vc_custom_1732025610915{margin-left: -0.5px !important;background-color: #FFFFFF !important;}\u00bb][vc_column][\/vc_column][\/vc_row][vc_row css=\u00bb.vc_custom_1732024303615{margin-left: -0.5px !important;}\u00bb][vc_column][\/vc_column][\/vc_row]<\/p>\n","protected":false},"author":4,"featured_media":4144,"parent":0,"menu_order":0,"comment_status":"closed","ping_status":"closed","template":"","meta":{"footnotes":""},"class_list":["post-2364","page","type-page","status-publish","has-post-thumbnail","hentry"],"yoast_head":"<!-- This site is optimized with the Yoast SEO plugin v25.6 - https:\/\/yoast.com\/wordpress\/plugins\/seo\/ -->\n<title>Actividades y servicios | Camping Aix-en-Provence<\/title>\n<meta name=\"description\" content=\"El Camping Aix-en-Provence ofrece una gran variedad de actividades y servicios para toda la familia: piscina, zonas de juegos...\" \/>\n<meta name=\"robots\" content=\"index, follow, max-snippet:-1, max-image-preview:large, max-video-preview:-1\" \/>\n<link rel=\"canonical\" href=\"https:\/\/www.camping-aix-en-provence.com\/es\/actividades-servicios\/\" \/>\n<meta property=\"og:locale\" content=\"es_ES\" \/>\n<meta property=\"og:type\" content=\"article\" \/>\n<meta property=\"og:title\" content=\"Actividades y servicios | Camping Aix-en-Provence\" \/>\n<meta property=\"og:description\" content=\"El Camping Aix-en-Provence ofrece una gran variedad de actividades y servicios para toda la familia: piscina, zonas de juegos...\" \/>\n<meta property=\"og:url\" content=\"https:\/\/www.camping-aix-en-provence.com\/es\/actividades-servicios\/\" \/>\n<meta property=\"og:site_name\" content=\"Aix-en-Provence\" \/>\n<meta property=\"article:modified_time\" content=\"2026-04-15T06:21:29+00:00\" \/>\n<meta property=\"og:image\" content=\"https:\/\/www.camping-aix-en-provence.com\/uploads\/sites\/55\/2025\/06\/accueil-aix-provence.jpg\" \/>\n\t<meta property=\"og:image:width\" content=\"600\" \/>\n\t<meta property=\"og:image:height\" content=\"500\" \/>\n\t<meta property=\"og:image:type\" content=\"image\/jpeg\" \/>\n<meta name=\"twitter:card\" content=\"summary_large_image\" \/>\n<meta name=\"twitter:label1\" content=\"Est. reading time\" \/>\n\t<meta name=\"twitter:data1\" content=\"10 minutos\" \/>\n<script type=\"application\/ld+json\" class=\"yoast-schema-graph\">{\"@context\":\"https:\/\/schema.org\",\"@graph\":[{\"@type\":\"WebPage\",\"@id\":\"https:\/\/www.camping-aix-en-provence.com\/es\/actividades-servicios\/\",\"url\":\"https:\/\/www.camping-aix-en-provence.com\/es\/actividades-servicios\/\",\"name\":\"Actividades y servicios | Camping Aix-en-Provence\",\"isPartOf\":{\"@id\":\"https:\/\/www.camping-aix-en-provence.com\/es\/#website\"},\"primaryImageOfPage\":{\"@id\":\"https:\/\/www.camping-aix-en-provence.com\/es\/actividades-servicios\/#primaryimage\"},\"image\":{\"@id\":\"https:\/\/www.camping-aix-en-provence.com\/es\/actividades-servicios\/#primaryimage\"},\"thumbnailUrl\":\"https:\/\/www.camping-aix-en-provence.com\/uploads\/sites\/55\/2025\/06\/accueil-aix-provence.jpg\",\"datePublished\":\"2024-05-14T13:59:50+00:00\",\"dateModified\":\"2026-04-15T06:21:29+00:00\",\"description\":\"El Camping Aix-en-Provence ofrece una gran variedad de actividades y servicios para toda la familia: piscina, zonas de juegos...\",\"breadcrumb\":{\"@id\":\"https:\/\/www.camping-aix-en-provence.com\/es\/actividades-servicios\/#breadcrumb\"},\"inLanguage\":\"es\",\"potentialAction\":[{\"@type\":\"ReadAction\",\"target\":[\"https:\/\/www.camping-aix-en-provence.com\/es\/actividades-servicios\/\"]}]},{\"@type\":\"ImageObject\",\"inLanguage\":\"es\",\"@id\":\"https:\/\/www.camping-aix-en-provence.com\/es\/actividades-servicios\/#primaryimage\",\"url\":\"https:\/\/www.camping-aix-en-provence.com\/uploads\/sites\/55\/2025\/06\/accueil-aix-provence.jpg\",\"contentUrl\":\"https:\/\/www.camping-aix-en-provence.com\/uploads\/sites\/55\/2025\/06\/accueil-aix-provence.jpg\",\"width\":600,\"height\":500,\"caption\":\"Acceuil Citykamp Aic-en-Provence\"},{\"@type\":\"BreadcrumbList\",\"@id\":\"https:\/\/www.camping-aix-en-provence.com\/es\/actividades-servicios\/#breadcrumb\",\"itemListElement\":[{\"@type\":\"ListItem\",\"position\":1,\"name\":\"Home\",\"item\":\"https:\/\/www.camping-aix-en-provence.com\/es\/\"},{\"@type\":\"ListItem\",\"position\":2,\"name\":\"ACTIVIDADES Y SERVICIOS\"}]},{\"@type\":\"WebSite\",\"@id\":\"https:\/\/www.camping-aix-en-provence.com\/es\/#website\",\"url\":\"https:\/\/www.camping-aix-en-provence.com\/es\/\",\"name\":\"Aix-en-Provence\",\"description\":\"\",\"potentialAction\":[{\"@type\":\"SearchAction\",\"target\":{\"@type\":\"EntryPoint\",\"urlTemplate\":\"https:\/\/www.camping-aix-en-provence.com\/es\/?s={search_term_string}\"},\"query-input\":{\"@type\":\"PropertyValueSpecification\",\"valueRequired\":true,\"valueName\":\"search_term_string\"}}],\"inLanguage\":\"es\"}]}<\/script>\n<!-- \/ Yoast SEO plugin. -->","yoast_head_json":{"title":"Actividades y servicios | Camping Aix-en-Provence","description":"El Camping Aix-en-Provence ofrece una gran variedad de actividades y servicios para toda la familia: piscina, zonas de juegos...","robots":{"index":"index","follow":"follow","max-snippet":"max-snippet:-1","max-image-preview":"max-image-preview:large","max-video-preview":"max-video-preview:-1"},"canonical":"https:\/\/www.camping-aix-en-provence.com\/es\/actividades-servicios\/","og_locale":"es_ES","og_type":"article","og_title":"Actividades y servicios | Camping Aix-en-Provence","og_description":"El Camping Aix-en-Provence ofrece una gran variedad de actividades y servicios para toda la familia: piscina, zonas de juegos...","og_url":"https:\/\/www.camping-aix-en-provence.com\/es\/actividades-servicios\/","og_site_name":"Aix-en-Provence","article_modified_time":"2026-04-15T06:21:29+00:00","og_image":[{"width":600,"height":500,"url":"https:\/\/www.camping-aix-en-provence.com\/uploads\/sites\/55\/2025\/06\/accueil-aix-provence.jpg","type":"image\/jpeg"}],"twitter_card":"summary_large_image","twitter_misc":{"Est. reading time":"10 minutos"},"schema":{"@context":"https:\/\/schema.org","@graph":[{"@type":"WebPage","@id":"https:\/\/www.camping-aix-en-provence.com\/es\/actividades-servicios\/","url":"https:\/\/www.camping-aix-en-provence.com\/es\/actividades-servicios\/","name":"Actividades y servicios | Camping Aix-en-Provence","isPartOf":{"@id":"https:\/\/www.camping-aix-en-provence.com\/es\/#website"},"primaryImageOfPage":{"@id":"https:\/\/www.camping-aix-en-provence.com\/es\/actividades-servicios\/#primaryimage"},"image":{"@id":"https:\/\/www.camping-aix-en-provence.com\/es\/actividades-servicios\/#primaryimage"},"thumbnailUrl":"https:\/\/www.camping-aix-en-provence.com\/uploads\/sites\/55\/2025\/06\/accueil-aix-provence.jpg","datePublished":"2024-05-14T13:59:50+00:00","dateModified":"2026-04-15T06:21:29+00:00","description":"El Camping Aix-en-Provence ofrece una gran variedad de actividades y servicios para toda la familia: piscina, zonas de juegos...","breadcrumb":{"@id":"https:\/\/www.camping-aix-en-provence.com\/es\/actividades-servicios\/#breadcrumb"},"inLanguage":"es","potentialAction":[{"@type":"ReadAction","target":["https:\/\/www.camping-aix-en-provence.com\/es\/actividades-servicios\/"]}]},{"@type":"ImageObject","inLanguage":"es","@id":"https:\/\/www.camping-aix-en-provence.com\/es\/actividades-servicios\/#primaryimage","url":"https:\/\/www.camping-aix-en-provence.com\/uploads\/sites\/55\/2025\/06\/accueil-aix-provence.jpg","contentUrl":"https:\/\/www.camping-aix-en-provence.com\/uploads\/sites\/55\/2025\/06\/accueil-aix-provence.jpg","width":600,"height":500,"caption":"Acceuil Citykamp Aic-en-Provence"},{"@type":"BreadcrumbList","@id":"https:\/\/www.camping-aix-en-provence.com\/es\/actividades-servicios\/#breadcrumb","itemListElement":[{"@type":"ListItem","position":1,"name":"Home","item":"https:\/\/www.camping-aix-en-provence.com\/es\/"},{"@type":"ListItem","position":2,"name":"ACTIVIDADES Y SERVICIOS"}]},{"@type":"WebSite","@id":"https:\/\/www.camping-aix-en-provence.com\/es\/#website","url":"https:\/\/www.camping-aix-en-provence.com\/es\/","name":"Aix-en-Provence","description":"","potentialAction":[{"@type":"SearchAction","target":{"@type":"EntryPoint","urlTemplate":"https:\/\/www.camping-aix-en-provence.com\/es\/?s={search_term_string}"},"query-input":{"@type":"PropertyValueSpecification","valueRequired":true,"valueName":"search_term_string"}}],"inLanguage":"es"}]}},"_links":{"self":[{"href":"https:\/\/www.camping-aix-en-provence.com\/es\/wp-json\/wp\/v2\/pages\/2364","targetHints":{"allow":["GET"]}}],"collection":[{"href":"https:\/\/www.camping-aix-en-provence.com\/es\/wp-json\/wp\/v2\/pages"}],"about":[{"href":"https:\/\/www.camping-aix-en-provence.com\/es\/wp-json\/wp\/v2\/types\/page"}],"author":[{"embeddable":true,"href":"https:\/\/www.camping-aix-en-provence.com\/es\/wp-json\/wp\/v2\/users\/4"}],"replies":[{"embeddable":true,"href":"https:\/\/www.camping-aix-en-provence.com\/es\/wp-json\/wp\/v2\/comments?post=2364"}],"version-history":[{"count":5,"href":"https:\/\/www.camping-aix-en-provence.com\/es\/wp-json\/wp\/v2\/pages\/2364\/revisions"}],"predecessor-version":[{"id":5607,"href":"https:\/\/www.camping-aix-en-provence.com\/es\/wp-json\/wp\/v2\/pages\/2364\/revisions\/5607"}],"wp:featuredmedia":[{"embeddable":true,"href":"https:\/\/www.camping-aix-en-provence.com\/es\/wp-json\/wp\/v2\/media\/4144"}],"wp:attachment":[{"href":"https:\/\/www.camping-aix-en-provence.com\/es\/wp-json\/wp\/v2\/media?parent=2364"}],"curies":[{"name":"wp","href":"https:\/\/api.w.org\/{rel}","templated":true}]}}