{"id":3481,"date":"2025-02-19T11:24:27","date_gmt":"2025-02-19T10:24:27","guid":{"rendered":"https:\/\/www.camping-aix-en-provence.com\/que-faire-a-aix-en-provence\/"},"modified":"2025-03-06T11:20:22","modified_gmt":"2025-03-06T10:20:22","slug":"que-faire-a-aix-en-provence","status":"publish","type":"page","link":"https:\/\/www.camping-aix-en-provence.com\/es\/que-faire-a-aix-en-provence\/","title":{"rendered":"Que faire \u00e0 Aix-en-Provence"},"content":{"rendered":"<div class=\"wpb-content-wrapper\"><p>[vc_row css=\u00bb.vc_custom_1732010729614{margin-left: -0.5px !important;background-color: #E84E1B33 !important;}\u00bb][vc_column][vc_empty_space]<div class=\"wrappedcontent\">[vc_column_text css=\u00bb\u00bb]<\/p>\n<h1 style=\"text-align: center;\"><strong>Que faire \u00e0 Aix-en-Provence ?<\/strong><\/h1>\n<p style=\"text-align: center;\"><span style=\"font-size: 14pt;\"><strong>Aix-en-Provence<\/strong>, ville embl\u00e9matique du sud de la France, s\u00e9duit par son patrimoine riche, son atmosph\u00e8re proven\u00e7ale et ses paysages naturels exceptionnels. Entre<strong> festivals renomm\u00e9s, quartiers historiques, mus\u00e9es prestigieux et escapades en pleine nature<\/strong>, la ville offre une multitude d\u2019activit\u00e9s pour tous les go\u00fbts. D\u00e9couvrez les \u00e9v\u00e9nements \u00e0 ne pas manquer, les sites embl\u00e9matiques \u00e0 visiter et les exp\u00e9riences incontournables \u00e0 vivre lors de votre s\u00e9jour \u00e0 Aix-en-Provence.<br \/>\n<\/span><\/p>\n<p>[\/vc_column_text]<div class=\"text-center btnwrap\"><a class=\"btn btn-huttopia-cta\" href=\"https:\/\/checkout.citykamp.com\/965\/fr\/\" role=\"button\" target=\"true\" onclick=\"dataLayer.push({'event':'clickCity', 'clickText':'Je r\u00e9serve mon s\u00e9jour'})\">Je r\u00e9serve mon s\u00e9jour<\/a><\/div><\/div>[\/vc_column][\/vc_row][vc_row css=\u00bb.vc_custom_1732010733748{margin-left: -0.5px !important;}\u00bb][vc_column]<div class=\"wrappedcontent\">[vc_column_text css=\u00bb\u00bb]<\/p>\n<h2 style=\"text-align: center;\"><strong>Que visiter \u00e0 Aix-en-Provence ? Monuments, mus\u00e9es et lieux embl\u00e9matiques<\/strong><\/h2>\n<p>[\/vc_column_text][vc_empty_space][vc_row_inner gap=\u00bb35&#8243; css=\u00bb.vc_custom_1715759523796{margin-left: -0.5px !important;}\u00bb][vc_column_inner width=\u00bb1\/2&#8243;][vc_single_image image=\u00bb2311&#8243; img_size=\u00bblarge\u00bb css=\u00bb\u00bb][vc_empty_space][vc_column_text css=\u00bb\u00bb]<\/p>\n<p style=\"text-align: center;\"><span style=\"font-size: 14pt;\"><strong>La Vieille Ville<\/strong><\/span><\/p>\n<p style=\"text-align: center;\">Fl\u00e2nez dans ses ruelles sinueuses, bord\u00e9es de maisons anciennes aux fa\u00e7ades color\u00e9es, et laissez vous charmer par l&#8217;atmosph\u00e8re proven\u00e7ale authentique. Admirez les nombreux h\u00f4tels particuliers, vestiges de l&#8217;\u00e9poque o\u00f9 Aix \u00e9tait la capitale de la Provence, et d\u00e9couvrez les multiples places charmantes qui rythment le quartier.<br \/>\nVisiter le quartier Mazarin, la cath\u00e9drale Saint-Sauveur.<\/p>\n<p>[\/vc_column_text][\/vc_column_inner][vc_column_inner width=\u00bb1\/2&#8243;][vc_single_image image=\u00bb2312&#8243; img_size=\u00bblarge\u00bb css=\u00bb\u00bb][vc_empty_space][vc_column_text]<\/p>\n<p style=\"text-align: center;\"><span style=\"font-size: 14pt;\"><strong>Cours Mirabeau : C\u0153ur historique et vibrant d&#8217;Aix-en-Provence<\/strong><\/span><\/p>\n<p style=\"text-align: center;\">N\u00e9 au 17\u00e8me si\u00e8cle, le Cours Mirabeau a vu d\u00e9filer l&#8217;histoire de la ville. Promenades en cal\u00e8che, manifestations culturelles&#8230; il a \u00e9t\u00e9 le th\u00e9\u00e2tre de la vie aixoise. Aujourd&#8217;hui, sous ses platanes centenaires, caf\u00e9s et fontaines animent ce lieu embl\u00e9matique, refl\u00e9tant l&#8217;art de vivre proven\u00e7al.<\/p>\n<p>[\/vc_column_text][\/vc_column_inner][\/vc_row_inner][vc_row_inner gap=\u00bb35&#8243; css=\u00bb.vc_custom_1715759523796{margin-left: -0.5px !important;}\u00bb][vc_column_inner width=\u00bb1\/2&#8243;][vc_single_image image=\u00bb2313&#8243; img_size=\u00bblarge\u00bb css=\u00bb\u00bb][vc_empty_space][vc_column_text]<\/p>\n<p style=\"text-align: center;\"><span style=\"font-size: 14pt;\"><strong>L&#8217;Atelier de C\u00e9zanne<\/strong><\/span><\/p>\n<p style=\"text-align: center;\">Aix-en-Provence \u00e9tait la ville natale du c\u00e9l\u00e8bre peintre postimpressionniste Paul C\u00e9zanne, et sa pr\u00e9sence se fait encore sentir dans toute la ville. Entrez dans l&#8217;Atelier de C\u00e9zanne et obtenez un aper\u00e7u intime de la vie et du processus cr\u00e9atif de l&#8217;artiste. Admirez ses chefs-d&#8217;\u0153uvre au Mus\u00e9e Granet et marchez sur ses pas lors de la balade \u00abSur les pas de C\u00e9zanne\u00bb.<\/p>\n<p>[\/vc_column_text][\/vc_column_inner][vc_column_inner width=\u00bb1\/2&#8243;][vc_single_image image=\u00bb3409&#8243; img_size=\u00bblarge\u00bb css=\u00bb\u00bb][vc_empty_space][vc_column_text css=\u00bb\u00bb]<\/p>\n<p style=\"text-align: center;\"><span style=\"font-size: 14pt;\"><strong>La bastide du Jas de Bouffan : demeure familiale de C\u00e9zanne<\/strong><\/span><\/p>\n<p style=\"text-align: center;\">Ancienne demeure de Paul C\u00e9zanne \u00e0 Aix-en-Provence, la bastide du Jas de Bouffan rouvrira progressivement \u00e0 partir de l\u2019\u00e9t\u00e9 2025. Les premi\u00e8res pi\u00e8ces restaur\u00e9es, dont son atelier, la cuisine et la chambre de Madame C\u00e9zanne, ainsi qu&#8217;une promenade immersive dans le parc, permettent de d\u00e9couvrir l\u2019h\u00e9ritage du p\u00e8re de l\u2019art moderne.<\/p>\n<p>[\/vc_column_text][\/vc_column_inner][\/vc_row_inner][vc_row_inner gap=\u00bb35&#8243; css=\u00bb.vc_custom_1715759523796{margin-left: -0.5px !important;}\u00bb][vc_column_inner width=\u00bb1\/2&#8243;][vc_single_image image=\u00bb2314&#8243; img_size=\u00bblarge\u00bb css=\u00bb\u00bb][vc_empty_space][vc_column_text]<\/p>\n<p style=\"text-align: center;\"><span style=\"font-size: 14pt;\"><strong>Mus\u00e9e Granet : l&#8217;un des plus beaux mus\u00e9es de France<\/strong><\/span><\/p>\n<p style=\"text-align: center;\">Le Mus\u00e9e Granet est une v\u00e9ritable mine d&#8217;or pour les amateurs d&#8217;art et d&#8217;histoire. En un seul lieu, vous pourrez retracer l&#8217;\u00e9volution artistique de l&#8217;Europe et vous laisser \u00e9merveiller par les chefs-d&#8217;\u0153uvre de grands artistes. Renoir, Monet, Van Gogh, Degas, Redon, Bonnard, Rouault, Picasso, Braque, Dufy, Laurens, L\u00e9ger, Klee, Bissi\u00e8re, de Sta\u00ebl ou Dubuffet&#8230; Une visite incontournable pour tous les amateurs d&#8217;art et les curieux d&#8217;histoire.<br \/>\nAutres mus\u00e9es \u00e0 visiter : le mus\u00e9e Vasarely, consacr\u00e9 \u00e0 l&#8217;\u0153uvre de Victor Vasarely. Le Mus\u00e9e des Tapisseries.<\/p>\n<p>[\/vc_column_text][\/vc_column_inner][vc_column_inner width=\u00bb1\/2&#8243;][vc_single_image image=\u00bb3415&#8243; img_size=\u00bblarge\u00bb css=\u00bb\u00bb][vc_empty_space][vc_column_text css=\u00bb\u00bb]<\/p>\n<p style=\"text-align: center;\"><span style=\"font-size: 14pt;\"><strong>L&#8217;H\u00f4tel de Caumont<\/strong><\/span><\/p>\n<p style=\"text-align: center;\">L&#8217;H\u00f4tel de Caumont \u00e0 Aix-en-Provence est un magnifique h\u00f4tel particulier du XVIIIe si\u00e8cle, offrant un cadre \u00e9l\u00e9gant et raffin\u00e9. Il abrite un centre d&#8217;art contemporain, o\u00f9 se tiennent des expositions temporaires, ainsi qu&#8217;un jardin \u00e0 la fran\u00e7aise. Cet h\u00f4tel historique invite \u00e0 la d\u00e9couverte de l&#8217;art et de l&#8217;architecture dans un lieu charg\u00e9 d&#8217;histoire.<\/p>\n<p>[\/vc_column_text][\/vc_column_inner][\/vc_row_inner][vc_row_inner gap=\u00bb35&#8243; css=\u00bb.vc_custom_1715759523796{margin-left: -0.5px !important;}\u00bb][vc_column_inner width=\u00bb1\/2&#8243;][vc_single_image image=\u00bb2315&#8243; img_size=\u00bblarge\u00bb css=\u00bb\u00bb][vc_empty_space][vc_column_text]<\/p>\n<p style=\"text-align: center;\"><span style=\"font-size: 14pt;\"><strong>Pavillon de Vend\u00f4me<\/strong><\/span><\/p>\n<p style=\"text-align: center;\">A deux pas de la Cath\u00e9drale d&#8217;Aix, le Pavillon de Vend\u00f4me est un \u00e9crin de verdure et d&#8217;histoire. Son jardin \u00e0 la fran\u00e7aise et son mobilier ancien vous plongent dans le pass\u00e9. Class\u00e9 monument historique, il abrite aussi des portraits de ses illustres r\u00e9sidents. Depuis 1990, l&#8217;art moderne et contemporain y ont trouv\u00e9 leur place, faisant du Pavillon un lieu incontournable pour les amateurs d&#8217;art et de qui\u00e9tude.<\/p>\n<p>[\/vc_column_text][\/vc_column_inner][vc_column_inner width=\u00bb1\/2&#8243;][vc_single_image image=\u00bb2316&#8243; img_size=\u00bblarge\u00bb css=\u00bb\u00bb][vc_empty_space][vc_column_text]<\/p>\n<p style=\"text-align: center;\"><span style=\"font-size: 14pt;\"><strong>La ville aux mille fontaines<\/strong><\/span><\/p>\n<p style=\"text-align: center;\">Aix-en-Provence, surnomm\u00e9e la \u00abCit\u00e9 aux mille fontaines\u00bb ou la \u00abVille d&#8217;eaux\u00bb, abrite un tr\u00e9sor inestimable : plus de 250 fontaines publiques et priv\u00e9es pars\u00e8ment son centre historique, soit l&#8217;une des plus grandes concentrations en Europe. La fontaine de la Rotonde, des quatre dauphins, du roi Ren\u00e9, des thermes Sextius ou d&#8217;Albertas, joyaux architecturaux qui ponctuent le centre historique d&#8217;Aix-en-Provence.<\/p>\n<p>[\/vc_column_text][\/vc_column_inner][\/vc_row_inner][vc_empty_space][vc_column_text css=\u00bb\u00bb]<\/p>\n<h2 style=\"text-align: center;\"><strong>\u00c9v\u00e9nements \u00e0 Aix-en-Provence : festivals, culture et sport \u00e0 ne pas manquer<\/strong><\/h2>\n<p>[\/vc_column_text][vc_empty_space][vc_row_inner gap=\u00bb35&#8243; css=\u00bb.vc_custom_1732010622878{margin-left: -0.5px !important;}\u00bb][vc_column_inner width=\u00bb1\/3&#8243;][vc_single_image image=\u00bb2324&#8243; img_size=\u00bblarge\u00bb css=\u00bb\u00bb][\/vc_column_inner][vc_column_inner width=\u00bb2\/3&#8243;][vc_column_text css=\u00bb\u00bb]<strong>Biennale : Printemps \u2013 Automne<br \/>\n<\/strong>Ce grand rendez-vous culturel se caract\u00e9rise par la co-construction avec des structures culturelles aixoises et du territoire, une programmation pluri-disciplinaire soutenant la cr\u00e9ation contemporaine, des grands rendez-vous dans l\u2019espace urbain invitant le public \u00e0 partager des moments collectifs exceptionnels, un rayonnement des propositions artistiques dans les quartiers et villages de la Ville et la mise en \u0153uvre de projets participatifs favorisant la pratique culturelle des habitants.<\/p>\n<p><strong>Ironman d\u2019Aix-en-Provence : 18 mai 2025<br \/>\n<\/strong>Le triathlon Ironman d&#8217;Aix-en-Provence est un triathlon longue distance organis\u00e9 en mai. Il est compos\u00e9 de 3,8 km de natation au lac de Peyrolles, de 180 km de cyclisme \u00e0 travers la Provence et d&#8217;un marathon de 42,195 km autour d&#8217;Aix-en-Provence. Cet \u00e9v\u00e9nement rassemble des sportifs venant du monde entier, proposant un d\u00e9fi sportif important dans un environnement naturel remarquable.<\/p>\n<p><strong>\u00a0<\/strong>[\/vc_column_text][\/vc_column_inner][\/vc_row_inner][vc_column_text css=\u00bb\u00bb]<strong>Festival d\u2019Aix en Provence : 4 \u2013 21 juillet 2025<\/strong><br \/>\nProductions d\u2019op\u00e9ra, \u0153uvres de jeunesse et c\u00e9l\u00e8bres op\u00e9ras de Mozart, cr\u00e9ations contemporaines, red\u00e9couverte de chefs-d\u2019\u0153uvre baroques, op\u00e9ras de chambre, sans oublier d\u2019exceptionnelles affiches de concerts.<\/p>\n<p><strong>Les nuits d\u2019Aix, march\u00e9 nocturne : Juillet &amp; Ao\u00fbt<\/strong><br \/>\nSitu\u00e9 sur le cours Mirabeau, ce march\u00e9 artisanal nocturne, incontournable de la saison estivale aixoise, propose tous les soirs aux habitants et aux vacanciers, des produits sur plusieurs th\u00e9matiques : verriers, potiers, senteurs, savons, bougies, d\u00e9coration, bijoux, accessoires pour femmes, hommes, enfants, mais aussi gibassiers, madeleines, pains d\u2019\u00e9pices, calissons\u2026<\/p>\n<p><strong>Delta Festival : du 3 au 7 septembre 2025<\/strong><br \/>\nFestival musical \u00e0 Marseille.<\/p>\n<p><strong>Festival Super Moustache \u00e0 Aix en Provence : Samedi 13 septembre<\/strong><br \/>\nFestival musical rassemblant les plus grands artistes locaux.<\/p>\n<p><strong>\u00a0<\/strong>[\/vc_column_text][vc_empty_space][vc_column_text css=\u00bb\u00bb]<\/p>\n<h2 style=\"text-align: center;\"><strong>Randonn\u00e9es et nature : explorer la montagne Sainte-Victoire depuis Aix-en-Provence<\/strong><\/h2>\n<p>[\/vc_column_text][vc_empty_space][vc_row_inner gap=\u00bb35&#8243; css=\u00bb.vc_custom_1715759523796{margin-left: -0.5px !important;}\u00bb][vc_column_inner width=\u00bb1\/2&#8243;][vc_images_carousel images=\u00bb2326,2325&#8243; img_size=\u00bb600&#215;500&#8243; onclick=\u00bblink_no\u00bb wrap=\u00bbyes\u00bb][\/vc_column_inner][vc_column_inner width=\u00bb1\/2&#8243;][vc_column_text css=\u00bb\u00bb]<\/p>\n<p style=\"text-align: left;\">Dominant le paysage proven\u00e7al, <strong>la montagne Sainte-Victoire est un symbole embl\u00e9matique de la r\u00e9gion<\/strong>, immortalis\u00e9 par le peintre Paul C\u00e9zanne. Situ\u00e9e \u00e0 l&#8217;est d&#8217;Aix-en-Provence, elle culmine \u00e0 1 011 m\u00e8tres et offre des panoramas exceptionnels sur la Provence. Riche en histoire, <strong>elle abrite l\u2019ermitage de Saint-Ser<\/strong>, un lieu de p\u00e8lerinage nich\u00e9 dans la roche, ainsi que de nombreux vestiges t\u00e9moignant de son pass\u00e9.<\/p>\n<p style=\"text-align: left;\">Situ\u00e9e \u00e0 environ 15km du camping, la montagne Sainte-Victoire est facilement accessible. Vous profiterez d\u2019un une vue imprenable sur la campagne environnante. <strong>Vous pouvez faire une randonn\u00e9e jusqu\u2019au sommet ou prendre le bus navette.\u2028<\/strong>Depuis le camping, plusieurs sentiers permettent de rejoindre le massif, <strong>offrant des itin\u00e9raires adapt\u00e9s \u00e0 tous les niveaux,<\/strong> du promeneur au randonneur aguerri.<\/p>\n<p style=\"text-align: left;\">Entre for\u00eats de pins, cr\u00eates rocheuses et vues spectaculaires sur la vall\u00e9e, la Sainte-Victoire promet une immersion unique dans le paysage proven\u00e7al, entre nature et patrimoine.<\/p>\n<p>[\/vc_column_text][\/vc_column_inner][\/vc_row_inner]<\/div>[\/vc_column][\/vc_row][vc_row css=\u00bb.vc_custom_1739961643315{background-color: #F4F4F4 !important;}\u00bb][vc_column]<div class=\"wrappedcontent\">[vc_row_inner gap=\u00bb35&#8243; css=\u00bb.vc_custom_1715762324055{margin-left: -0.5px !important;}\u00bb][vc_column_inner width=\u00bb1\/2&#8243;][vc_single_image image=\u00bb2327&#8243; img_size=\u00bblarge\u00bb css=\u00bb\u00bb][vc_empty_space][vc_column_text css=\u00bb\u00bb]<\/p>\n<p style=\"text-align: center;\"><strong>Terroir et gastronomie<\/strong><\/p>\n<p style=\"text-align: center;\">La Provence est r\u00e9put\u00e9e pour sa cuisine savoureuse et ensoleill\u00e9e. Go\u00fbtez aux sp\u00e9cialit\u00e9s locales telles que la tapenade, l&#8217;a\u00efoli, la bouillabaisse et les calissons. D\u00e9gustez les vins d&#8217;exception du Pays d&#8217;Aix-en-Provence : La Provence est r\u00e9put\u00e9e pour ses vins. Vous pourrez visiter l&#8217;un des nombreux domaines viticoles de la r\u00e9gion et d\u00e9guster ses vins. Coteaux d\u2019Aix-en-Provence, C\u00f4tes de Provence et C\u00f4tes de Provence Sainte-Victoire, Palette et C\u00f4tes du Luberon.<\/p>\n<p>[\/vc_column_text][\/vc_column_inner][vc_column_inner width=\u00bb1\/2&#8243;][vc_single_image image=\u00bb2328&#8243; img_size=\u00bblarge\u00bb css=\u00bb\u00bb][vc_empty_space][vc_column_text]<\/p>\n<p style=\"text-align: center;\"><strong>Jours de march\u00e9<\/strong><\/p>\n<p style=\"text-align: center;\">March\u00e9 du Tholonet: Tous les vendredis matin<br \/>\nMarch\u00e9 d&#8217;Aix-en-Provence: Tous les mardis, mercredis, jeudis, vendredis et samedis matin<br \/>\nMarch\u00e9 de Rousset: Tous les dimanches matin<br \/>\nMarch\u00e9 de Saint-Cannat: Tous les jeudis matin<\/p>\n<p>[\/vc_column_text][\/vc_column_inner][\/vc_row_inner]<\/div>[\/vc_column][\/vc_row]<\/p>\n<\/div>","protected":false},"excerpt":{"rendered":"<p>[vc_row css=\u00bb.vc_custom_1732010729614{margin-left: -0.5px !important;background-color: #E84E1B33 !important;}\u00bb][vc_column][vc_empty_space][\/vc_column][\/vc_row][vc_row css=\u00bb.vc_custom_1732010733748{margin-left: -0.5px !important;}\u00bb][vc_column][\/vc_column][\/vc_row][vc_row css=\u00bb.vc_custom_1739961643315{background-color: #F4F4F4 !important;}\u00bb][vc_column][\/vc_column][\/vc_row]<\/p>\n","protected":false},"author":48,"featured_media":0,"parent":0,"menu_order":0,"comment_status":"closed","ping_status":"closed","template":"","meta":{"footnotes":""},"class_list":["post-3481","page","type-page","status-publish","hentry"],"yoast_head":"<!-- This site is optimized with the Yoast SEO plugin v25.6 - https:\/\/yoast.com\/wordpress\/plugins\/seo\/ -->\n<title>Que faire \u00e0 Aix-en-Provence ? Visites et randonn\u00e9es<\/title>\n<meta name=\"description\" content=\"D\u00e9couvrez les meilleures choses \u00e0 faire \u00e0 Aix-en-Provence : festivals, visites de monuments et mus\u00e9es, ainsi que des randonn\u00e9es \u00e0 la montagne Sainte-Victoire.\" \/>\n<meta name=\"robots\" content=\"index, follow, max-snippet:-1, max-image-preview:large, max-video-preview:-1\" \/>\n<link rel=\"canonical\" href=\"https:\/\/www.camping-aix-en-provence.com\/es\/que-faire-a-aix-en-provence\/\" \/>\n<meta property=\"og:locale\" content=\"es_ES\" \/>\n<meta property=\"og:type\" content=\"article\" \/>\n<meta property=\"og:title\" content=\"Que faire \u00e0 Aix-en-Provence ? Visites et randonn\u00e9es\" \/>\n<meta property=\"og:description\" content=\"D\u00e9couvrez les meilleures choses \u00e0 faire \u00e0 Aix-en-Provence : festivals, visites de monuments et mus\u00e9es, ainsi que des randonn\u00e9es \u00e0 la montagne Sainte-Victoire.\" \/>\n<meta property=\"og:url\" content=\"https:\/\/www.camping-aix-en-provence.com\/es\/que-faire-a-aix-en-provence\/\" \/>\n<meta property=\"og:site_name\" content=\"Aix-en-Provence\" \/>\n<meta property=\"article:modified_time\" content=\"2025-03-06T10:20:22+00:00\" \/>\n<meta name=\"twitter:card\" content=\"summary_large_image\" \/>\n<meta name=\"twitter:label1\" content=\"Est. reading time\" \/>\n\t<meta name=\"twitter:data1\" content=\"9 minutos\" \/>\n<script type=\"application\/ld+json\" class=\"yoast-schema-graph\">{\"@context\":\"https:\/\/schema.org\",\"@graph\":[{\"@type\":\"WebPage\",\"@id\":\"https:\/\/www.camping-aix-en-provence.com\/es\/que-faire-a-aix-en-provence\/\",\"url\":\"https:\/\/www.camping-aix-en-provence.com\/es\/que-faire-a-aix-en-provence\/\",\"name\":\"Que faire \u00e0 Aix-en-Provence ? Visites et randonn\u00e9es\",\"isPartOf\":{\"@id\":\"https:\/\/www.camping-aix-en-provence.com\/es\/#website\"},\"datePublished\":\"2025-02-19T10:24:27+00:00\",\"dateModified\":\"2025-03-06T10:20:22+00:00\",\"description\":\"D\u00e9couvrez les meilleures choses \u00e0 faire \u00e0 Aix-en-Provence : festivals, visites de monuments et mus\u00e9es, ainsi que des randonn\u00e9es \u00e0 la montagne Sainte-Victoire.\",\"breadcrumb\":{\"@id\":\"https:\/\/www.camping-aix-en-provence.com\/es\/que-faire-a-aix-en-provence\/#breadcrumb\"},\"inLanguage\":\"es\",\"potentialAction\":[{\"@type\":\"ReadAction\",\"target\":[\"https:\/\/www.camping-aix-en-provence.com\/es\/que-faire-a-aix-en-provence\/\"]}]},{\"@type\":\"BreadcrumbList\",\"@id\":\"https:\/\/www.camping-aix-en-provence.com\/es\/que-faire-a-aix-en-provence\/#breadcrumb\",\"itemListElement\":[{\"@type\":\"ListItem\",\"position\":1,\"name\":\"Home\",\"item\":\"https:\/\/www.camping-aix-en-provence.com\/es\/\"},{\"@type\":\"ListItem\",\"position\":2,\"name\":\"Que faire \u00e0 Aix-en-Provence\"}]},{\"@type\":\"WebSite\",\"@id\":\"https:\/\/www.camping-aix-en-provence.com\/es\/#website\",\"url\":\"https:\/\/www.camping-aix-en-provence.com\/es\/\",\"name\":\"Aix-en-Provence\",\"description\":\"\",\"potentialAction\":[{\"@type\":\"SearchAction\",\"target\":{\"@type\":\"EntryPoint\",\"urlTemplate\":\"https:\/\/www.camping-aix-en-provence.com\/es\/?s={search_term_string}\"},\"query-input\":{\"@type\":\"PropertyValueSpecification\",\"valueRequired\":true,\"valueName\":\"search_term_string\"}}],\"inLanguage\":\"es\"}]}<\/script>\n<!-- \/ Yoast SEO plugin. -->","yoast_head_json":{"title":"Que faire \u00e0 Aix-en-Provence ? Visites et randonn\u00e9es","description":"D\u00e9couvrez les meilleures choses \u00e0 faire \u00e0 Aix-en-Provence : festivals, visites de monuments et mus\u00e9es, ainsi que des randonn\u00e9es \u00e0 la montagne Sainte-Victoire.","robots":{"index":"index","follow":"follow","max-snippet":"max-snippet:-1","max-image-preview":"max-image-preview:large","max-video-preview":"max-video-preview:-1"},"canonical":"https:\/\/www.camping-aix-en-provence.com\/es\/que-faire-a-aix-en-provence\/","og_locale":"es_ES","og_type":"article","og_title":"Que faire \u00e0 Aix-en-Provence ? Visites et randonn\u00e9es","og_description":"D\u00e9couvrez les meilleures choses \u00e0 faire \u00e0 Aix-en-Provence : festivals, visites de monuments et mus\u00e9es, ainsi que des randonn\u00e9es \u00e0 la montagne Sainte-Victoire.","og_url":"https:\/\/www.camping-aix-en-provence.com\/es\/que-faire-a-aix-en-provence\/","og_site_name":"Aix-en-Provence","article_modified_time":"2025-03-06T10:20:22+00:00","twitter_card":"summary_large_image","twitter_misc":{"Est. reading time":"9 minutos"},"schema":{"@context":"https:\/\/schema.org","@graph":[{"@type":"WebPage","@id":"https:\/\/www.camping-aix-en-provence.com\/es\/que-faire-a-aix-en-provence\/","url":"https:\/\/www.camping-aix-en-provence.com\/es\/que-faire-a-aix-en-provence\/","name":"Que faire \u00e0 Aix-en-Provence ? Visites et randonn\u00e9es","isPartOf":{"@id":"https:\/\/www.camping-aix-en-provence.com\/es\/#website"},"datePublished":"2025-02-19T10:24:27+00:00","dateModified":"2025-03-06T10:20:22+00:00","description":"D\u00e9couvrez les meilleures choses \u00e0 faire \u00e0 Aix-en-Provence : festivals, visites de monuments et mus\u00e9es, ainsi que des randonn\u00e9es \u00e0 la montagne Sainte-Victoire.","breadcrumb":{"@id":"https:\/\/www.camping-aix-en-provence.com\/es\/que-faire-a-aix-en-provence\/#breadcrumb"},"inLanguage":"es","potentialAction":[{"@type":"ReadAction","target":["https:\/\/www.camping-aix-en-provence.com\/es\/que-faire-a-aix-en-provence\/"]}]},{"@type":"BreadcrumbList","@id":"https:\/\/www.camping-aix-en-provence.com\/es\/que-faire-a-aix-en-provence\/#breadcrumb","itemListElement":[{"@type":"ListItem","position":1,"name":"Home","item":"https:\/\/www.camping-aix-en-provence.com\/es\/"},{"@type":"ListItem","position":2,"name":"Que faire \u00e0 Aix-en-Provence"}]},{"@type":"WebSite","@id":"https:\/\/www.camping-aix-en-provence.com\/es\/#website","url":"https:\/\/www.camping-aix-en-provence.com\/es\/","name":"Aix-en-Provence","description":"","potentialAction":[{"@type":"SearchAction","target":{"@type":"EntryPoint","urlTemplate":"https:\/\/www.camping-aix-en-provence.com\/es\/?s={search_term_string}"},"query-input":{"@type":"PropertyValueSpecification","valueRequired":true,"valueName":"search_term_string"}}],"inLanguage":"es"}]}},"_links":{"self":[{"href":"https:\/\/www.camping-aix-en-provence.com\/es\/wp-json\/wp\/v2\/pages\/3481","targetHints":{"allow":["GET"]}}],"collection":[{"href":"https:\/\/www.camping-aix-en-provence.com\/es\/wp-json\/wp\/v2\/pages"}],"about":[{"href":"https:\/\/www.camping-aix-en-provence.com\/es\/wp-json\/wp\/v2\/types\/page"}],"author":[{"embeddable":true,"href":"https:\/\/www.camping-aix-en-provence.com\/es\/wp-json\/wp\/v2\/users\/48"}],"replies":[{"embeddable":true,"href":"https:\/\/www.camping-aix-en-provence.com\/es\/wp-json\/wp\/v2\/comments?post=3481"}],"version-history":[{"count":1,"href":"https:\/\/www.camping-aix-en-provence.com\/es\/wp-json\/wp\/v2\/pages\/3481\/revisions"}],"predecessor-version":[{"id":3486,"href":"https:\/\/www.camping-aix-en-provence.com\/es\/wp-json\/wp\/v2\/pages\/3481\/revisions\/3486"}],"wp:attachment":[{"href":"https:\/\/www.camping-aix-en-provence.com\/es\/wp-json\/wp\/v2\/media?parent=3481"}],"curies":[{"name":"wp","href":"https:\/\/api.w.org\/{rel}","templated":true}]}}