{"id":1981,"date":"2024-04-26T15:21:07","date_gmt":"2024-04-26T13:21:07","guid":{"rendered":"https:\/\/www.citykamp.com\/aix-en-provence\/home\/"},"modified":"2026-05-06T13:02:24","modified_gmt":"2026-05-06T11:02:24","slug":"home","status":"publish","type":"page","link":"https:\/\/www.camping-aix-en-provence.com\/it\/","title":{"rendered":"Home"},"content":{"rendered":"<div class=\"wpb-content-wrapper\"><p>[vc_row][vc_column]<div class=\"wrappedcontent\">[vc_empty_space height=&#8221;15px&#8221;][vc_column_text css=&#8221;&#8221;]<\/p>\n<p style=\"text-align: center;\"><strong><span style=\"font-size: 28pt;\"><span style=\"color: #e84e1b;\">CAMPING AIX-EN-PROVENCE<br \/>\nLE TUE VACANZE NELLA NATURA DI FRONTE ALLA MONTAGNA DELLA SAINTE-VICTOIRE<\/span><\/span><\/strong><\/p>\n<p>[\/vc_column_text][vc_empty_space][vc_column_text css=&#8221;.vc_custom_1741251404174{margin-left: -0.5px !important;}&#8221;]<\/p>\n<h2 style=\"text-align: center;\">A due passi dal centro citt\u00e0 di Aix-en-Provence, il tuo soggiorno con tutti i comfort!<\/h2>\n<p>[\/vc_column_text]<\/div>[\/vc_column][\/vc_row][vc_row css=&#8221;.vc_custom_1732033007931{margin-left: -0.5px !important;}&#8221;][vc_column]<div class=\"wrappedcontent\">[vc_row_inner gap=&#8221;35&#8243; css=&#8221;.vc_custom_1732790938571{margin-left: -0.5px !important;}&#8221;][vc_column_inner width=&#8221;1\/2&#8243;][vc_images_carousel images=&#8221;4572,4578,4584,4590,4596,4602,4608,4614,4620,4626,4632&#8243; img_size=&#8221;600*500&#8243; onclick=&#8221;link_no&#8221; wrap=&#8221;yes&#8221; css=&#8221;&#8221;][\/vc_column_inner][vc_column_inner width=&#8221;1\/2&#8243;][vc_column_text css=&#8221;&#8221;]<\/p>\n<p style=\"text-align: left;\">Che tu sia in viaggio in tenda, van, camper o roulotte, avrai a disposizione <span style=\"text-decoration: underline;\"><a href=\"https:\/\/www.camping-aix-en-provence.com\/it\/piazzole\/\">piazzole<\/a><\/span> spaziose e ombreggiate alle porte della citt\u00e0. Cerchi comfort e originalit\u00e0? Scegli i nostri comodi <a href=\"https:\/\/www.camping-aix-en-provence.com\/it\/alloggi\/\"><span style=\"text-decoration: underline;\">alloggi<\/span><\/a> in tela e legno, gli chalet o le roulotte, pensati per offrirti un\u2019esperienza unica nel cuore di Aix-en-Provence!<br \/>\nSul posto, abbiamo pensato a tutto per facilitare il tuo soggiorno: piscina, colazione, biciclette a noleggio&#8230; in un contesto che unisce praticit\u00e0 e comfort. \u00c8 il luogo ideale per un city\u00a0break nel cuore della Provenza, da vivere in coppia, tra amici o in famiglia, <span style=\"text-decoration: underline;\"><a href=\"https:\/\/www.camping-aix-en-provence.com\/it\/professionisti-aziende\/\">ma perfetto anche per i viaggi di lavoro<\/a><\/span> ad Aix o a Marsiglia!<\/p>\n<p style=\"text-align: left;\">Dal campeggio, potrai raggiungere facilmente Aix-en-Provence e apprezzare le sue vivaci stradine, i mercati provenzali e l\u2019atmosfera calorosa.<br \/>\nHai voglia di una pausa pi\u00f9 dinamica tra le vie di una grande citt\u00e0? Marsiglia \u00e8 facilmente raggiungibile con i trasporti pubblici o in auto, per trascorrere una giornata tra cultura, spiagge e Porto Vecchio!<\/p>\n<p style=\"text-align: left;\">Il campeggio \u00e8 il punto di partenza ideale anche per esplorare l\u2019imponente Montagna della Sainte-Victoire, un luogo emblematico che offre tanti percorsi da trekking e panorami mozzafiato.<\/p>\n<p style=\"text-align: left;\">Lascia l\u2019auto nel parcheggio gratuito e protetto del campeggio e raggiungi rapidamente il centro citt\u00e0 di Aix-en-Provence in autobus o in bicicletta! <strong>\u00a0<\/strong><a href=\"https:\/\/www.google.fr\/maps\/dir\/Camping+Aix-en-Provence,+41+Av.+du+Val+Saint-Andr%C3%A9,+13100+Aix-en-Provence\/Aix-en-Provence\/@43.523859,5.4524024,15z\/data=!3m1!4b1!4m14!4m13!1m5!1m1!1s0x12c98d2d2ebe32ad:0xbe132ea8120426a0!2m2!1d5.474435!2d43.5153951!1m5!1m1!1s0x12c98da304b91259:0x5cb953bec8b688a3!2m2!1d5.4509692!2d43.5323032!3e0?entry=tts&amp;g_ep=EgoyMDI1MDIxMi4wKgBIAVAD\" target=\"_blank\" rel=\"noopener\"><span style=\"text-decoration: underline;\">Guarda l\u2019itinerario qui.<\/span><\/a><\/p>\n<p>[\/vc_column_text][\/vc_column_inner][\/vc_row_inner][vc_row_inner gap=&#8221;35&#8243; css=&#8221;.vc_custom_1732033127703{margin-left: -0.5px !important;}&#8221;][vc_column_inner][vc_empty_space]<div class=\"text-center btnwrap\"><a class=\"btn btn-huttopia-cta\" href=\"https:\/\/checkout.citykamp.com\/965\/it\/\" role=\"button\" target=\"true\" onclick=\"dataLayer.push({'event':'clickCity', 'clickText':'Prenota'})\">Prenota<\/a><\/div>[\/vc_column_inner][\/vc_row_inner]<\/div>[\/vc_column][\/vc_row][vc_row css=&#8221;.vc_custom_1732032441154{margin-left: -0.5px !important;background-color: #E84E1B !important;}&#8221;][vc_column]<div class=\"wrappedcontent\">[vc_empty_space][vc_column_text css=&#8221;&#8221;]<\/p>\n<h3 style=\"text-align: center;\"><span style=\"color: #ffffff;\">A DISPOSIZIONE NEL CAMPEGGIO:<\/span><\/h3>\n<p>[\/vc_column_text][vc_empty_space height=&#8221;52px&#8221;][vc_row_inner][vc_column_inner width=&#8221;1\/4&#8243;][vc_icon icon_fontawesome=&#8221;fas fa-parking&#8221; color=&#8221;white&#8221; align=&#8221;center&#8221; css=&#8221;&#8221;][vc_column_text css=&#8221;&#8221;]<\/p>\n<p style=\"text-align: center;\"><span style=\"color: #ffffff;\">Parcheggio gratuito e protetto<\/span><\/p>\n<p>[\/vc_column_text][\/vc_column_inner][vc_column_inner width=&#8221;1\/4&#8243;][vc_icon icon_fontawesome=&#8221;fas fa-coffee&#8221; color=&#8221;white&#8221; align=&#8221;center&#8221; css=&#8221;&#8221;][vc_column_text css=&#8221;&#8221;]<\/p>\n<p style=\"text-align: center;\"><span style=\"color: #ffffff;\">Caff\u00e8 e brioche<\/span><\/p>\n<p>[\/vc_column_text][\/vc_column_inner][vc_column_inner width=&#8221;1\/4&#8243;][vc_icon icon_fontawesome=&#8221;fas fa-bed&#8221; color=&#8221;white&#8221; align=&#8221;center&#8221; css=&#8221;&#8221;][vc_column_text css=&#8221;&#8221;]<\/p>\n<p style=\"text-align: center;\"><span style=\"color: #ffffff;\">Formula alberghiera<\/span><\/p>\n<p>[\/vc_column_text][\/vc_column_inner][vc_column_inner width=&#8221;1\/4&#8243;][vc_icon icon_fontawesome=&#8221;far fa-clock&#8221; color=&#8221;white&#8221; align=&#8221;center&#8221; css=&#8221;&#8221;][vc_column_text css=&#8221;&#8221;]<\/p>\n<p style=\"text-align: center;\"><span style=\"color: #ffffff;\">Reception aperta 7\/7<br \/>\nMultilingue<\/span><\/p>\n<p>[\/vc_column_text][\/vc_column_inner][\/vc_row_inner]<\/div>[vc_empty_space][\/vc_column][\/vc_row][vc_row css=&#8221;.vc_custom_1715764984968{background-color: #f4f4f4 !important;}&#8221;][vc_column]<div class=\"wrappedcontent\">[vc_empty_space][vc_column_text css=&#8221;&#8221;]<\/p>\n<h2 style=\"text-align: center;\"><strong>Come raggiungere il centro citt\u00e0 di Aix-en-Provence?<\/strong><\/h2>\n<p>[\/vc_column_text][vc_empty_space][vc_row_inner gap=&#8221;35&#8243; css=&#8221;.vc_custom_1715765008032{margin-left: -0.5px !important;}&#8221;][vc_column_inner width=&#8221;1\/3&#8243;][vc_single_image image=&#8221;2305&#8243; img_size=&#8221;71*71&#8243; alignment=&#8221;center&#8221;][vc_empty_space][vc_column_text css=&#8221;&#8221;]<\/p>\n<p style=\"text-align: center;\"><strong>Autobus<\/strong><\/p>\n<p style=\"text-align: center;\">Fermata dell\u2019autobus a 5 minuti a piedi dal campeggio, poi 25 minuti di viaggio<\/p>\n<p>[\/vc_column_text][\/vc_column_inner][vc_column_inner width=&#8221;1\/3&#8243;][vc_single_image image=&#8221;2306&#8243; img_size=&#8221;71*71&#8243; alignment=&#8221;center&#8221;][vc_empty_space][vc_column_text css=&#8221;&#8221;]<\/p>\n<p style=\"text-align: center;\"><strong>A piedi<\/strong><\/p>\n<p style=\"text-align: center;\">40 minuti dal campeggio<\/p>\n<p>[\/vc_column_text][\/vc_column_inner][vc_column_inner width=&#8221;1\/3&#8243;][vc_single_image image=&#8221;2307&#8243; img_size=&#8221;71*71&#8243; alignment=&#8221;center&#8221;][vc_empty_space][vc_column_text css=&#8221;&#8221;]<\/p>\n<p style=\"text-align: center;\"><strong>In bicicletta<\/strong><\/p>\n<p style=\"text-align: center;\">10 minuti dal campeggio<\/p>\n<p>[\/vc_column_text][\/vc_column_inner][\/vc_row_inner][vc_empty_space][vc_column_text css=&#8221;&#8221;]<\/p>\n<p style=\"text-align: center;\"><a href=\"https:\/\/www.google.fr\/maps\/dir\/Camping+Aix-en-Provence,+41+Av.+du+Val+Saint-Andr%C3%A9,+13100+Aix-en-Provence\/Aix-en-Provence\/@43.523859,5.4524024,15z\/data=!3m1!4b1!4m14!4m13!1m5!1m1!1s0x12c98d2d2ebe32ad:0xbe132ea8120426a0!2m2!1d5.474435!2d43.5153951!1m5!1m1!1s0x12c98da304b91259:0x5cb953bec8b688a3!2m2!1d5.4509692!2d43.5323032!3e0?entry=tts&amp;g_ep=EgoyMDI1MDIxMi4wKgBIAVAD\"><span style=\"text-decoration: underline;\">Vedi l\u2019itinerario<\/span><\/a><\/p>\n<p>[\/vc_column_text]<\/div>[\/vc_column][\/vc_row][vc_row][vc_column]<div class=\"wrappedcontent\">[vc_empty_space][vc_column_text css=&#8221;&#8221;]<\/p>\n<h2 style=\"text-align: center;\"><strong>Come arrivare a Marsiglia dal Camping Aix-en-Provence?<\/strong><\/h2>\n<p>[\/vc_column_text][vc_empty_space][vc_row_inner gap=&#8221;35&#8243; css=&#8221;.vc_custom_1715765008032{margin-left: -0.5px !important;}&#8221;][vc_column_inner width=&#8221;1\/3&#8243;][vc_single_image image=&#8221;1991&#8243; img_size=&#8221;71*71&#8243; alignment=&#8221;center&#8221; css=&#8221;&#8221;][vc_empty_space][vc_column_text css=&#8221;&#8221;]<\/p>\n<p style=\"text-align: center;\"><strong>Auto<\/strong><\/p>\n<p style=\"text-align: center;\">40 minuti dal campeggio a Marsiglia<\/p>\n<p>[\/vc_column_text][\/vc_column_inner][vc_column_inner width=&#8221;1\/3&#8243;][vc_single_image image=&#8221;1992&#8243; img_size=&#8221;71*71&#8243; alignment=&#8221;center&#8221; css=&#8221;&#8221;][vc_empty_space][vc_column_text css=&#8221;&#8221;]<\/p>\n<p style=\"text-align: center;\"><strong>Treno<\/strong><\/p>\n<p style=\"text-align: center;\">45 minuti in TER (treno regionale) dalla stazione del centro citt\u00e0 di Aix-en-Provence, che si trova a 15 minuti in auto dal campeggio<\/p>\n<p>[\/vc_column_text][\/vc_column_inner][vc_column_inner width=&#8221;1\/3&#8243;][vc_single_image image=&#8221;1990&#8243; img_size=&#8221;71*71&#8243; alignment=&#8221;center&#8221; css=&#8221;&#8221;][vc_empty_space][vc_column_text css=&#8221;&#8221;]<\/p>\n<p style=\"text-align: center;\"><strong>Autobus<\/strong><\/p>\n<p style=\"text-align: center;\">Fermata dell\u2019autobus a 20 minuti a piedi dal campeggio, poi 45 minuti di viaggio<\/p>\n<p>[\/vc_column_text][\/vc_column_inner][\/vc_row_inner][vc_empty_space][vc_column_text css=&#8221;&#8221;]<\/p>\n<p style=\"text-align: center;\"><a href=\"https:\/\/www.google.fr\/maps\/dir\/Camping+Aix-en-Provence,+41+Av.+du+Val+Saint-Andr%C3%A9,+13100+Aix-en-Provence\/Marseille\/@43.4114304,5.2478062,11z\/data=!3m1!4b1!4m14!4m13!1m5!1m1!1s0x12c98d2d2ebe32ad:0xbe132ea8120426a0!2m2!1d5.474435!2d43.5153951!1m5!1m1!1s0x12c9bf4344da5333:0x40819a5fd970220!2m2!1d5.3690743!2d43.3025742!3e0?entry=tts&amp;g_ep=EgoyMDI1MDIxMi4wKgBIAVAD\"><span style=\"text-decoration: underline;\">Vedi l\u2019itinerario<\/span><\/a><\/p>\n<p>[\/vc_column_text][vc_empty_space]<\/div>[\/vc_column][\/vc_row][vc_row][vc_column]\n    <div id=\"map467303\" class=\"map\"><\/div>\n    <script type=\"text\/javascript\">\n        let iconType = L.icon({\n            iconUrl: baseDirectory + '\/img\/pin.png',\n            iconSize: [22, 48],\n            iconAnchor: [11, 46],\n            popupAnchor: [0, -46]\n        });\n        let map = L.map('map467303', {\n            center: L.latLng(43.517791748046875, 5.467939376831055),\n            zoom: 10.8,\n            layers: [L.tileLayer('https:\/\/cartodb-basemaps-b.global.ssl.fastly.net\/light_all\/{z}\/{x}\/{y}.png', {\n                attribution: '&copy; <a href=\"https:\/\/www.openstreetmap.org\/copyright\">OpenStreetMap<\/a>'\n            })],\n            zoomSnap: 0.2\n        });\n        setTimeout(map.invalidateSize.bind(map), 100);\n        let contentString = '<div id=\"content\">' +\n            '<div id=\"siteNotice\">' +\n            '<\/div>' +\n            '<h4 id=\"firstHeading\" class=\"firstHeading\">Camping d\\'Aix-en-Provence<\/h4>' +\n            '<div id=\"bodyContent\">' +\n            '<p><\/p>' +\n            '<p>41 Av. du Val Saint-Andr\u00e9, 13100 Aix-en-Provence<\/p>' +\n            '<\/div>' +\n            '<\/div>';\n        let marker = L.marker([43.517791748046875, 5.467939376831055], {icon: iconType}).addTo(map);\n        marker.bindPopup(contentString).openPopup();\n        let iwOuter = document.querySelector('.leaflet-popup-content-wrapper');\n        let iwArrow = document.querySelector('.leaflet-popup-tip');\n        iwOuter.style.backgroundColor = '#E84E1B';\n        iwArrow.style.backgroundColor = '#E84E1B';\n    <\/script>\n    [\/vc_column][\/vc_row][vc_row][vc_column][vc_empty_space]<div class=\"wrappedcontent\">[vc_row_inner][vc_column_inner width=&#8221;1\/3&#8243;][vc_icon icon_fontawesome=&#8221;fas fa-map&#8221; color=&#8221;custom&#8221; size=&#8221;lg&#8221; align=&#8221;center&#8221; css=&#8221;.vc_custom_1737021767526{margin-bottom: -10px !important;padding-top: 15px !important;}&#8221; custom_color=&#8221;#E84E1B&#8221; link=&#8221;url:https%3A%2F%2Fmedia.huttopia.com%2Fdestinations%2Faix-en-provence%2Fplan-camping-aix-en-provence.pdf|target:_blank&#8221;][vc_empty_space][vc_column_text css=&#8221;&#8221;]<\/p>\n<p style=\"text-align: center;\">Mappa del campeggio<\/p>\n<p>[\/vc_column_text][\/vc_column_inner][vc_column_inner width=&#8221;1\/3&#8243;][vc_icon icon_fontawesome=&#8221;far fa-envelope&#8221; color=&#8221;custom&#8221; size=&#8221;lg&#8221; align=&#8221;center&#8221; css=&#8221;.vc_custom_1734946809116{margin-bottom: -10px !important;padding-top: 15px !important;}&#8221; custom_color=&#8221;#E84E1B&#8221; link=&#8221;url:https%3A%2F%2Fwww.camping-aix-en-provence.com%2Fcontact%2F|target:_blank&#8221;][vc_empty_space][vc_column_text css=&#8221;&#8221;]<\/p>\n<p style=\"text-align: center;\">Contatti<\/p>\n<p>[\/vc_column_text][\/vc_column_inner][vc_column_inner width=&#8221;1\/3&#8243;][vc_icon icon_fontawesome=&#8221;fas fa-map-marker-alt&#8221; color=&#8221;custom&#8221; size=&#8221;lg&#8221; align=&#8221;center&#8221; css=&#8221;.vc_custom_1732032102741{margin-bottom: -10px !important;padding-top: 15px !important;}&#8221; custom_color=&#8221;#E84E1B&#8221; link=&#8221;url:https%3A%2F%2Fmaps.app.goo.gl%2Fz6XeL4pF9PBDk1yGA|target:_blank&#8221;][vc_empty_space][vc_column_text css=&#8221;&#8221;]<\/p>\n<p style=\"text-align: center;\">Itinerario<\/p>\n<p>[\/vc_column_text][\/vc_column_inner][\/vc_row_inner][vc_empty_space]<\/div>[\/vc_column][\/vc_row][vc_row css=&#8221;.vc_custom_1731920483729{margin-left: -0.5px !important;background-color: #E84E1B !important;}&#8221;][vc_column]<div class=\"wrappedcontent\">[vc_empty_space][vc_row_inner][vc_column_inner width=&#8221;1\/4&#8243;][vc_icon icon_fontawesome=&#8221;far fa-star&#8221; color=&#8221;white&#8221; align=&#8221;center&#8221; css=&#8221;&#8221;][vc_column_text css=&#8221;&#8221;]<\/p>\n<p style=\"text-align: center;\">4 stelle<\/p>\n<p>[\/vc_column_text][\/vc_column_inner][vc_column_inner width=&#8221;1\/4&#8243;][vc_icon icon_fontawesome=&#8221;fas fa-leaf&#8221; color=&#8221;white&#8221; align=&#8221;center&#8221; css=&#8221;&#8221;][vc_column_text css=&#8221;&#8221;]<\/p>\n<p style=\"text-align: center;\"><span style=\"font-size: 13pt; color: #ffffff;\">10 ha<\/span><\/p>\n<p>[\/vc_column_text][\/vc_column_inner][vc_column_inner width=&#8221;1\/4&#8243;][vc_icon icon_fontawesome=&#8221;fas fa-home&#8221; color=&#8221;white&#8221; align=&#8221;center&#8221; css=&#8221;&#8221;][vc_column_text css=&#8221;&#8221;]<\/p>\n<p style=\"text-align: center;\"><span style=\"color: #ffffff;\">271 piazzole<\/span><\/p>\n<p>[\/vc_column_text][\/vc_column_inner][vc_column_inner width=&#8221;1\/4&#8243;][vc_icon icon_fontawesome=&#8221;fab fa-accessible-icon&#8221; color=&#8221;white&#8221; align=&#8221;center&#8221; css=&#8221;&#8221;][vc_column_text css=&#8221;&#8221;]<\/p>\n<p style=\"text-align: center;\"><span style=\"font-size: 13pt; color: #ffffff;\">Accessibile alle persone con mobilit\u00e0 ridotta<\/span><\/p>\n<p>[\/vc_column_text][\/vc_column_inner][\/vc_row_inner][vc_empty_space]<\/div>[\/vc_column][\/vc_row]<\/p>\n<\/div>","protected":false},"excerpt":{"rendered":"<p>[vc_row][vc_column][\/vc_column][\/vc_row][vc_row css=&#8221;.vc_custom_1732033007931{margin-left: -0.5px !important;}&#8221;][vc_column][\/vc_column][\/vc_row][vc_row css=&#8221;.vc_custom_1732032441154{margin-left: -0.5px !important;background-color: #E84E1B !important;}&#8221;][vc_column][vc_empty_space][\/vc_column][\/vc_row][vc_row css=&#8221;.vc_custom_1715764984968{background-color: #f4f4f4 !important;}&#8221;][vc_column][\/vc_column][\/vc_row][vc_row][vc_column][\/vc_column][\/vc_row][vc_row][vc_column][\/vc_column][\/vc_row][vc_row][vc_column][vc_empty_space][\/vc_column][\/vc_row][vc_row css=&#8221;.vc_custom_1731920483729{margin-left: -0.5px !important;background-color: #E84E1B !important;}&#8221;][vc_column][\/vc_column][\/vc_row]<\/p>\n","protected":false},"author":4,"featured_media":4572,"parent":0,"menu_order":0,"comment_status":"closed","ping_status":"closed","template":"templates\/page-home.php","meta":{"footnotes":""},"class_list":["post-1981","page","type-page","status-publish","has-post-thumbnail","hentry"],"yoast_head":"<!-- This site is optimized with the Yoast SEO plugin v25.6 - https:\/\/yoast.com\/wordpress\/plugins\/seo\/ -->\n<title>Il campeggio Aix-en-Provence, vicino a Marseille<\/title>\n<meta name=\"description\" content=\"Scoprite il campeggio di Aix-en-Provence, a soli 10 minuti dal centro citt\u00e0, in un ambiente rilassante con vista sulla Montagne Sainte-Victoire.\" \/>\n<meta name=\"robots\" content=\"index, follow, max-snippet:-1, max-image-preview:large, max-video-preview:-1\" \/>\n<link rel=\"canonical\" href=\"https:\/\/www.camping-aix-en-provence.com\/it\/\" \/>\n<meta property=\"og:locale\" content=\"it_IT\" \/>\n<meta property=\"og:type\" content=\"article\" \/>\n<meta property=\"og:title\" content=\"Il campeggio Aix-en-Provence, vicino a Marseille\" \/>\n<meta property=\"og:description\" content=\"Scoprite il campeggio di Aix-en-Provence, a soli 10 minuti dal centro citt\u00e0, in un ambiente rilassante con vista sulla Montagne Sainte-Victoire.\" \/>\n<meta property=\"og:url\" content=\"https:\/\/www.camping-aix-en-provence.com\/it\/\" \/>\n<meta property=\"og:site_name\" content=\"Aix-en-Provence\" \/>\n<meta property=\"article:modified_time\" content=\"2026-05-06T11:02:24+00:00\" \/>\n<meta property=\"og:image\" content=\"https:\/\/www.camping-aix-en-provence.com\/uploads\/sites\/55\/2025\/08\/citykamp-aix-en-provence-1.jpg\" \/>\n\t<meta property=\"og:image:width\" content=\"600\" \/>\n\t<meta property=\"og:image:height\" content=\"500\" \/>\n\t<meta property=\"og:image:type\" content=\"image\/jpeg\" \/>\n<meta name=\"twitter:card\" content=\"summary_large_image\" \/>\n<meta name=\"twitter:label1\" content=\"Est. reading time\" \/>\n\t<meta name=\"twitter:data1\" content=\"7 minuti\" \/>\n<script type=\"application\/ld+json\" class=\"yoast-schema-graph\">{\"@context\":\"https:\/\/schema.org\",\"@graph\":[{\"@type\":\"WebPage\",\"@id\":\"https:\/\/www.camping-aix-en-provence.com\/it\/\",\"url\":\"https:\/\/www.camping-aix-en-provence.com\/it\/\",\"name\":\"Il campeggio Aix-en-Provence, vicino a Marseille\",\"isPartOf\":{\"@id\":\"https:\/\/www.camping-aix-en-provence.com\/it\/#website\"},\"primaryImageOfPage\":{\"@id\":\"https:\/\/www.camping-aix-en-provence.com\/it\/#primaryimage\"},\"image\":{\"@id\":\"https:\/\/www.camping-aix-en-provence.com\/it\/#primaryimage\"},\"thumbnailUrl\":\"https:\/\/www.camping-aix-en-provence.com\/uploads\/sites\/55\/2025\/08\/citykamp-aix-en-provence-1.jpg\",\"datePublished\":\"2024-04-26T13:21:07+00:00\",\"dateModified\":\"2026-05-06T11:02:24+00:00\",\"description\":\"Scoprite il campeggio di Aix-en-Provence, a soli 10 minuti dal centro citt\u00e0, in un ambiente rilassante con vista sulla Montagne Sainte-Victoire.\",\"breadcrumb\":{\"@id\":\"https:\/\/www.camping-aix-en-provence.com\/it\/#breadcrumb\"},\"inLanguage\":\"it-IT\",\"potentialAction\":[{\"@type\":\"ReadAction\",\"target\":[\"https:\/\/www.camping-aix-en-provence.com\/it\/\"]}]},{\"@type\":\"ImageObject\",\"inLanguage\":\"it-IT\",\"@id\":\"https:\/\/www.camping-aix-en-provence.com\/it\/#primaryimage\",\"url\":\"https:\/\/www.camping-aix-en-provence.com\/uploads\/sites\/55\/2025\/08\/citykamp-aix-en-provence-1.jpg\",\"contentUrl\":\"https:\/\/www.camping-aix-en-provence.com\/uploads\/sites\/55\/2025\/08\/citykamp-aix-en-provence-1.jpg\",\"width\":600,\"height\":500},{\"@type\":\"BreadcrumbList\",\"@id\":\"https:\/\/www.camping-aix-en-provence.com\/it\/#breadcrumb\",\"itemListElement\":[{\"@type\":\"ListItem\",\"position\":1,\"name\":\"Home\",\"item\":\"https:\/\/www.camping-aix-en-provence.com\/it\/\"},{\"@type\":\"ListItem\",\"position\":2,\"name\":\"Home\"}]},{\"@type\":\"WebSite\",\"@id\":\"https:\/\/www.camping-aix-en-provence.com\/it\/#website\",\"url\":\"https:\/\/www.camping-aix-en-provence.com\/it\/\",\"name\":\"Aix-en-Provence\",\"description\":\"\",\"potentialAction\":[{\"@type\":\"SearchAction\",\"target\":{\"@type\":\"EntryPoint\",\"urlTemplate\":\"https:\/\/www.camping-aix-en-provence.com\/it\/?s={search_term_string}\"},\"query-input\":{\"@type\":\"PropertyValueSpecification\",\"valueRequired\":true,\"valueName\":\"search_term_string\"}}],\"inLanguage\":\"it-IT\"}]}<\/script>\n<!-- \/ Yoast SEO plugin. -->","yoast_head_json":{"title":"Il campeggio Aix-en-Provence, vicino a Marseille","description":"Scoprite il campeggio di Aix-en-Provence, a soli 10 minuti dal centro citt\u00e0, in un ambiente rilassante con vista sulla Montagne Sainte-Victoire.","robots":{"index":"index","follow":"follow","max-snippet":"max-snippet:-1","max-image-preview":"max-image-preview:large","max-video-preview":"max-video-preview:-1"},"canonical":"https:\/\/www.camping-aix-en-provence.com\/it\/","og_locale":"it_IT","og_type":"article","og_title":"Il campeggio Aix-en-Provence, vicino a Marseille","og_description":"Scoprite il campeggio di Aix-en-Provence, a soli 10 minuti dal centro citt\u00e0, in un ambiente rilassante con vista sulla Montagne Sainte-Victoire.","og_url":"https:\/\/www.camping-aix-en-provence.com\/it\/","og_site_name":"Aix-en-Provence","article_modified_time":"2026-05-06T11:02:24+00:00","og_image":[{"width":600,"height":500,"url":"https:\/\/www.camping-aix-en-provence.com\/uploads\/sites\/55\/2025\/08\/citykamp-aix-en-provence-1.jpg","type":"image\/jpeg"}],"twitter_card":"summary_large_image","twitter_misc":{"Est. reading time":"7 minuti"},"schema":{"@context":"https:\/\/schema.org","@graph":[{"@type":"WebPage","@id":"https:\/\/www.camping-aix-en-provence.com\/it\/","url":"https:\/\/www.camping-aix-en-provence.com\/it\/","name":"Il campeggio Aix-en-Provence, vicino a Marseille","isPartOf":{"@id":"https:\/\/www.camping-aix-en-provence.com\/it\/#website"},"primaryImageOfPage":{"@id":"https:\/\/www.camping-aix-en-provence.com\/it\/#primaryimage"},"image":{"@id":"https:\/\/www.camping-aix-en-provence.com\/it\/#primaryimage"},"thumbnailUrl":"https:\/\/www.camping-aix-en-provence.com\/uploads\/sites\/55\/2025\/08\/citykamp-aix-en-provence-1.jpg","datePublished":"2024-04-26T13:21:07+00:00","dateModified":"2026-05-06T11:02:24+00:00","description":"Scoprite il campeggio di Aix-en-Provence, a soli 10 minuti dal centro citt\u00e0, in un ambiente rilassante con vista sulla Montagne Sainte-Victoire.","breadcrumb":{"@id":"https:\/\/www.camping-aix-en-provence.com\/it\/#breadcrumb"},"inLanguage":"it-IT","potentialAction":[{"@type":"ReadAction","target":["https:\/\/www.camping-aix-en-provence.com\/it\/"]}]},{"@type":"ImageObject","inLanguage":"it-IT","@id":"https:\/\/www.camping-aix-en-provence.com\/it\/#primaryimage","url":"https:\/\/www.camping-aix-en-provence.com\/uploads\/sites\/55\/2025\/08\/citykamp-aix-en-provence-1.jpg","contentUrl":"https:\/\/www.camping-aix-en-provence.com\/uploads\/sites\/55\/2025\/08\/citykamp-aix-en-provence-1.jpg","width":600,"height":500},{"@type":"BreadcrumbList","@id":"https:\/\/www.camping-aix-en-provence.com\/it\/#breadcrumb","itemListElement":[{"@type":"ListItem","position":1,"name":"Home","item":"https:\/\/www.camping-aix-en-provence.com\/it\/"},{"@type":"ListItem","position":2,"name":"Home"}]},{"@type":"WebSite","@id":"https:\/\/www.camping-aix-en-provence.com\/it\/#website","url":"https:\/\/www.camping-aix-en-provence.com\/it\/","name":"Aix-en-Provence","description":"","potentialAction":[{"@type":"SearchAction","target":{"@type":"EntryPoint","urlTemplate":"https:\/\/www.camping-aix-en-provence.com\/it\/?s={search_term_string}"},"query-input":{"@type":"PropertyValueSpecification","valueRequired":true,"valueName":"search_term_string"}}],"inLanguage":"it-IT"}]}},"_links":{"self":[{"href":"https:\/\/www.camping-aix-en-provence.com\/it\/wp-json\/wp\/v2\/pages\/1981","targetHints":{"allow":["GET"]}}],"collection":[{"href":"https:\/\/www.camping-aix-en-provence.com\/it\/wp-json\/wp\/v2\/pages"}],"about":[{"href":"https:\/\/www.camping-aix-en-provence.com\/it\/wp-json\/wp\/v2\/types\/page"}],"author":[{"embeddable":true,"href":"https:\/\/www.camping-aix-en-provence.com\/it\/wp-json\/wp\/v2\/users\/4"}],"replies":[{"embeddable":true,"href":"https:\/\/www.camping-aix-en-provence.com\/it\/wp-json\/wp\/v2\/comments?post=1981"}],"version-history":[{"count":4,"href":"https:\/\/www.camping-aix-en-provence.com\/it\/wp-json\/wp\/v2\/pages\/1981\/revisions"}],"predecessor-version":[{"id":5618,"href":"https:\/\/www.camping-aix-en-provence.com\/it\/wp-json\/wp\/v2\/pages\/1981\/revisions\/5618"}],"wp:featuredmedia":[{"embeddable":true,"href":"https:\/\/www.camping-aix-en-provence.com\/it\/wp-json\/wp\/v2\/media\/4572"}],"wp:attachment":[{"href":"https:\/\/www.camping-aix-en-provence.com\/it\/wp-json\/wp\/v2\/media?parent=1981"}],"curies":[{"name":"wp","href":"https:\/\/api.w.org\/{rel}","templated":true}]}}