{"id":956,"date":"2024-05-29T09:56:06","date_gmt":"2024-05-29T07:56:06","guid":{"rendered":"https:\/\/www.citykamp.com\/aix-en-provence\/infos-pratiques\/"},"modified":"2026-04-01T09:50:47","modified_gmt":"2026-04-01T07:50:47","slug":"mijn-verblijf","status":"publish","type":"page","link":"https:\/\/www.camping-aix-en-provence.com\/nl\/mijn-verblijf\/","title":{"rendered":"Mijn verblijf"},"content":{"rendered":"<div class=\"wpb-content-wrapper\"><p>[vc_row css=&#8221;.vc_custom_1732016153854{margin-left: -0.5px !important;background-color: #E84E1B33 !important;}&#8221;][vc_column]<div class=\"wrappedcontent\">[vc_empty_space height=&#8221;40px&#8221;][vc_column_text css=&#8221;&#8221;]<\/p>\n<h2 style=\"text-align: center;\"><span style=\"font-size: 24pt;\"><strong>ALLE PRAKTISCHE INFORMATIE VOOR UW VERBLIJF<\/strong><\/span><\/h2>\n<p>[\/vc_column_text][vc_empty_space]<\/div>[\/vc_column][\/vc_row][vc_row css=&#8221;.vc_custom_1732015838851{margin-left: -0.5px !important;}&#8221;][vc_column]<div class=\"wrappedcontent\">[vc_row_inner gap=&#8221;35&#8243; css=&#8221;.vc_custom_1716969395572{margin-left: -0.5px !important;}&#8221;][vc_column_inner width=&#8221;1\/2&#8243;][vc_single_image image=&#8221;1667&#8243; img_size=&#8221;71*71&#8243; alignment=&#8221;center&#8221; css=&#8221;&#8221;][vc_empty_space][vc_column_text css=&#8221;&#8221;]<\/p>\n<h2 style=\"text-align: center;\"><strong>Mijn verblijf op een kampeerplaats<\/strong><\/h2>\n<p>[\/vc_column_text][vc_empty_space height=&#8221;35px&#8221;][vc_column_text css=&#8221;&#8221;]<span style=\"font-size: 14pt;\"><strong>Wat is inbegrepen bij mijn camping boeking?\u00a0<\/strong><\/span><\/p>\n<ul>\n<li>2 personen, 1 tent of caravan, 1 voertuig (1 auto of motor), OF 1 camper\/van<\/li>\n<li>Een Camper-servicepunt<\/li>\n<li>Elektriciteit (neem uw eigen adapter mee), behalve voor de natuur-staanplaatsen.<\/li>\n<li>Wifi<\/li>\n<\/ul>\n<p><span style=\"font-size: 12pt;\"><b>\u00a0 \u00a0 \u00a0Met als extra\u2019s:<\/b><\/span><\/p>\n<ul>\n<li>Maximaal zes personen (volwassenen, kinderen, baby\u2019s) per staanplaats<\/li>\n<li>1 klein extra tentje (2\u00a0m\u00a0x\u00a02\u00a0m)<\/li>\n<\/ul>\n<p><span style=\"font-size: 14pt;\"><strong>Betalingsvoorwaarden<\/strong><\/span><\/p>\n<ul>\n<li><span style=\"font-size: 12pt;\">Voor drie nachten en meer: aanbetaling van 40% bij reservering, betaling van het resterende bedrag \u00e9\u00e9n maand v\u00f3\u00f3r de aankomstdatum. Voor \u00e9\u00e9n of twee nachten: betaling van het volledige bedrag van het verblijf bij reservering.<\/span><\/li>\n<\/ul>\n<p><strong>Wijzigen:<\/strong> tot 30 dagen voor aankomst<br \/>\n<strong>Annuleren:<\/strong> tot 30 dagen voor aankomst tegen kosten: aanbetaling van 40% van het bedrag van het verblijf + afsluiten van de verzekering + reserveringskosten. Minder dan 30 dagen voor aankomst kan uw verblijf niet worden terugbetaald.<\/p>\n<p><span style=\"font-size: 14pt;\"><strong>Aankomst- en vertrektijden<\/strong><\/span><br \/>\n<span style=\"font-size: 12pt;\">Aankomsttijd: 14.00 uur \/ Vertrektijd: 12.00 uur<\/span>[\/vc_column_text][\/vc_column_inner][vc_column_inner width=&#8221;1\/2&#8243;][vc_single_image image=&#8221;1661&#8243; img_size=&#8221;71*71&#8243; alignment=&#8221;center&#8221; css=&#8221;&#8221;][vc_empty_space][vc_column_text css=&#8221;&#8221;]<\/p>\n<h2 style=\"text-align: center;\"><strong>Mijn verblijf in een accommodatie<\/strong><\/h2>\n<p>[\/vc_column_text][vc_empty_space height=&#8221;35px&#8221;][vc_column_text css=&#8221;&#8221;]<span style=\"font-size: 14pt;\"><strong>Wat is inbegrepen bij mijn accommodatie?<\/strong><\/span><\/p>\n<ul>\n<li>Huishoudkit (spons, afwasmiddel, multireiniger)<\/li>\n<li>Dekens en kussens<\/li>\n<li>Elektriciteit<\/li>\n<li>Parkeerplek voor een voertuig<\/li>\n<li>Lakens en handdoeken<\/li>\n<li>Airconditioning (behalve Sweet Tent, die heeft een ventilator)<\/li>\n<li>Wifi<\/li>\n<\/ul>\n<p><span style=\"font-size: 12pt;\"><b>\u00a0 \u00a0 \u00a0 Met als extra\u2019s:<\/b><\/span><\/p>\n<ul>\n<li>Eindschoonmaak<\/li>\n<li>Opgemaakte bedden bij aankomst<\/li>\n<\/ul>\n<p><span style=\"font-size: 12pt;\"><span style=\"font-size: 14pt;\"><strong>Betaalvoorwaarden<\/strong><\/span><\/span><\/p>\n<p><span style=\"font-size: 12pt;\">Aanbetaling van 40% bij reservering, betaling van het resterende bedrag \u00e9\u00e9n maand v\u00f3\u00f3r de aankomstdatum.<\/span><\/p>\n<p><strong>Wijzigen:<\/strong> tot 30 dagen voor aankomst<br \/>\n<strong>Annuleren:<\/strong> tot 30 dagen voor aankomst tegen kosten:<br \/>\naanbetaling van 40% van het bedrag van het verblijf + afsluiten van de verzekering + reserveringskosten. Minder dan 30 dagen voor aankomst kan uw verblijf niet worden terugbetaald.<\/p>\n<p><span style=\"font-size: 14pt;\"><strong>Aankomst- en vertrektijden<\/strong><\/span><br \/>\n\u2014 Aankomsttijd: 15.00 uur<br \/>\n\u2014 Vertrektijd: 10.00 uur<\/p>\n<p><span style=\"font-size: 12pt;\">Om de rust van onze gasten te waarborgen is \u00e9\u00e9n voertuig per accommodatie toegestaan op de camping (op de parkeerplaats of op de staanplaats). Alle extra voertuigen moeten buiten de camping worden geparkeerd.<\/span>[\/vc_column_text][\/vc_column_inner][\/vc_row_inner]<\/div>[\/vc_column][\/vc_row][vc_row css=&#8221;.vc_custom_1732015822715{margin-left: -0.5px !important;}&#8221;][vc_column]<div class=\"wrappedcontent\">[vc_empty_space height=&#8221;15px&#8221;][vc_column_text css=&#8221;&#8221;]<\/p>\n<h3 style=\"text-align: center;\">EXTRA DIENSTEN<\/h3>\n<p>[\/vc_column_text][vc_empty_space height=&#8221;52px&#8221;][vc_row_inner css=&#8221;.vc_custom_1732015829707{margin-left: -0.5px !important;}&#8221;][vc_column_inner width=&#8221;1\/5&#8243;][vc_single_image image=&#8221;1493&#8243; img_size=&#8221;71*71&#8243; alignment=&#8221;center&#8221; css=&#8221;&#8221;][vc_empty_space][vc_column_text css=&#8221;&#8221;]<\/p>\n<p style=\"text-align: center;\"><strong>Babykit<br \/>\n(vouwbedje + kinderstoel)<\/strong><\/p>\n<p>[\/vc_column_text][\/vc_column_inner][vc_column_inner width=&#8221;1\/5&#8243;][vc_single_image image=&#8221;1489&#8243; img_size=&#8221;71*71&#8243; alignment=&#8221;center&#8221; css=&#8221;&#8221;][vc_empty_space][vc_column_text css=&#8221;&#8221;]<\/p>\n<p style=\"text-align: center;\"><strong>Wasserette<\/strong><strong><br \/>\n<\/strong><\/p>\n<p>[\/vc_column_text][\/vc_column_inner][vc_column_inner width=&#8221;1\/5&#8243;][vc_single_image image=&#8221;1485&#8243; img_size=&#8221;71*71&#8243; alignment=&#8221;center&#8221; css=&#8221;&#8221;][vc_empty_space][vc_column_text css=&#8221;&#8221;]<\/p>\n<p style=\"text-align: center;\"><strong>Verhuur van koelkast<\/strong><\/p>\n<p>[\/vc_column_text][\/vc_column_inner][vc_column_inner width=&#8221;1\/5&#8243;][vc_single_image image=&#8221;1850&#8243; img_size=&#8221;71*71&#8243; alignment=&#8221;center&#8221; css=&#8221;&#8221;][vc_empty_space][vc_column_text css=&#8221;&#8221;]<\/p>\n<p style=\"text-align: center;\"><strong>Slechts 1 dier toegestaan<br \/>\n(ze moeten aangelijnd en gevaccineerd zijn)<\/strong><\/p>\n<p>[\/vc_column_text][\/vc_column_inner][vc_column_inner width=&#8221;1\/5&#8243;][vc_single_image image=&#8221;1675&#8243; img_size=&#8221;71*71&#8243; alignment=&#8221;center&#8221; css=&#8221;&#8221;][vc_empty_space][vc_column_text css=&#8221;&#8221;]<\/p>\n<p style=\"text-align: center;\"><strong>Voorkeurskosten<\/strong><\/p>\n<p>[\/vc_column_text][\/vc_column_inner][\/vc_row_inner]<div class=\"text-center btnwrap\"><a class=\"btn btn-huttopia-cta\" href=\"https:\/\/checkout.citykamp.com\/965\/nl\/\" role=\"button\" target=\"true\" onclick=\"dataLayer.push({'event':'clickCity', 'clickText':'Meer weten'})\">Meer weten<\/a><\/div><\/div>[\/vc_column][\/vc_row][vc_row css=&#8221;.vc_custom_1731920841440{margin-left: -0.5px !important;background-color: #f4f4f4 !important;}&#8221;][vc_column]<div class=\"wrappedcontent\">[vc_empty_space][vc_column_text css=&#8221;&#8221;]<\/p>\n<h2 style=\"text-align: center;\">HOE BEREIKT U CAMPING AIX-EN-PROVENCE?<\/h2>\n<p>[\/vc_column_text][vc_empty_space height=&#8221;42px&#8221;][vc_row_inner][vc_column_inner width=&#8221;1\/4&#8243;][vc_single_image image=&#8221;1512&#8243; img_size=&#8221;71*71&#8243; alignment=&#8221;center&#8221; css=&#8221;&#8221;][vc_empty_space][vc_column_text css=&#8221;&#8221;]<\/p>\n<p style=\"text-align: center;\"><strong>Met de trein:<\/strong>\u00a0SNCF-treinstation van Aix-en-Provence.<\/p>\n<p>[\/vc_column_text][\/vc_column_inner][vc_column_inner width=&#8221;1\/4&#8243;][vc_single_image image=&#8221;1516&#8243; img_size=&#8221;71*71&#8243; alignment=&#8221;center&#8221; css=&#8221;&#8221;][vc_empty_space][vc_column_text css=&#8221;&#8221;]<\/p>\n<p style=\"text-align: center;\"><strong>Met het vliegtuig:<\/strong>\u00a0Vliegveld Marseille Provence.<\/p>\n<p>[\/vc_column_text][\/vc_column_inner][vc_column_inner width=&#8221;1\/4&#8243;][vc_single_image image=&#8221;1508&#8243; img_size=&#8221;71*71&#8243; alignment=&#8221;center&#8221; css=&#8221;&#8221;][vc_empty_space][vc_column_text css=&#8221;&#8221;]<\/p>\n<p style=\"text-align: center;\"><strong>Met de auto:<\/strong>\u00a0Via de A8, afslag 31 richting AIX &#8211; Val-Saint-Andr\u00e9.<\/p>\n<p>[\/vc_column_text][\/vc_column_inner][vc_column_inner width=&#8221;1\/4&#8243;][vc_single_image image=&#8221;1504&#8243; img_size=&#8221;71*71&#8243; alignment=&#8221;center&#8221; css=&#8221;&#8221;][vc_empty_space][vc_column_text css=&#8221;&#8221;]<\/p>\n<p style=\"text-align: center;\"><strong>Met het openbaar vervoer vanaf het station van Aix-en-Provence:<\/strong><br \/>\nneem op halte Malherbe bus nummer 3 of 4 en stap uit bij halte Val-Saint-Andr\u00e9 (maar 15 minuten).<\/p>\n<p>[\/vc_column_text][\/vc_column_inner][\/vc_row_inner][vc_empty_space]<\/div>[\/vc_column][\/vc_row][vc_row css=&#8221;.vc_custom_1732015814139{margin-left: -0.5px !important;background-color: #E84E1B33 !important;}&#8221;][vc_column]<div class=\"wrappedcontent\">[vc_empty_space height=&#8221;50px&#8221;][vc_row_inner css=&#8221;.vc_custom_1732015817899{margin-left: -0.5px !important;}&#8221;][vc_column_inner width=&#8221;1\/3&#8243;][vc_single_image image=&#8221;1392&#8243; img_size=&#8221;71*71&#8243; alignment=&#8221;center&#8221; css=&#8221;&#8221;][vc_empty_space][vc_column_text css=&#8221;&#8221;]<\/p>\n<p style=\"text-align: center;\"><strong>ANNULERINGSVERZEKERING<\/strong><\/p>\n<p style=\"text-align: center;\">Annulerings- en verblijfsonderbrekingsverzekering<br \/>\n4,5% van het totaalbedrag van uw verblijf (exclusief reserveringskosten en toeristenbelasting).<\/p>\n<p>[\/vc_column_text][\/vc_column_inner][vc_column_inner width=&#8221;1\/3&#8243;][vc_single_image image=&#8221;1675&#8243; img_size=&#8221;71*71&#8243; alignment=&#8221;center&#8221; css=&#8221;&#8221;][vc_empty_space][vc_column_text css=&#8221;&#8221;]<\/p>\n<p style=\"text-align: center;\"><strong>RESERVERINGSKOSTEN<\/strong><\/p>\n<p style=\"text-align: center;\"><strong>Kampeerplaatsen<\/strong>: gratis van 01\/01 tot 30\/04 en van 01\/10 tot 31\/12, \u20ac23 buiten deze periodes.<br \/>\n<strong>In de verhuur<\/strong>: \u20ac23 het hele jaar door.<\/p>\n<p>[\/vc_column_text][\/vc_column_inner][vc_column_inner width=&#8221;1\/3&#8243;][vc_single_image image=&#8221;1655&#8243; img_size=&#8221;71*71&#8243; alignment=&#8221;center&#8221; css=&#8221;&#8221;][vc_empty_space][vc_column_text css=&#8221;&#8221;]<\/p>\n<p style=\"text-align: center;\"><strong>BIJKOMENDE TARIEVEN<br \/>\n<\/strong><span style=\"text-decoration: underline;\"><a href=\"https:\/\/media.huttopia.com\/tarifs-annexes-citykamp-nl.pdf\" target=\"_blank\" rel=\"noopener noreferrer\"><u>Raadpleeg de bijgevoegde tarievenlijst<\/u><\/a><\/span><\/p>\n<p>[\/vc_column_text][\/vc_column_inner][\/vc_row_inner][vc_empty_space height=&#8221;50px&#8221;]<\/div>[\/vc_column][\/vc_row]<\/p>\n<\/div>","protected":false},"excerpt":{"rendered":"<p>[vc_row css=&#8221;.vc_custom_1732016153854{margin-left: -0.5px !important;background-color: #E84E1B33 !important;}&#8221;][vc_column][\/vc_column][\/vc_row][vc_row css=&#8221;.vc_custom_1732015838851{margin-left: -0.5px !important;}&#8221;][vc_column][\/vc_column][\/vc_row][vc_row css=&#8221;.vc_custom_1732015822715{margin-left: -0.5px !important;}&#8221;][vc_column][\/vc_column][\/vc_row][vc_row css=&#8221;.vc_custom_1731920841440{margin-left: -0.5px !important;background-color: #f4f4f4 !important;}&#8221;][vc_column][\/vc_column][\/vc_row][vc_row css=&#8221;.vc_custom_1732015814139{margin-left: -0.5px !important;background-color: #E84E1B33 !important;}&#8221;][vc_column][\/vc_column][\/vc_row]<\/p>\n","protected":false},"author":4,"featured_media":0,"parent":0,"menu_order":0,"comment_status":"closed","ping_status":"closed","template":"","meta":{"footnotes":""},"class_list":["post-956","page","type-page","status-publish","hentry"],"yoast_head":"<!-- This site is optimized with the Yoast SEO plugin v25.6 - https:\/\/yoast.com\/wordpress\/plugins\/seo\/ -->\n<title>Mijn verblijf - Camping Aix-en-Provence<\/title>\n<meta name=\"description\" content=\"Vind alle informatie die je nodig hebt over prijzen, betaalmethoden en praktische details voor je verblijf op Camping Aix-en-Provence.\" \/>\n<meta name=\"robots\" content=\"index, follow, max-snippet:-1, max-image-preview:large, max-video-preview:-1\" \/>\n<link rel=\"canonical\" href=\"https:\/\/www.camping-aix-en-provence.com\/nl\/mijn-verblijf\/\" \/>\n<meta property=\"og:locale\" content=\"nl_NL\" \/>\n<meta property=\"og:type\" content=\"article\" \/>\n<meta property=\"og:title\" content=\"Mijn verblijf - Camping Aix-en-Provence\" \/>\n<meta property=\"og:description\" content=\"Vind alle informatie die je nodig hebt over prijzen, betaalmethoden en praktische details voor je verblijf op Camping Aix-en-Provence.\" \/>\n<meta property=\"og:url\" content=\"https:\/\/www.camping-aix-en-provence.com\/nl\/mijn-verblijf\/\" \/>\n<meta property=\"og:site_name\" content=\"Aix-en-Provence\" \/>\n<meta property=\"article:modified_time\" content=\"2026-04-01T07:50:47+00:00\" \/>\n<meta name=\"twitter:card\" content=\"summary_large_image\" \/>\n<meta name=\"twitter:label1\" content=\"Est. reading time\" \/>\n\t<meta name=\"twitter:data1\" content=\"6 minuten\" \/>\n<script type=\"application\/ld+json\" class=\"yoast-schema-graph\">{\"@context\":\"https:\/\/schema.org\",\"@graph\":[{\"@type\":\"WebPage\",\"@id\":\"https:\/\/www.camping-aix-en-provence.com\/nl\/mijn-verblijf\/\",\"url\":\"https:\/\/www.camping-aix-en-provence.com\/nl\/mijn-verblijf\/\",\"name\":\"Mijn verblijf - Camping Aix-en-Provence\",\"isPartOf\":{\"@id\":\"https:\/\/www.camping-aix-en-provence.com\/nl\/#website\"},\"datePublished\":\"2024-05-29T07:56:06+00:00\",\"dateModified\":\"2026-04-01T07:50:47+00:00\",\"description\":\"Vind alle informatie die je nodig hebt over prijzen, betaalmethoden en praktische details voor je verblijf op Camping Aix-en-Provence.\",\"breadcrumb\":{\"@id\":\"https:\/\/www.camping-aix-en-provence.com\/nl\/mijn-verblijf\/#breadcrumb\"},\"inLanguage\":\"nl\",\"potentialAction\":[{\"@type\":\"ReadAction\",\"target\":[\"https:\/\/www.camping-aix-en-provence.com\/nl\/mijn-verblijf\/\"]}]},{\"@type\":\"BreadcrumbList\",\"@id\":\"https:\/\/www.camping-aix-en-provence.com\/nl\/mijn-verblijf\/#breadcrumb\",\"itemListElement\":[{\"@type\":\"ListItem\",\"position\":1,\"name\":\"Home\",\"item\":\"https:\/\/www.camping-aix-en-provence.com\/nl\/\"},{\"@type\":\"ListItem\",\"position\":2,\"name\":\"Mijn verblijf\"}]},{\"@type\":\"WebSite\",\"@id\":\"https:\/\/www.camping-aix-en-provence.com\/nl\/#website\",\"url\":\"https:\/\/www.camping-aix-en-provence.com\/nl\/\",\"name\":\"Aix-en-Provence\",\"description\":\"\",\"potentialAction\":[{\"@type\":\"SearchAction\",\"target\":{\"@type\":\"EntryPoint\",\"urlTemplate\":\"https:\/\/www.camping-aix-en-provence.com\/nl\/?s={search_term_string}\"},\"query-input\":{\"@type\":\"PropertyValueSpecification\",\"valueRequired\":true,\"valueName\":\"search_term_string\"}}],\"inLanguage\":\"nl\"}]}<\/script>\n<!-- \/ Yoast SEO plugin. -->","yoast_head_json":{"title":"Mijn verblijf - Camping Aix-en-Provence","description":"Vind alle informatie die je nodig hebt over prijzen, betaalmethoden en praktische details voor je verblijf op Camping Aix-en-Provence.","robots":{"index":"index","follow":"follow","max-snippet":"max-snippet:-1","max-image-preview":"max-image-preview:large","max-video-preview":"max-video-preview:-1"},"canonical":"https:\/\/www.camping-aix-en-provence.com\/nl\/mijn-verblijf\/","og_locale":"nl_NL","og_type":"article","og_title":"Mijn verblijf - Camping Aix-en-Provence","og_description":"Vind alle informatie die je nodig hebt over prijzen, betaalmethoden en praktische details voor je verblijf op Camping Aix-en-Provence.","og_url":"https:\/\/www.camping-aix-en-provence.com\/nl\/mijn-verblijf\/","og_site_name":"Aix-en-Provence","article_modified_time":"2026-04-01T07:50:47+00:00","twitter_card":"summary_large_image","twitter_misc":{"Est. reading time":"6 minuten"},"schema":{"@context":"https:\/\/schema.org","@graph":[{"@type":"WebPage","@id":"https:\/\/www.camping-aix-en-provence.com\/nl\/mijn-verblijf\/","url":"https:\/\/www.camping-aix-en-provence.com\/nl\/mijn-verblijf\/","name":"Mijn verblijf - Camping Aix-en-Provence","isPartOf":{"@id":"https:\/\/www.camping-aix-en-provence.com\/nl\/#website"},"datePublished":"2024-05-29T07:56:06+00:00","dateModified":"2026-04-01T07:50:47+00:00","description":"Vind alle informatie die je nodig hebt over prijzen, betaalmethoden en praktische details voor je verblijf op Camping Aix-en-Provence.","breadcrumb":{"@id":"https:\/\/www.camping-aix-en-provence.com\/nl\/mijn-verblijf\/#breadcrumb"},"inLanguage":"nl","potentialAction":[{"@type":"ReadAction","target":["https:\/\/www.camping-aix-en-provence.com\/nl\/mijn-verblijf\/"]}]},{"@type":"BreadcrumbList","@id":"https:\/\/www.camping-aix-en-provence.com\/nl\/mijn-verblijf\/#breadcrumb","itemListElement":[{"@type":"ListItem","position":1,"name":"Home","item":"https:\/\/www.camping-aix-en-provence.com\/nl\/"},{"@type":"ListItem","position":2,"name":"Mijn verblijf"}]},{"@type":"WebSite","@id":"https:\/\/www.camping-aix-en-provence.com\/nl\/#website","url":"https:\/\/www.camping-aix-en-provence.com\/nl\/","name":"Aix-en-Provence","description":"","potentialAction":[{"@type":"SearchAction","target":{"@type":"EntryPoint","urlTemplate":"https:\/\/www.camping-aix-en-provence.com\/nl\/?s={search_term_string}"},"query-input":{"@type":"PropertyValueSpecification","valueRequired":true,"valueName":"search_term_string"}}],"inLanguage":"nl"}]}},"_links":{"self":[{"href":"https:\/\/www.camping-aix-en-provence.com\/nl\/wp-json\/wp\/v2\/pages\/956","targetHints":{"allow":["GET"]}}],"collection":[{"href":"https:\/\/www.camping-aix-en-provence.com\/nl\/wp-json\/wp\/v2\/pages"}],"about":[{"href":"https:\/\/www.camping-aix-en-provence.com\/nl\/wp-json\/wp\/v2\/types\/page"}],"author":[{"embeddable":true,"href":"https:\/\/www.camping-aix-en-provence.com\/nl\/wp-json\/wp\/v2\/users\/4"}],"replies":[{"embeddable":true,"href":"https:\/\/www.camping-aix-en-provence.com\/nl\/wp-json\/wp\/v2\/comments?post=956"}],"version-history":[{"count":5,"href":"https:\/\/www.camping-aix-en-provence.com\/nl\/wp-json\/wp\/v2\/pages\/956\/revisions"}],"predecessor-version":[{"id":5527,"href":"https:\/\/www.camping-aix-en-provence.com\/nl\/wp-json\/wp\/v2\/pages\/956\/revisions\/5527"}],"wp:attachment":[{"href":"https:\/\/www.camping-aix-en-provence.com\/nl\/wp-json\/wp\/v2\/media?parent=956"}],"curies":[{"name":"wp","href":"https:\/\/api.w.org\/{rel}","templated":true}]}}